{"id":1037,"date":"2022-12-03T10:50:16","date_gmt":"2022-12-03T09:50:16","guid":{"rendered":"http:\/\/ngb-fr.org\/?page_id=1037"},"modified":"2023-11-23T12:27:23","modified_gmt":"2023-11-23T11:27:23","slug":"biotech-day-2022","status":"publish","type":"page","link":"https:\/\/ngb-fr.org\/index.php\/biotech-dayyy\/biotech-day-2022\/","title":{"rendered":"BIOTECH DAY 2022"},"content":{"rendered":"<h1>BIOTECH DAY 2022<\/h1>\n<p>Cette ann\u00e9e, le Biotech Day a lieu le jeudi 8 d\u00e9cembre 2022, \u00e0 l&rsquo;ESBS. Cet \u00e9v\u00e8nement annuel r\u00e9unit de nombreux intervenants et entreprises li\u00e9s au domaine des biotechnologies.<\/p>\n<h3>Comment s&rsquo;organise la journ\u00e9e?<\/h3>\n<p>De nombreuses conf\u00e9rences sont propos\u00e9es tout au long de la journ\u00e9e:<\/p>\n<ul>\n<li>des sessions parall\u00e8les (le matin et l&rsquo;apr\u00e8s-midi) au cours desquelles les professionnels pr\u00e9sentent et d\u00e9battent sur des sujets complexes, li\u00e9s \u00e0 l&rsquo;actualit\u00e9 scientifiques. Le but de ces sessions est de permettre de confronter les points de vue et de d\u00e9velopper son esprit critique.<\/li>\n<\/ul>\n<ul>\n<li>des sessions pl\u00e9ni\u00e8res (une le matin et deux l&rsquo;apr\u00e8s-midi), chacune assur\u00e9e par un intervenant sp\u00e9cialis\u00e9 dans le sujet abord\u00e9. Pendant 30 min, un professionnel vient pr\u00e9senter et discuter d&rsquo;un sujet sp\u00e9cifique en lien avec son travail actuel ou pass\u00e9, son \u00e9volution de carri\u00e8re ou encore l&rsquo;entreprise dans laquelle il travaille.<\/li>\n<\/ul>\n<p>Pour plus de d\u00e9tails sur le d\u00e9roulement de la journ\u00e9e, <a href=\"http:\/\/ngb-fr.org\/wp-content\/uploads\/2022\/12\/Programme-Biotech-Day.pdf\">cliquez ici<\/a>.<\/p>\n<p>&nbsp;<\/p>\n<h3>Des moments d&rsquo;\u00e9change et de convivialit\u00e9 avec les professionnels<\/h3>\n<p>Pour ce Biotech Day, notre \u00e9quipe Biotech Corner a souhait\u00e9 mettre en avant la diversit\u00e9 des biotechnologies et a donc invit\u00e9 des sp\u00e9cialistes d&rsquo;horizons vari\u00e9s afin que tout le monde puisse profiter de la journ\u00e9e. En effet, le but principal de la journ\u00e9e est d&rsquo;\u00e9changer et de d\u00e9couvrir. Pour cela, un temps de questions-r\u00e9ponses est assur\u00e9 pour chaque conf\u00e9rence. Et si ce n&rsquo;est pas assez, pas de panique, les intervenants sont pr\u00e9sents tout au long de la journ\u00e9e, vous pourrez donc les retrouver lors des diff\u00e9rentes pauses et en particulier lors du buffet du midi !<\/p>\n<p>Pour avoir un aper\u00e7u des diff\u00e9rents intervenants, <a href=\"http:\/\/ngb-fr.org\/wp-content\/uploads\/2022\/12\/descriptif-conferences-et-intervenant-Biotech-Day.pdf\">cliquez ici<\/a>.<\/p>\n<p>&nbsp;<\/p>\n<h3>De nombreuses entreprises<\/h3>\n<p>Cet \u00e9v\u00e8nement est \u00e9galement l&rsquo;occasion pour les \u00e9tudiants de d\u00e9velopper leur r\u00e9seau professionnel. Plusieurs entreprises seront pr\u00e9sentes dans le hall de l&rsquo;\u00e9cole et tiendront des stands. Alors, si vous \u00eates \u00e0 la recherche d&rsquo;un stage ou tout simplement curieux, n&rsquo;h\u00e9sitez pas \u00e0 discuter !<\/p>\n<p>&nbsp;<\/p>\n<p>Pour plus d&rsquo;informations, vous pouvez nous contacter via nos diff\u00e9rents r\u00e9seaux (<a href=\"https:\/\/www.linkedin.com\/company\/nouvelle-g%C3%A9n%C3%A9ration-des-biotechnologistes\/\">LinkedIn<\/a>, <a href=\"https:\/\/www.instagram.com\/ngb_fr\/\">Instagram<\/a>, <a href=\"https:\/\/www.facebook.com\/biotechnologistes\/\">Facebook<\/a>) ou directement par mail (asso.ngb@gmail.com)<\/p>\n<p><img loading=\"lazy\" decoding=\"async\" class=\"aligncenter wp-image-1045 size-full\" src=\"http:\/\/ngb-fr.org\/wp-content\/uploads\/2022\/12\/Biotech-Day-affiche-generale.png\" alt=\"\" width=\"626\" height=\"876\" srcset=\"https:\/\/ngb-fr.org\/wp-content\/uploads\/2022\/12\/Biotech-Day-affiche-generale.png 626w, https:\/\/ngb-fr.org\/wp-content\/uploads\/2022\/12\/Biotech-Day-affiche-generale-214x300.png 214w\" sizes=\"auto, (max-width: 626px) 100vw, 626px\" \/><\/p>\n","protected":false},"excerpt":{"rendered":"<p>BIOTECH DAY 2022 Cette ann\u00e9e, le Biotech Day a lieu le jeudi 8 d\u00e9cembre 2022, \u00e0 l&rsquo;ESBS. Cet \u00e9v\u00e8nement annuel r\u00e9unit de nombreux intervenants et entreprises li\u00e9s au domaine des biotechnologies. Comment s&rsquo;organise la journ\u00e9e? De nombreuses conf\u00e9rences sont propos\u00e9es tout au long de la journ\u00e9e: des sessions parall\u00e8les (le matin et l&rsquo;apr\u00e8s-midi) au cours&nbsp;&hellip;<\/p>\n","protected":false},"author":2,"featured_media":0,"parent":766,"menu_order":1,"comment_status":"closed","ping_status":"closed","template":"","meta":{"footnotes":""},"class_list":["post-1037","page","type-page","status-publish","hentry"],"yoast_head":"<!-- This site is optimized with the Yoast SEO plugin v27.4 - https:\/\/yoast.com\/product\/yoast-seo-wordpress\/ -->\n<title>BIOTECH DAY 2022 - Nouvelle G\u00e9n\u00e9ration des Biotechnologistes<\/title>\n<meta name=\"robots\" content=\"index, follow, max-snippet:-1, max-image-preview:large, max-video-preview:-1\" \/>\n<link rel=\"canonical\" href=\"https:\/\/ngb-fr.org\/index.php\/fr\/biotech-dayyy\/biotech-day-2022\/\" \/>\n<meta property=\"og:locale\" content=\"fr_FR\" \/>\n<meta property=\"og:type\" content=\"article\" \/>\n<meta property=\"og:title\" content=\"BIOTECH DAY 2022 - Nouvelle G\u00e9n\u00e9ration des Biotechnologistes\" \/>\n<meta property=\"og:description\" content=\"BIOTECH DAY 2022 Cette ann\u00e9e, le Biotech Day a lieu le jeudi 8 d\u00e9cembre 2022, \u00e0 l&rsquo;ESBS. Cet \u00e9v\u00e8nement annuel r\u00e9unit de nombreux intervenants et entreprises li\u00e9s au domaine des biotechnologies. Comment s&rsquo;organise la journ\u00e9e? De nombreuses conf\u00e9rences sont propos\u00e9es tout au long de la journ\u00e9e: des sessions parall\u00e8les (le matin et l&rsquo;apr\u00e8s-midi) au cours&nbsp;&hellip;\" \/>\n<meta property=\"og:url\" content=\"https:\/\/ngb-fr.org\/index.php\/fr\/biotech-dayyy\/biotech-day-2022\/\" \/>\n<meta property=\"og:site_name\" content=\"Nouvelle G\u00e9n\u00e9ration des Biotechnologistes\" \/>\n<meta property=\"article:modified_time\" content=\"2023-11-23T11:27:23+00:00\" \/>\n<meta property=\"og:image\" content=\"http:\/\/ngb-fr.org\/wp-content\/uploads\/2022\/12\/Biotech-Day-affiche-generale.png\" \/>\n<meta name=\"twitter:card\" content=\"summary_large_image\" \/>\n<meta name=\"twitter:label1\" content=\"Dur\u00e9e de lecture estim\u00e9e\" \/>\n\t<meta name=\"twitter:data1\" content=\"2 minutes\" \/>\n<script type=\"application\/ld+json\" class=\"yoast-schema-graph\">{\"@context\":\"https:\\\/\\\/schema.org\",\"@graph\":[{\"@type\":\"WebPage\",\"@id\":\"https:\\\/\\\/ngb-fr.org\\\/index.php\\\/fr\\\/biotech-dayyy\\\/biotech-day-2022\\\/\",\"url\":\"https:\\\/\\\/ngb-fr.org\\\/index.php\\\/fr\\\/biotech-dayyy\\\/biotech-day-2022\\\/\",\"name\":\"BIOTECH DAY 2022 - Nouvelle G\u00e9n\u00e9ration des Biotechnologistes\",\"isPartOf\":{\"@id\":\"https:\\\/\\\/ngb-fr.org\\\/index.php\\\/fr\\\/materialis\\\/#website\"},\"primaryImageOfPage\":{\"@id\":\"https:\\\/\\\/ngb-fr.org\\\/index.php\\\/fr\\\/biotech-dayyy\\\/biotech-day-2022\\\/#primaryimage\"},\"image\":{\"@id\":\"https:\\\/\\\/ngb-fr.org\\\/index.php\\\/fr\\\/biotech-dayyy\\\/biotech-day-2022\\\/#primaryimage\"},\"thumbnailUrl\":\"http:\\\/\\\/ngb-fr.org\\\/wp-content\\\/uploads\\\/2022\\\/12\\\/Biotech-Day-affiche-generale.png\",\"datePublished\":\"2022-12-03T09:50:16+00:00\",\"dateModified\":\"2023-11-23T11:27:23+00:00\",\"breadcrumb\":{\"@id\":\"https:\\\/\\\/ngb-fr.org\\\/index.php\\\/fr\\\/biotech-dayyy\\\/biotech-day-2022\\\/#breadcrumb\"},\"inLanguage\":\"fr-FR\",\"potentialAction\":[{\"@type\":\"ReadAction\",\"target\":[\"https:\\\/\\\/ngb-fr.org\\\/index.php\\\/fr\\\/biotech-dayyy\\\/biotech-day-2022\\\/\"]}]},{\"@type\":\"ImageObject\",\"inLanguage\":\"fr-FR\",\"@id\":\"https:\\\/\\\/ngb-fr.org\\\/index.php\\\/fr\\\/biotech-dayyy\\\/biotech-day-2022\\\/#primaryimage\",\"url\":\"https:\\\/\\\/ngb-fr.org\\\/wp-content\\\/uploads\\\/2022\\\/12\\\/Biotech-Day-affiche-generale.png\",\"contentUrl\":\"https:\\\/\\\/ngb-fr.org\\\/wp-content\\\/uploads\\\/2022\\\/12\\\/Biotech-Day-affiche-generale.png\",\"width\":626,\"height\":876},{\"@type\":\"BreadcrumbList\",\"@id\":\"https:\\\/\\\/ngb-fr.org\\\/index.php\\\/fr\\\/biotech-dayyy\\\/biotech-day-2022\\\/#breadcrumb\",\"itemListElement\":[{\"@type\":\"ListItem\",\"position\":1,\"name\":\"Accueil\",\"item\":\"https:\\\/\\\/ngb-fr.org\\\/\"},{\"@type\":\"ListItem\",\"position\":2,\"name\":\"Biotech Day\",\"item\":\"https:\\\/\\\/ngb-fr.org\\\/index.php\\\/fr\\\/biotech-dayyy\\\/\"},{\"@type\":\"ListItem\",\"position\":3,\"name\":\"BIOTECH DAY 2022\"}]},{\"@type\":\"WebSite\",\"@id\":\"https:\\\/\\\/ngb-fr.org\\\/index.php\\\/fr\\\/materialis\\\/#website\",\"url\":\"https:\\\/\\\/ngb-fr.org\\\/index.php\\\/fr\\\/materialis\\\/\",\"name\":\"Nouvelle G\u00e9n\u00e9ration des Biotechnologistes\",\"description\":\"\",\"publisher\":{\"@id\":\"https:\\\/\\\/ngb-fr.org\\\/index.php\\\/fr\\\/materialis\\\/#organization\"},\"potentialAction\":[{\"@type\":\"SearchAction\",\"target\":{\"@type\":\"EntryPoint\",\"urlTemplate\":\"https:\\\/\\\/ngb-fr.org\\\/index.php\\\/fr\\\/materialis\\\/?s={search_term_string}\"},\"query-input\":{\"@type\":\"PropertyValueSpecification\",\"valueRequired\":true,\"valueName\":\"search_term_string\"}}],\"inLanguage\":\"fr-FR\"},{\"@type\":\"Organization\",\"@id\":\"https:\\\/\\\/ngb-fr.org\\\/index.php\\\/fr\\\/materialis\\\/#organization\",\"name\":\"Nouvelle G\u00e9n\u00e9ration des Biotechnologistes\",\"url\":\"https:\\\/\\\/ngb-fr.org\\\/index.php\\\/fr\\\/materialis\\\/\",\"logo\":{\"@type\":\"ImageObject\",\"inLanguage\":\"fr-FR\",\"@id\":\"https:\\\/\\\/ngb-fr.org\\\/index.php\\\/fr\\\/materialis\\\/#\\\/schema\\\/logo\\\/image\\\/\",\"url\":\"https:\\\/\\\/ngb-fr.org\\\/wp-content\\\/uploads\\\/2019\\\/02\\\/cropped-1.png\",\"contentUrl\":\"https:\\\/\\\/ngb-fr.org\\\/wp-content\\\/uploads\\\/2019\\\/02\\\/cropped-1.png\",\"width\":1880,\"height\":1826,\"caption\":\"Nouvelle G\u00e9n\u00e9ration des Biotechnologistes\"},\"image\":{\"@id\":\"https:\\\/\\\/ngb-fr.org\\\/index.php\\\/fr\\\/materialis\\\/#\\\/schema\\\/logo\\\/image\\\/\"}}]}<\/script>\n<!-- \/ Yoast SEO plugin. -->","yoast_head_json":{"title":"BIOTECH DAY 2022 - Nouvelle G\u00e9n\u00e9ration des Biotechnologistes","robots":{"index":"index","follow":"follow","max-snippet":"max-snippet:-1","max-image-preview":"max-image-preview:large","max-video-preview":"max-video-preview:-1"},"canonical":"https:\/\/ngb-fr.org\/index.php\/fr\/biotech-dayyy\/biotech-day-2022\/","og_locale":"fr_FR","og_type":"article","og_title":"BIOTECH DAY 2022 - Nouvelle G\u00e9n\u00e9ration des Biotechnologistes","og_description":"BIOTECH DAY 2022 Cette ann\u00e9e, le Biotech Day a lieu le jeudi 8 d\u00e9cembre 2022, \u00e0 l&rsquo;ESBS. Cet \u00e9v\u00e8nement annuel r\u00e9unit de nombreux intervenants et entreprises li\u00e9s au domaine des biotechnologies. Comment s&rsquo;organise la journ\u00e9e? De nombreuses conf\u00e9rences sont propos\u00e9es tout au long de la journ\u00e9e: des sessions parall\u00e8les (le matin et l&rsquo;apr\u00e8s-midi) au cours&nbsp;&hellip;","og_url":"https:\/\/ngb-fr.org\/index.php\/fr\/biotech-dayyy\/biotech-day-2022\/","og_site_name":"Nouvelle G\u00e9n\u00e9ration des Biotechnologistes","article_modified_time":"2023-11-23T11:27:23+00:00","og_image":[{"url":"http:\/\/ngb-fr.org\/wp-content\/uploads\/2022\/12\/Biotech-Day-affiche-generale.png","type":"","width":"","height":""}],"twitter_card":"summary_large_image","twitter_misc":{"Dur\u00e9e de lecture estim\u00e9e":"2 minutes"},"schema":{"@context":"https:\/\/schema.org","@graph":[{"@type":"WebPage","@id":"https:\/\/ngb-fr.org\/index.php\/fr\/biotech-dayyy\/biotech-day-2022\/","url":"https:\/\/ngb-fr.org\/index.php\/fr\/biotech-dayyy\/biotech-day-2022\/","name":"BIOTECH DAY 2022 - Nouvelle G\u00e9n\u00e9ration des Biotechnologistes","isPartOf":{"@id":"https:\/\/ngb-fr.org\/index.php\/fr\/materialis\/#website"},"primaryImageOfPage":{"@id":"https:\/\/ngb-fr.org\/index.php\/fr\/biotech-dayyy\/biotech-day-2022\/#primaryimage"},"image":{"@id":"https:\/\/ngb-fr.org\/index.php\/fr\/biotech-dayyy\/biotech-day-2022\/#primaryimage"},"thumbnailUrl":"http:\/\/ngb-fr.org\/wp-content\/uploads\/2022\/12\/Biotech-Day-affiche-generale.png","datePublished":"2022-12-03T09:50:16+00:00","dateModified":"2023-11-23T11:27:23+00:00","breadcrumb":{"@id":"https:\/\/ngb-fr.org\/index.php\/fr\/biotech-dayyy\/biotech-day-2022\/#breadcrumb"},"inLanguage":"fr-FR","potentialAction":[{"@type":"ReadAction","target":["https:\/\/ngb-fr.org\/index.php\/fr\/biotech-dayyy\/biotech-day-2022\/"]}]},{"@type":"ImageObject","inLanguage":"fr-FR","@id":"https:\/\/ngb-fr.org\/index.php\/fr\/biotech-dayyy\/biotech-day-2022\/#primaryimage","url":"https:\/\/ngb-fr.org\/wp-content\/uploads\/2022\/12\/Biotech-Day-affiche-generale.png","contentUrl":"https:\/\/ngb-fr.org\/wp-content\/uploads\/2022\/12\/Biotech-Day-affiche-generale.png","width":626,"height":876},{"@type":"BreadcrumbList","@id":"https:\/\/ngb-fr.org\/index.php\/fr\/biotech-dayyy\/biotech-day-2022\/#breadcrumb","itemListElement":[{"@type":"ListItem","position":1,"name":"Accueil","item":"https:\/\/ngb-fr.org\/"},{"@type":"ListItem","position":2,"name":"Biotech Day","item":"https:\/\/ngb-fr.org\/index.php\/fr\/biotech-dayyy\/"},{"@type":"ListItem","position":3,"name":"BIOTECH DAY 2022"}]},{"@type":"WebSite","@id":"https:\/\/ngb-fr.org\/index.php\/fr\/materialis\/#website","url":"https:\/\/ngb-fr.org\/index.php\/fr\/materialis\/","name":"Nouvelle G\u00e9n\u00e9ration des Biotechnologistes","description":"","publisher":{"@id":"https:\/\/ngb-fr.org\/index.php\/fr\/materialis\/#organization"},"potentialAction":[{"@type":"SearchAction","target":{"@type":"EntryPoint","urlTemplate":"https:\/\/ngb-fr.org\/index.php\/fr\/materialis\/?s={search_term_string}"},"query-input":{"@type":"PropertyValueSpecification","valueRequired":true,"valueName":"search_term_string"}}],"inLanguage":"fr-FR"},{"@type":"Organization","@id":"https:\/\/ngb-fr.org\/index.php\/fr\/materialis\/#organization","name":"Nouvelle G\u00e9n\u00e9ration des Biotechnologistes","url":"https:\/\/ngb-fr.org\/index.php\/fr\/materialis\/","logo":{"@type":"ImageObject","inLanguage":"fr-FR","@id":"https:\/\/ngb-fr.org\/index.php\/fr\/materialis\/#\/schema\/logo\/image\/","url":"https:\/\/ngb-fr.org\/wp-content\/uploads\/2019\/02\/cropped-1.png","contentUrl":"https:\/\/ngb-fr.org\/wp-content\/uploads\/2019\/02\/cropped-1.png","width":1880,"height":1826,"caption":"Nouvelle G\u00e9n\u00e9ration des Biotechnologistes"},"image":{"@id":"https:\/\/ngb-fr.org\/index.php\/fr\/materialis\/#\/schema\/logo\/image\/"}}]}},"jetpack_sharing_enabled":true,"_links":{"self":[{"href":"https:\/\/ngb-fr.org\/index.php\/wp-json\/wp\/v2\/pages\/1037","targetHints":{"allow":["GET"]}}],"collection":[{"href":"https:\/\/ngb-fr.org\/index.php\/wp-json\/wp\/v2\/pages"}],"about":[{"href":"https:\/\/ngb-fr.org\/index.php\/wp-json\/wp\/v2\/types\/page"}],"author":[{"embeddable":true,"href":"https:\/\/ngb-fr.org\/index.php\/wp-json\/wp\/v2\/users\/2"}],"replies":[{"embeddable":true,"href":"https:\/\/ngb-fr.org\/index.php\/wp-json\/wp\/v2\/comments?post=1037"}],"version-history":[{"count":5,"href":"https:\/\/ngb-fr.org\/index.php\/wp-json\/wp\/v2\/pages\/1037\/revisions"}],"predecessor-version":[{"id":1048,"href":"https:\/\/ngb-fr.org\/index.php\/wp-json\/wp\/v2\/pages\/1037\/revisions\/1048"}],"up":[{"embeddable":true,"href":"https:\/\/ngb-fr.org\/index.php\/wp-json\/wp\/v2\/pages\/766"}],"wp:attachment":[{"href":"https:\/\/ngb-fr.org\/index.php\/wp-json\/wp\/v2\/media?parent=1037"}],"curies":[{"name":"wp","href":"https:\/\/api.w.org\/{rel}","templated":true}]}}