{"id":1054,"date":"2023-11-23T13:39:03","date_gmt":"2023-11-23T12:39:03","guid":{"rendered":"http:\/\/ngb-fr.org\/?page_id=1054"},"modified":"2023-12-15T14:22:45","modified_gmt":"2023-12-15T13:22:45","slug":"biotechday-2023","status":"publish","type":"page","link":"https:\/\/ngb-fr.org\/index.php\/biotech-dayyy\/biotechday-2023\/","title":{"rendered":"BIOTECHDAY 2023"},"content":{"rendered":"<p>Bienvenue sur la page web principale du BiotechDay 2023 qui a lieu le <strong>jeudi 14 d\u00e9cembre 2023 \u00e0 l&rsquo;ESBS<\/strong>!<\/p>\n<p>Sur cette page vous pouvez trouver toutes les informations concernant le d\u00e9roulement de la journ\u00e9e, les intervenants qui participent, les entreprises pr\u00e9sentes, les photos post \u00e9v\u00e8nement mais aussi la pause du midi et la fameuse tombola de fin de journ\u00e9e.<\/p>\n<p>Alors n&rsquo;h\u00e9sitez pas \u00e0 <strong>suivre les liens<\/strong> pour d\u00e9couvrir tous les d\u00e9tails de cette journ\u00e9e et \u00e0 nous <strong>rejoindre sur place le jour J<\/strong>, on vous attend nombreux!<\/p>\n<p><em>L&rsquo;inscription pour le repas se fait <a href=\"https:\/\/docs.google.com\/spreadsheets\/d\/1YiYgxKLcbjv4JazHkW0Qs5GOCXs2yEqVhY98N-SAPHk\/edit?usp=sharing\">ici<\/a>. Pour les personnes ext\u00e9rieures (c&rsquo;est-\u00e0-dire qui ne sont pas \u00e9tudiants \u00e0 l&rsquo;ESBS, qui ne font pas partie de l&rsquo;\u00e9quipe administrative ou enseignante de l&rsquo;ESBS, qui ne sont pas des intervenants pour l&rsquo;\u00e9v\u00e8nement) le repas est payant: vous pouvez payer via le <a href=\"https:\/\/www.helloasso.com\/associations\/nouvelle-generation-des-biotechnologistes\/evenements\/repas-biotech-day-2023\">lien HelloAsso<\/a>.\u00a0<\/em><\/p>\n<h3>Qu&rsquo;est ce que le BiotechDay?<\/h3>\n<p>Le Biotech Day est un\u00a0<strong>forum annuel<\/strong> <strong>gratuit<\/strong> que notre association organise en collaboration avec l\u2019ESBS. Le but est de <strong>r\u00e9unir des entreprises<\/strong> venant de toute la France et des pays alentours au sein de l\u2019\u00e9cole, \u00e0 Illkirch-Graffenstaden. Ce forum permet d\u2019aider \u00e0 <strong>l\u2019insertion professionnelle\u00a0des \u00e9l\u00e8ves<\/strong>, \u00e0 la\u00a0<strong>recherche de stage<\/strong>, et \u00e0 la <strong>cr\u00e9ation d\u2019un\u00a0r\u00e9seau de contacts<\/strong>. Les entreprises ont la possibilit\u00e9 de\u00a0se faire conna\u00eetre, et les visiteurs peuvent d\u00e9couvrir des nouveaux domaines de travail dans diff\u00e9rents secteur d\u2019activit\u00e9s. Les \u00e9changes entre \u00e9tudiants et professionnels sont favoris\u00e9s par la pr\u00e9sence de <strong>moments de networking<\/strong> notamment lors des pauses caf\u00e9s, de la pause du midi ou encore de workshops, mais aussi par l&rsquo;organisation de conf\u00e9rences tout au long de la journ\u00e9e.<\/p>\n<h3>Comment s&rsquo;organise la journ\u00e9e ?<\/h3>\n<p>De nombreuses conf\u00e9rences, sur des sujets vari\u00e9s, sont propos\u00e9es tout au long de la journ\u00e9e:<\/p>\n<ul>\n<li>des <strong>sessions parall\u00e8les<\/strong> au cours desquelles les professionnels pr\u00e9sentent et d\u00e9battent sur des sujets complexes, li\u00e9s \u00e0 l\u2019actualit\u00e9 scientifiques. Le but de ces sessions est de permettre de confronter les points de vue et de d\u00e9velopper son esprit critique.<\/li>\n<\/ul>\n<ul>\n<li>des <strong>sessions pl\u00e9ni\u00e8res<\/strong>, chacune assur\u00e9e par un intervenant sp\u00e9cialis\u00e9 dans le sujet abord\u00e9. Pendant 30 min, un professionnel vient pr\u00e9senter et discuter d\u2019un sujet sp\u00e9cifique en lien avec son travail actuel ou pass\u00e9, son \u00e9volution de carri\u00e8re ou encore l\u2019entreprise dans laquelle il travaille.<\/li>\n<\/ul>\n<p>Pour favoriser les \u00e9changes et l&rsquo;int\u00e9gration professionnelle, les \u00e9tudiants sont invit\u00e9s \u00e0 prendre \u00e0 part \u00e0 des <strong>workshops<\/strong> assur\u00e9s par des professionnels.<\/p>\n<p>Et enfin, pour terminer cette journ\u00e9e riche en d\u00e9couvertes, vous pouvez participer \u00e0 la <a href=\"http:\/\/ngb-fr.org\/index.php\/fr\/biotech-dayyy\/biotechday-2023\/la-tombola-du-biotechday\/\"><strong>tombola du BiotechDay<\/strong><\/a>!<\/p>\n<p><em>Pour plus de d\u00e9tails sur les conf\u00e9rences de la journ\u00e9e, <a href=\"http:\/\/ngb-fr.org\/index.php\/fr\/biotech-dayyy\/biotechday-2023\/focus-sur-les-themes-des-conferences\/\">cliquez ici<\/a>.<\/em><\/p>\n<p><em>Si vous souhaitez en savoir plus sur les workshops propos\u00e9s, suivez le <a href=\"http:\/\/ngb-fr.org\/index.php\/fr\/biotech-dayyy\/biotechday-2023\/focus-sur-les-workshops\/\">lien<\/a>.<\/em><\/p>\n<p><em>Vous pouvez t\u00e9l\u00e9charger le programme de la journ\u00e9e <a href=\"http:\/\/ngb-fr.org\/wp-content\/uploads\/2023\/12\/programme-BTD23-pdf.pdf\">ici<\/a>.<\/em><\/p>\n<h3>Des moments d\u2019\u00e9change et de convivialit\u00e9 avec les professionnels<\/h3>\n<p>Pour ce BiotechDay, notre \u00e9quipe Biotech Corner a souhait\u00e9 mettre en avant la <strong>diversit\u00e9 des biotechnologies<\/strong> et a donc invit\u00e9 des sp\u00e9cialistes d\u2019horizons vari\u00e9s afin que tout le monde puisse profiter de la journ\u00e9e. En effet, le but principal est d\u2019\u00e9changer et de d\u00e9couvrir. Pour cela, un temps de <strong>questions-r\u00e9ponses<\/strong> est assur\u00e9 pour chaque conf\u00e9rence. Et si ce n\u2019est pas assez, pas de panique, les intervenants sont pr\u00e9sents tout au long de la journ\u00e9e, vous pourrez donc les retrouver lors des diff\u00e9rentes pauses caf\u00e9 et en particulier lors du repas du midi !<\/p>\n<h3>De nombreuses entreprises<\/h3>\n<p>Cet \u00e9v\u00e8nement est \u00e9galement l\u2019occasion pour les \u00e9tudiants de <strong>d\u00e9velopper leur r\u00e9seau professionnel<\/strong>. Plusieurs entreprises seront pr\u00e9sentes dans le hall de l\u2019\u00e9cole et tiendront des stands. Alors, si vous \u00eates \u00e0 la recherche d\u2019un stage ou tout simplement curieux, n\u2019h\u00e9sitez pas \u00e0 discuter !<\/p>\n<p><em>Pour d\u00e9couvrir nos entreprises sponsors, <a href=\"http:\/\/ngb-fr.org\/index.php\/fr\/biotech-dayyy\/biotechday-2023\/focus-sur-les-sponsors\/\">cliquez ici<\/a>.<\/em><\/p>\n<h3>Et apr\u00e8s?<\/h3>\n<p>Le <strong>photos et vid\u00e9os<\/strong> de l&rsquo;\u00e9v\u00e8nement seront disponibles<em> <a href=\"http:\/\/ngb-fr.org\/index.php\/fr\/biotech-dayyy\/biotechday-2023\/retour-sur-levenement\/\">ici<\/a><\/em>, le lundi suivant l&rsquo;\u00e9v\u00e8nement.<\/p>\n<p>Si vous avez des retours, des commentaires, des critiques \u00e0 faire sur l&rsquo;\u00e9v\u00e8nement n&rsquo;h\u00e9sitez pas \u00e0 nous contacter directement via notre adresse mail (asso.ngb@gmail.com), nous sommes toujours ouverts aux suggestions pour nous am\u00e9liorer!<\/p>\n<p>Vous souhaitez nous rejoindre et participer? Que ce soit pour tenir un<strong>\u00a0stand,\u00a0<\/strong>animer une\u00a0<strong>conf\u00e9rence<\/strong>, un\u00a0<strong>atelier\u00a0<\/strong>ou une\u00a0<strong>table ronde<\/strong>, contactez nous directement par mail (asso.ngb@gmail.com). Nous sommes toujours \u00e0 la recherche de <strong>personnes motiv\u00e9es \u00e0 partager leur exp\u00e9rience<\/strong>!<\/p>\n<p>Pour plus d\u2019informations, vous pouvez nous contacter via nos diff\u00e9rents r\u00e9seaux (<a href=\"https:\/\/www.linkedin.com\/company\/nouvelle-g%C3%A9n%C3%A9ration-des-biotechnologistes\/\">LinkedIn<\/a>,\u00a0<a href=\"https:\/\/www.instagram.com\/ngb_fr\/\">Instagram<\/a>,\u00a0<a href=\"https:\/\/www.facebook.com\/biotechnologistes\/\">Facebook<\/a>) ou directement par mail (asso.ngb@gmail.com).<\/p>\n","protected":false},"excerpt":{"rendered":"<p>Bienvenue sur la page web principale du BiotechDay 2023 qui a lieu le jeudi 14 d\u00e9cembre 2023 \u00e0 l&rsquo;ESBS! Sur cette page vous pouvez trouver toutes les informations concernant le d\u00e9roulement de la journ\u00e9e, les intervenants qui participent, les entreprises pr\u00e9sentes, les photos post \u00e9v\u00e8nement mais aussi la pause du midi et la fameuse tombola&nbsp;&hellip;<\/p>\n","protected":false},"author":2,"featured_media":1085,"parent":766,"menu_order":1,"comment_status":"closed","ping_status":"closed","template":"","meta":{"footnotes":""},"class_list":["post-1054","page","type-page","status-publish","has-post-thumbnail","hentry"],"yoast_head":"<!-- This site is optimized with the Yoast SEO plugin v27.4 - https:\/\/yoast.com\/product\/yoast-seo-wordpress\/ -->\n<title>BIOTECHDAY 2023 - Nouvelle G\u00e9n\u00e9ration des Biotechnologistes<\/title>\n<meta name=\"robots\" content=\"index, follow, max-snippet:-1, max-image-preview:large, max-video-preview:-1\" \/>\n<link rel=\"canonical\" href=\"https:\/\/ngb-fr.org\/index.php\/fr\/biotech-dayyy\/biotechday-2023\/\" \/>\n<meta property=\"og:locale\" content=\"fr_FR\" \/>\n<meta property=\"og:type\" content=\"article\" \/>\n<meta property=\"og:title\" content=\"BIOTECHDAY 2023 - Nouvelle G\u00e9n\u00e9ration des Biotechnologistes\" \/>\n<meta property=\"og:description\" content=\"Bienvenue sur la page web principale du BiotechDay 2023 qui a lieu le jeudi 14 d\u00e9cembre 2023 \u00e0 l&rsquo;ESBS! Sur cette page vous pouvez trouver toutes les informations concernant le d\u00e9roulement de la journ\u00e9e, les intervenants qui participent, les entreprises pr\u00e9sentes, les photos post \u00e9v\u00e8nement mais aussi la pause du midi et la fameuse tombola&nbsp;&hellip;\" \/>\n<meta property=\"og:url\" content=\"https:\/\/ngb-fr.org\/index.php\/fr\/biotech-dayyy\/biotechday-2023\/\" \/>\n<meta property=\"og:site_name\" content=\"Nouvelle G\u00e9n\u00e9ration des Biotechnologistes\" \/>\n<meta property=\"article:modified_time\" content=\"2023-12-15T13:22:45+00:00\" \/>\n<meta property=\"og:image\" content=\"https:\/\/ngb-fr.org\/wp-content\/uploads\/2023\/11\/P1010338-scaled.jpg\" \/>\n\t<meta property=\"og:image:width\" content=\"2560\" \/>\n\t<meta property=\"og:image:height\" content=\"1707\" \/>\n\t<meta property=\"og:image:type\" content=\"image\/jpeg\" \/>\n<meta name=\"twitter:card\" content=\"summary_large_image\" \/>\n<meta name=\"twitter:label1\" content=\"Dur\u00e9e de lecture estim\u00e9e\" \/>\n\t<meta name=\"twitter:data1\" content=\"4 minutes\" \/>\n<script type=\"application\/ld+json\" class=\"yoast-schema-graph\">{\"@context\":\"https:\\\/\\\/schema.org\",\"@graph\":[{\"@type\":\"WebPage\",\"@id\":\"https:\\\/\\\/ngb-fr.org\\\/index.php\\\/fr\\\/biotech-dayyy\\\/biotechday-2023\\\/\",\"url\":\"https:\\\/\\\/ngb-fr.org\\\/index.php\\\/fr\\\/biotech-dayyy\\\/biotechday-2023\\\/\",\"name\":\"BIOTECHDAY 2023 - Nouvelle G\u00e9n\u00e9ration des Biotechnologistes\",\"isPartOf\":{\"@id\":\"https:\\\/\\\/ngb-fr.org\\\/index.php\\\/fr\\\/materialis\\\/#website\"},\"primaryImageOfPage\":{\"@id\":\"https:\\\/\\\/ngb-fr.org\\\/index.php\\\/fr\\\/biotech-dayyy\\\/biotechday-2023\\\/#primaryimage\"},\"image\":{\"@id\":\"https:\\\/\\\/ngb-fr.org\\\/index.php\\\/fr\\\/biotech-dayyy\\\/biotechday-2023\\\/#primaryimage\"},\"thumbnailUrl\":\"https:\\\/\\\/ngb-fr.org\\\/wp-content\\\/uploads\\\/2023\\\/11\\\/P1010338-scaled.jpg\",\"datePublished\":\"2023-11-23T12:39:03+00:00\",\"dateModified\":\"2023-12-15T13:22:45+00:00\",\"breadcrumb\":{\"@id\":\"https:\\\/\\\/ngb-fr.org\\\/index.php\\\/fr\\\/biotech-dayyy\\\/biotechday-2023\\\/#breadcrumb\"},\"inLanguage\":\"fr-FR\",\"potentialAction\":[{\"@type\":\"ReadAction\",\"target\":[\"https:\\\/\\\/ngb-fr.org\\\/index.php\\\/fr\\\/biotech-dayyy\\\/biotechday-2023\\\/\"]}]},{\"@type\":\"ImageObject\",\"inLanguage\":\"fr-FR\",\"@id\":\"https:\\\/\\\/ngb-fr.org\\\/index.php\\\/fr\\\/biotech-dayyy\\\/biotechday-2023\\\/#primaryimage\",\"url\":\"https:\\\/\\\/ngb-fr.org\\\/wp-content\\\/uploads\\\/2023\\\/11\\\/P1010338-scaled.jpg\",\"contentUrl\":\"https:\\\/\\\/ngb-fr.org\\\/wp-content\\\/uploads\\\/2023\\\/11\\\/P1010338-scaled.jpg\",\"width\":2560,\"height\":1707},{\"@type\":\"BreadcrumbList\",\"@id\":\"https:\\\/\\\/ngb-fr.org\\\/index.php\\\/fr\\\/biotech-dayyy\\\/biotechday-2023\\\/#breadcrumb\",\"itemListElement\":[{\"@type\":\"ListItem\",\"position\":1,\"name\":\"Accueil\",\"item\":\"https:\\\/\\\/ngb-fr.org\\\/\"},{\"@type\":\"ListItem\",\"position\":2,\"name\":\"Biotech Day\",\"item\":\"https:\\\/\\\/ngb-fr.org\\\/index.php\\\/fr\\\/biotech-dayyy\\\/\"},{\"@type\":\"ListItem\",\"position\":3,\"name\":\"BIOTECHDAY 2023\"}]},{\"@type\":\"WebSite\",\"@id\":\"https:\\\/\\\/ngb-fr.org\\\/index.php\\\/fr\\\/materialis\\\/#website\",\"url\":\"https:\\\/\\\/ngb-fr.org\\\/index.php\\\/fr\\\/materialis\\\/\",\"name\":\"Nouvelle G\u00e9n\u00e9ration des Biotechnologistes\",\"description\":\"\",\"publisher\":{\"@id\":\"https:\\\/\\\/ngb-fr.org\\\/index.php\\\/fr\\\/materialis\\\/#organization\"},\"potentialAction\":[{\"@type\":\"SearchAction\",\"target\":{\"@type\":\"EntryPoint\",\"urlTemplate\":\"https:\\\/\\\/ngb-fr.org\\\/index.php\\\/fr\\\/materialis\\\/?s={search_term_string}\"},\"query-input\":{\"@type\":\"PropertyValueSpecification\",\"valueRequired\":true,\"valueName\":\"search_term_string\"}}],\"inLanguage\":\"fr-FR\"},{\"@type\":\"Organization\",\"@id\":\"https:\\\/\\\/ngb-fr.org\\\/index.php\\\/fr\\\/materialis\\\/#organization\",\"name\":\"Nouvelle G\u00e9n\u00e9ration des Biotechnologistes\",\"url\":\"https:\\\/\\\/ngb-fr.org\\\/index.php\\\/fr\\\/materialis\\\/\",\"logo\":{\"@type\":\"ImageObject\",\"inLanguage\":\"fr-FR\",\"@id\":\"https:\\\/\\\/ngb-fr.org\\\/index.php\\\/fr\\\/materialis\\\/#\\\/schema\\\/logo\\\/image\\\/\",\"url\":\"https:\\\/\\\/ngb-fr.org\\\/wp-content\\\/uploads\\\/2019\\\/02\\\/cropped-1.png\",\"contentUrl\":\"https:\\\/\\\/ngb-fr.org\\\/wp-content\\\/uploads\\\/2019\\\/02\\\/cropped-1.png\",\"width\":1880,\"height\":1826,\"caption\":\"Nouvelle G\u00e9n\u00e9ration des Biotechnologistes\"},\"image\":{\"@id\":\"https:\\\/\\\/ngb-fr.org\\\/index.php\\\/fr\\\/materialis\\\/#\\\/schema\\\/logo\\\/image\\\/\"}}]}<\/script>\n<!-- \/ Yoast SEO plugin. -->","yoast_head_json":{"title":"BIOTECHDAY 2023 - Nouvelle G\u00e9n\u00e9ration des Biotechnologistes","robots":{"index":"index","follow":"follow","max-snippet":"max-snippet:-1","max-image-preview":"max-image-preview:large","max-video-preview":"max-video-preview:-1"},"canonical":"https:\/\/ngb-fr.org\/index.php\/fr\/biotech-dayyy\/biotechday-2023\/","og_locale":"fr_FR","og_type":"article","og_title":"BIOTECHDAY 2023 - Nouvelle G\u00e9n\u00e9ration des Biotechnologistes","og_description":"Bienvenue sur la page web principale du BiotechDay 2023 qui a lieu le jeudi 14 d\u00e9cembre 2023 \u00e0 l&rsquo;ESBS! Sur cette page vous pouvez trouver toutes les informations concernant le d\u00e9roulement de la journ\u00e9e, les intervenants qui participent, les entreprises pr\u00e9sentes, les photos post \u00e9v\u00e8nement mais aussi la pause du midi et la fameuse tombola&nbsp;&hellip;","og_url":"https:\/\/ngb-fr.org\/index.php\/fr\/biotech-dayyy\/biotechday-2023\/","og_site_name":"Nouvelle G\u00e9n\u00e9ration des Biotechnologistes","article_modified_time":"2023-12-15T13:22:45+00:00","og_image":[{"width":2560,"height":1707,"url":"https:\/\/ngb-fr.org\/wp-content\/uploads\/2023\/11\/P1010338-scaled.jpg","type":"image\/jpeg"}],"twitter_card":"summary_large_image","twitter_misc":{"Dur\u00e9e de lecture estim\u00e9e":"4 minutes"},"schema":{"@context":"https:\/\/schema.org","@graph":[{"@type":"WebPage","@id":"https:\/\/ngb-fr.org\/index.php\/fr\/biotech-dayyy\/biotechday-2023\/","url":"https:\/\/ngb-fr.org\/index.php\/fr\/biotech-dayyy\/biotechday-2023\/","name":"BIOTECHDAY 2023 - Nouvelle G\u00e9n\u00e9ration des Biotechnologistes","isPartOf":{"@id":"https:\/\/ngb-fr.org\/index.php\/fr\/materialis\/#website"},"primaryImageOfPage":{"@id":"https:\/\/ngb-fr.org\/index.php\/fr\/biotech-dayyy\/biotechday-2023\/#primaryimage"},"image":{"@id":"https:\/\/ngb-fr.org\/index.php\/fr\/biotech-dayyy\/biotechday-2023\/#primaryimage"},"thumbnailUrl":"https:\/\/ngb-fr.org\/wp-content\/uploads\/2023\/11\/P1010338-scaled.jpg","datePublished":"2023-11-23T12:39:03+00:00","dateModified":"2023-12-15T13:22:45+00:00","breadcrumb":{"@id":"https:\/\/ngb-fr.org\/index.php\/fr\/biotech-dayyy\/biotechday-2023\/#breadcrumb"},"inLanguage":"fr-FR","potentialAction":[{"@type":"ReadAction","target":["https:\/\/ngb-fr.org\/index.php\/fr\/biotech-dayyy\/biotechday-2023\/"]}]},{"@type":"ImageObject","inLanguage":"fr-FR","@id":"https:\/\/ngb-fr.org\/index.php\/fr\/biotech-dayyy\/biotechday-2023\/#primaryimage","url":"https:\/\/ngb-fr.org\/wp-content\/uploads\/2023\/11\/P1010338-scaled.jpg","contentUrl":"https:\/\/ngb-fr.org\/wp-content\/uploads\/2023\/11\/P1010338-scaled.jpg","width":2560,"height":1707},{"@type":"BreadcrumbList","@id":"https:\/\/ngb-fr.org\/index.php\/fr\/biotech-dayyy\/biotechday-2023\/#breadcrumb","itemListElement":[{"@type":"ListItem","position":1,"name":"Accueil","item":"https:\/\/ngb-fr.org\/"},{"@type":"ListItem","position":2,"name":"Biotech Day","item":"https:\/\/ngb-fr.org\/index.php\/fr\/biotech-dayyy\/"},{"@type":"ListItem","position":3,"name":"BIOTECHDAY 2023"}]},{"@type":"WebSite","@id":"https:\/\/ngb-fr.org\/index.php\/fr\/materialis\/#website","url":"https:\/\/ngb-fr.org\/index.php\/fr\/materialis\/","name":"Nouvelle G\u00e9n\u00e9ration des Biotechnologistes","description":"","publisher":{"@id":"https:\/\/ngb-fr.org\/index.php\/fr\/materialis\/#organization"},"potentialAction":[{"@type":"SearchAction","target":{"@type":"EntryPoint","urlTemplate":"https:\/\/ngb-fr.org\/index.php\/fr\/materialis\/?s={search_term_string}"},"query-input":{"@type":"PropertyValueSpecification","valueRequired":true,"valueName":"search_term_string"}}],"inLanguage":"fr-FR"},{"@type":"Organization","@id":"https:\/\/ngb-fr.org\/index.php\/fr\/materialis\/#organization","name":"Nouvelle G\u00e9n\u00e9ration des Biotechnologistes","url":"https:\/\/ngb-fr.org\/index.php\/fr\/materialis\/","logo":{"@type":"ImageObject","inLanguage":"fr-FR","@id":"https:\/\/ngb-fr.org\/index.php\/fr\/materialis\/#\/schema\/logo\/image\/","url":"https:\/\/ngb-fr.org\/wp-content\/uploads\/2019\/02\/cropped-1.png","contentUrl":"https:\/\/ngb-fr.org\/wp-content\/uploads\/2019\/02\/cropped-1.png","width":1880,"height":1826,"caption":"Nouvelle G\u00e9n\u00e9ration des Biotechnologistes"},"image":{"@id":"https:\/\/ngb-fr.org\/index.php\/fr\/materialis\/#\/schema\/logo\/image\/"}}]}},"jetpack_sharing_enabled":true,"_links":{"self":[{"href":"https:\/\/ngb-fr.org\/index.php\/wp-json\/wp\/v2\/pages\/1054","targetHints":{"allow":["GET"]}}],"collection":[{"href":"https:\/\/ngb-fr.org\/index.php\/wp-json\/wp\/v2\/pages"}],"about":[{"href":"https:\/\/ngb-fr.org\/index.php\/wp-json\/wp\/v2\/types\/page"}],"author":[{"embeddable":true,"href":"https:\/\/ngb-fr.org\/index.php\/wp-json\/wp\/v2\/users\/2"}],"replies":[{"embeddable":true,"href":"https:\/\/ngb-fr.org\/index.php\/wp-json\/wp\/v2\/comments?post=1054"}],"version-history":[{"count":8,"href":"https:\/\/ngb-fr.org\/index.php\/wp-json\/wp\/v2\/pages\/1054\/revisions"}],"predecessor-version":[{"id":1135,"href":"https:\/\/ngb-fr.org\/index.php\/wp-json\/wp\/v2\/pages\/1054\/revisions\/1135"}],"up":[{"embeddable":true,"href":"https:\/\/ngb-fr.org\/index.php\/wp-json\/wp\/v2\/pages\/766"}],"wp:featuredmedia":[{"embeddable":true,"href":"https:\/\/ngb-fr.org\/index.php\/wp-json\/wp\/v2\/media\/1085"}],"wp:attachment":[{"href":"https:\/\/ngb-fr.org\/index.php\/wp-json\/wp\/v2\/media?parent=1054"}],"curies":[{"name":"wp","href":"https:\/\/api.w.org\/{rel}","templated":true}]}}