{"id":1057,"date":"2023-11-23T13:37:24","date_gmt":"2023-11-23T12:37:24","guid":{"rendered":"http:\/\/ngb-fr.org\/?page_id=1057"},"modified":"2023-12-04T13:36:42","modified_gmt":"2023-12-04T12:36:42","slug":"focus-sur-les-themes-des-conferences","status":"publish","type":"page","link":"https:\/\/ngb-fr.org\/index.php\/biotech-dayyy\/biotechday-2023\/focus-sur-les-themes-des-conferences\/","title":{"rendered":"Focus sur les th\u00e8mes des conf\u00e9rences"},"content":{"rendered":"<p>Tout au long de la journ\u00e9e, vous aurez l\u2019occasion de d\u00e9couvrir diff\u00e9rents domaines des biotechnologies. Alors, que vous soyez plus int\u00e9ress\u00e9s par les biotech m\u00e9dicales ou les biotech vertes, <strong>il y en aura pour tous les go\u00fbts<\/strong> ! N\u2019h\u00e9sitez pas \u00e0 venir nous rejoindre le <strong>14 d\u00e9cembre 2023, \u00e0 l\u2019ESBS<\/strong>, pour une journ\u00e9e riche en d\u00e9couvertes et apprentissage.<\/p>\n<p>Sans plus attendre, voici les th\u00e8mes des conf\u00e9rences :<\/p>\n<p><img loading=\"lazy\" decoding=\"async\" class=\"size-medium wp-image-1103 alignleft\" src=\"http:\/\/ngb-fr.org\/wp-content\/uploads\/2023\/12\/FB_IMG_1701687175372-212x300.jpg\" alt=\"\" width=\"212\" height=\"300\" srcset=\"https:\/\/ngb-fr.org\/wp-content\/uploads\/2023\/12\/FB_IMG_1701687175372-212x300.jpg 212w, https:\/\/ngb-fr.org\/wp-content\/uploads\/2023\/12\/FB_IMG_1701687175372-724x1024.jpg 724w, https:\/\/ngb-fr.org\/wp-content\/uploads\/2023\/12\/FB_IMG_1701687175372-768x1087.jpg 768w, https:\/\/ngb-fr.org\/wp-content\/uploads\/2023\/12\/FB_IMG_1701687175372-763x1080.jpg 763w, https:\/\/ngb-fr.org\/wp-content\/uploads\/2023\/12\/FB_IMG_1701687175372.jpg 1080w\" sizes=\"auto, (max-width: 212px) 100vw, 212px\" \/><\/p>\n<p>&nbsp;<\/p>\n<p><strong>LES BIOTECHNOLOGIES MARINES<\/strong><\/p>\n<p>Les fonds marins sont riches en ressources et cette biodiversit\u00e9 peut devenir une source d&rsquo;innovation et d&rsquo;inspiration tr\u00e8s importante dans le domaine des biotechnologies \u00e0 la fois pour l&rsquo;alimentation, la sant\u00e9, la d\u00e9pollution, les \u00e9nergies\u2026 Bact\u00e9ries, plantes, algues, ou tout autre organisme vivant peuvent \u00eatre utilis\u00e9s pour trouver de nouvelles mol\u00e9cules d&rsquo;int\u00e9r\u00eat, pour comprendre des m\u00e9canismes cellulaires. Venez d\u00e9couvrir l&rsquo;univers marin comme vous ne l&rsquo;avez jamais vu auparavant!<\/p>\n<p>De nombreux \u00e9tablissements priv\u00e9s ou publics tels que Polymaris, Ifremer, Fermentalg, Seppic, Greensea, travaillent dans ce domaine.<\/p>\n<p>&nbsp;<\/p>\n<p>&nbsp;<\/p>\n<p><img loading=\"lazy\" decoding=\"async\" class=\"size-medium wp-image-1104 alignright\" src=\"http:\/\/ngb-fr.org\/wp-content\/uploads\/2023\/12\/FB_IMG_1701687183434-300x300.jpg\" alt=\"\" width=\"300\" height=\"300\" srcset=\"https:\/\/ngb-fr.org\/wp-content\/uploads\/2023\/12\/FB_IMG_1701687183434-300x300.jpg 300w, https:\/\/ngb-fr.org\/wp-content\/uploads\/2023\/12\/FB_IMG_1701687183434-1024x1024.jpg 1024w, https:\/\/ngb-fr.org\/wp-content\/uploads\/2023\/12\/FB_IMG_1701687183434-150x150.jpg 150w, https:\/\/ngb-fr.org\/wp-content\/uploads\/2023\/12\/FB_IMG_1701687183434-768x768.jpg 768w, https:\/\/ngb-fr.org\/wp-content\/uploads\/2023\/12\/FB_IMG_1701687183434.jpg 1080w\" sizes=\"auto, (max-width: 300px) 100vw, 300px\" \/><\/p>\n<p>&nbsp;<\/p>\n<p><strong>LA PALEOGENOMIQUE<\/strong><\/p>\n<p>Ce domaine d&rsquo;\u00e9tude est bas\u00e9 sur l&rsquo;analyse de l&rsquo;ADN ancien pour comprendre les \u00e9volutions des diff\u00e9rents organismes vivants. Cette discipline a vue le jour r\u00e9cemment et s&rsquo;est tr\u00e8s vite d\u00e9velopp\u00e9e notamment dans le cadre de la phylog\u00e9n\u00e9tique mol\u00e9culaire. Cette rapidit\u00e9 est due notamment aux nombreuses technologies d&rsquo;analyse et de traitement des donn\u00e9es qui ont vue le jour ces derni\u00e8res ann\u00e9es.<\/p>\n<p>Ce domaine si particulier des biotechnologies cherche \u00e0 se faire connaitre du grand public notamment gr\u00e2ce \u00e0 la publication de livres comme \u00ab\u00a0Comment nous sommes devenus ce que nous sommes\u00a0\u00bb de David Reich ou encore \u00ab\u00a0L&rsquo;odyss\u00e9e des g\u00e8nes\u00a0\u00bb de Evelyne Heyer.<\/p>\n<p>&nbsp;<\/p>\n<p>&nbsp;<\/p>\n<p><strong><img loading=\"lazy\" decoding=\"async\" class=\"size-medium wp-image-1105 alignleft\" src=\"http:\/\/ngb-fr.org\/wp-content\/uploads\/2023\/12\/FB_IMG_1701687189735-300x300.jpg\" alt=\"\" width=\"300\" height=\"300\" srcset=\"https:\/\/ngb-fr.org\/wp-content\/uploads\/2023\/12\/FB_IMG_1701687189735-300x300.jpg 300w, https:\/\/ngb-fr.org\/wp-content\/uploads\/2023\/12\/FB_IMG_1701687189735-1024x1024.jpg 1024w, https:\/\/ngb-fr.org\/wp-content\/uploads\/2023\/12\/FB_IMG_1701687189735-150x150.jpg 150w, https:\/\/ngb-fr.org\/wp-content\/uploads\/2023\/12\/FB_IMG_1701687189735-768x768.jpg 768w, https:\/\/ngb-fr.org\/wp-content\/uploads\/2023\/12\/FB_IMG_1701687189735.jpg 1080w\" sizes=\"auto, (max-width: 300px) 100vw, 300px\" \/><\/strong><\/p>\n<p>&nbsp;<\/p>\n<p><strong>LA BIOREMEDIATION<\/strong><\/p>\n<p>La biorem\u00e9diation est un domaine vaste et complexe qui vise \u00e0 d\u00e9contaminer des lieux pollu\u00e9s. Pour ce faire, des microorganismes, des plantes, des enzymes sont s\u00e9lectionn\u00e9es pour d\u00e9grader de mani\u00e8re efficace la zone contamin\u00e9e et ainsi essayer de r\u00e9tablir l&rsquo;\u00e9cosyst\u00e8me. Ces techniques sont particuli\u00e8rement d\u00e9velopp\u00e9es notamment pour le traitement des eaux. Certains contaminants comme les m\u00e9taux lourds repr\u00e9sentent un v\u00e9ritable d\u00e9fi.<\/p>\n<p>Le d\u00e9veloppement des techniques de biorem\u00e9diation est donc un enjeux majeur pour le respect de l&rsquo;environnement et le d\u00e9veloppement durable.<\/p>\n<p>&nbsp;<\/p>\n<p>&nbsp;<\/p>\n<p><strong><img loading=\"lazy\" decoding=\"async\" class=\"size-medium wp-image-1106 alignright\" src=\"http:\/\/ngb-fr.org\/wp-content\/uploads\/2023\/12\/FB_IMG_1701687196265-300x300.jpg\" alt=\"\" width=\"300\" height=\"300\" srcset=\"https:\/\/ngb-fr.org\/wp-content\/uploads\/2023\/12\/FB_IMG_1701687196265-300x300.jpg 300w, https:\/\/ngb-fr.org\/wp-content\/uploads\/2023\/12\/FB_IMG_1701687196265-1024x1024.jpg 1024w, https:\/\/ngb-fr.org\/wp-content\/uploads\/2023\/12\/FB_IMG_1701687196265-150x150.jpg 150w, https:\/\/ngb-fr.org\/wp-content\/uploads\/2023\/12\/FB_IMG_1701687196265-768x768.jpg 768w, https:\/\/ngb-fr.org\/wp-content\/uploads\/2023\/12\/FB_IMG_1701687196265.jpg 1080w\" sizes=\"auto, (max-width: 300px) 100vw, 300px\" \/><\/strong><\/p>\n<p>&nbsp;<\/p>\n<p><strong>LA POLICE SCIENTIFIQUE<\/strong><\/p>\n<p>Diff\u00e9rents aspects des biotechnologies peuvent trouver une application dans la police scientifique. L&rsquo;analyse g\u00e9n\u00e9tique s&rsquo;inscrit dans ce cas dans la criminalistique c&rsquo;est-\u00e0-dire l&rsquo;ensemble des techniques qui permettent l&rsquo;exploitation des indices et traces pr\u00e9sents sur une sc\u00e8ne de crime afin d&rsquo;apporter des preuves mat\u00e9rielles. Ce domaine fait appel \u00e0 de nombreuses comp\u00e9tences mais pr\u00e9sente aussi parfois des probl\u00e8mes \u00e9thiques li\u00e9s \u00e0 l&rsquo;identification des individus gr\u00e2ce \u00e0 l&rsquo;utilisation de l&rsquo;intelligence artificielle ou de la g\u00e9n\u00e9tique pr\u00e9dictive par exemple.<\/p>\n<p>&nbsp;<\/p>\n<p>&nbsp;<\/p>\n<p>&nbsp;<\/p>\n<p><strong><img loading=\"lazy\" decoding=\"async\" class=\"size-medium wp-image-1107 alignleft\" src=\"http:\/\/ngb-fr.org\/wp-content\/uploads\/2023\/12\/FB_IMG_1701687201734-300x300.jpg\" alt=\"\" width=\"300\" height=\"300\" srcset=\"https:\/\/ngb-fr.org\/wp-content\/uploads\/2023\/12\/FB_IMG_1701687201734-300x300.jpg 300w, https:\/\/ngb-fr.org\/wp-content\/uploads\/2023\/12\/FB_IMG_1701687201734-1024x1024.jpg 1024w, https:\/\/ngb-fr.org\/wp-content\/uploads\/2023\/12\/FB_IMG_1701687201734-150x150.jpg 150w, https:\/\/ngb-fr.org\/wp-content\/uploads\/2023\/12\/FB_IMG_1701687201734-768x768.jpg 768w, https:\/\/ngb-fr.org\/wp-content\/uploads\/2023\/12\/FB_IMG_1701687201734.jpg 1080w\" sizes=\"auto, (max-width: 300px) 100vw, 300px\" \/><\/strong><\/p>\n<p>&nbsp;<\/p>\n<p><strong>LE CANCER<\/strong><\/p>\n<p>Un cancer est d\u00fb \u00e0 une prolif\u00e9ration excessive de cellules modifi\u00e9es qui vont s&rsquo;attaquer \u00e0 leur organisme h\u00f4te notamment en retournant les d\u00e9fenses immunitaires de l&rsquo;h\u00f4te contre ses propres cellules saines. Le cancer au d\u00e9part localis\u00e9, peut tr\u00e8s vite devenir diffus et donc se g\u00e9n\u00e9raliser au corps entier. Le traitement et la pr\u00e9vention des cancers sont donc des enjeux majeurs de la soci\u00e9t\u00e9 aujourd&rsquo;hui. Certains laboratoires ou entreprises se concentrent sur l&rsquo;environnement tumoral comme cible th\u00e9rapeutique, d&rsquo;autres cherchent \u00e0 cibler des marqueurs sp\u00e9cifiques, certains veulent mettre en place des vaccins contre les cancers.<\/p>\n<p>&nbsp;<\/p>\n<p>&nbsp;<\/p>\n<p>&nbsp;<\/p>\n<p><strong><img loading=\"lazy\" decoding=\"async\" class=\"size-medium wp-image-1108 alignright\" src=\"http:\/\/ngb-fr.org\/wp-content\/uploads\/2023\/12\/FB_IMG_1701687206785-300x300.jpg\" alt=\"\" width=\"300\" height=\"300\" srcset=\"https:\/\/ngb-fr.org\/wp-content\/uploads\/2023\/12\/FB_IMG_1701687206785-300x300.jpg 300w, https:\/\/ngb-fr.org\/wp-content\/uploads\/2023\/12\/FB_IMG_1701687206785-1024x1024.jpg 1024w, https:\/\/ngb-fr.org\/wp-content\/uploads\/2023\/12\/FB_IMG_1701687206785-150x150.jpg 150w, https:\/\/ngb-fr.org\/wp-content\/uploads\/2023\/12\/FB_IMG_1701687206785-768x768.jpg 768w, https:\/\/ngb-fr.org\/wp-content\/uploads\/2023\/12\/FB_IMG_1701687206785.jpg 1080w\" sizes=\"auto, (max-width: 300px) 100vw, 300px\" \/><\/strong><\/p>\n<p>&nbsp;<\/p>\n<p>&nbsp;<\/p>\n<p><strong>LES CELLULES SOUCHES<\/strong><\/p>\n<p>Ces cellules ont la particularit\u00e9 de pouvoir se diviser \u00e0 l&rsquo;infini et de se diff\u00e9rencier en cellules sp\u00e9cialis\u00e9es. Elles sont donc de v\u00e9ritables cibles th\u00e9rapeutiques dans la recherche de traitements et la compr\u00e9hension des maladies. Il existe diff\u00e9rents types de cellules souches: les pluripotentes, les multipotentes, les m\u00e9senchymateuses, les unipotentes, les totipotentes, les induites.<\/p>\n<p>&nbsp;<\/p>\n<p>&nbsp;<\/p>\n<p>&nbsp;<\/p>\n<p>&nbsp;<\/p>\n<p><strong><img loading=\"lazy\" decoding=\"async\" class=\"size-medium wp-image-1109 alignleft\" src=\"http:\/\/ngb-fr.org\/wp-content\/uploads\/2023\/12\/FB_IMG_1701687212370-300x300.jpg\" alt=\"\" width=\"300\" height=\"300\" srcset=\"https:\/\/ngb-fr.org\/wp-content\/uploads\/2023\/12\/FB_IMG_1701687212370-300x300.jpg 300w, https:\/\/ngb-fr.org\/wp-content\/uploads\/2023\/12\/FB_IMG_1701687212370-1024x1024.jpg 1024w, https:\/\/ngb-fr.org\/wp-content\/uploads\/2023\/12\/FB_IMG_1701687212370-150x150.jpg 150w, https:\/\/ngb-fr.org\/wp-content\/uploads\/2023\/12\/FB_IMG_1701687212370-768x768.jpg 768w, https:\/\/ngb-fr.org\/wp-content\/uploads\/2023\/12\/FB_IMG_1701687212370.jpg 1080w\" sizes=\"auto, (max-width: 300px) 100vw, 300px\" \/><\/strong><\/p>\n<p>&nbsp;<\/p>\n<p>&nbsp;<\/p>\n<p><strong>LA PARASITOLOGIE<\/strong><\/p>\n<p>Cette discipline scientifique s&rsquo;int\u00e9resse \u00e0 la biologie des parasites et aux maladies qui leurs sont li\u00e9es. Les relations de parasitisme peuvent \u00eatre obligatoires ou facultatives. Pour que la relation parasitaire soit durable, un \u00e9quilibre entre l&rsquo;h\u00f4te et le parasite doit \u00eatre trouv\u00e9, sinon les deux disparaissent rapidement. Les parasites posent de nombreux probl\u00e8mes m\u00e9dicaux en terme de diagnostics et de th\u00e9rapies.<\/p>\n","protected":false},"excerpt":{"rendered":"<p>Tout au long de la journ\u00e9e, vous aurez l\u2019occasion de d\u00e9couvrir diff\u00e9rents domaines des biotechnologies. Alors, que vous soyez plus int\u00e9ress\u00e9s par les biotech m\u00e9dicales ou les biotech vertes, il y en aura pour tous les go\u00fbts ! N\u2019h\u00e9sitez pas \u00e0 venir nous rejoindre le 14 d\u00e9cembre 2023, \u00e0 l\u2019ESBS, pour une journ\u00e9e riche en&nbsp;&hellip;<\/p>\n","protected":false},"author":2,"featured_media":986,"parent":1054,"menu_order":1,"comment_status":"closed","ping_status":"closed","template":"","meta":{"footnotes":""},"class_list":["post-1057","page","type-page","status-publish","has-post-thumbnail","hentry"],"yoast_head":"<!-- This site is optimized with the Yoast SEO plugin v27.4 - https:\/\/yoast.com\/product\/yoast-seo-wordpress\/ -->\n<title>Focus sur les th\u00e8mes des conf\u00e9rences - Nouvelle G\u00e9n\u00e9ration des Biotechnologistes<\/title>\n<meta name=\"robots\" content=\"index, follow, max-snippet:-1, max-image-preview:large, max-video-preview:-1\" \/>\n<link rel=\"canonical\" href=\"https:\/\/ngb-fr.org\/index.php\/fr\/biotech-dayyy\/biotechday-2023\/focus-sur-les-themes-des-conferences\/\" \/>\n<meta property=\"og:locale\" content=\"fr_FR\" \/>\n<meta property=\"og:type\" content=\"article\" \/>\n<meta property=\"og:title\" content=\"Focus sur les th\u00e8mes des conf\u00e9rences - Nouvelle G\u00e9n\u00e9ration des Biotechnologistes\" \/>\n<meta property=\"og:description\" content=\"Tout au long de la journ\u00e9e, vous aurez l\u2019occasion de d\u00e9couvrir diff\u00e9rents domaines des biotechnologies. Alors, que vous soyez plus int\u00e9ress\u00e9s par les biotech m\u00e9dicales ou les biotech vertes, il y en aura pour tous les go\u00fbts ! N\u2019h\u00e9sitez pas \u00e0 venir nous rejoindre le 14 d\u00e9cembre 2023, \u00e0 l\u2019ESBS, pour une journ\u00e9e riche en&nbsp;&hellip;\" \/>\n<meta property=\"og:url\" content=\"https:\/\/ngb-fr.org\/index.php\/fr\/biotech-dayyy\/biotechday-2023\/focus-sur-les-themes-des-conferences\/\" \/>\n<meta property=\"og:site_name\" content=\"Nouvelle G\u00e9n\u00e9ration des Biotechnologistes\" \/>\n<meta property=\"article:modified_time\" content=\"2023-12-04T12:36:42+00:00\" \/>\n<meta property=\"og:image\" content=\"https:\/\/ngb-fr.org\/wp-content\/uploads\/2022\/05\/fond2.png\" \/>\n\t<meta property=\"og:image:width\" content=\"1042\" \/>\n\t<meta property=\"og:image:height\" content=\"503\" \/>\n\t<meta property=\"og:image:type\" content=\"image\/png\" \/>\n<meta name=\"twitter:card\" content=\"summary_large_image\" \/>\n<meta name=\"twitter:label1\" content=\"Dur\u00e9e de lecture estim\u00e9e\" \/>\n\t<meta name=\"twitter:data1\" content=\"5 minutes\" \/>\n<script type=\"application\/ld+json\" class=\"yoast-schema-graph\">{\"@context\":\"https:\\\/\\\/schema.org\",\"@graph\":[{\"@type\":\"WebPage\",\"@id\":\"https:\\\/\\\/ngb-fr.org\\\/index.php\\\/fr\\\/biotech-dayyy\\\/biotechday-2023\\\/focus-sur-les-themes-des-conferences\\\/\",\"url\":\"https:\\\/\\\/ngb-fr.org\\\/index.php\\\/fr\\\/biotech-dayyy\\\/biotechday-2023\\\/focus-sur-les-themes-des-conferences\\\/\",\"name\":\"Focus sur les th\u00e8mes des conf\u00e9rences - Nouvelle G\u00e9n\u00e9ration des Biotechnologistes\",\"isPartOf\":{\"@id\":\"https:\\\/\\\/ngb-fr.org\\\/index.php\\\/fr\\\/materialis\\\/#website\"},\"primaryImageOfPage\":{\"@id\":\"https:\\\/\\\/ngb-fr.org\\\/index.php\\\/fr\\\/biotech-dayyy\\\/biotechday-2023\\\/focus-sur-les-themes-des-conferences\\\/#primaryimage\"},\"image\":{\"@id\":\"https:\\\/\\\/ngb-fr.org\\\/index.php\\\/fr\\\/biotech-dayyy\\\/biotechday-2023\\\/focus-sur-les-themes-des-conferences\\\/#primaryimage\"},\"thumbnailUrl\":\"https:\\\/\\\/ngb-fr.org\\\/wp-content\\\/uploads\\\/2022\\\/05\\\/fond2.png\",\"datePublished\":\"2023-11-23T12:37:24+00:00\",\"dateModified\":\"2023-12-04T12:36:42+00:00\",\"breadcrumb\":{\"@id\":\"https:\\\/\\\/ngb-fr.org\\\/index.php\\\/fr\\\/biotech-dayyy\\\/biotechday-2023\\\/focus-sur-les-themes-des-conferences\\\/#breadcrumb\"},\"inLanguage\":\"fr-FR\",\"potentialAction\":[{\"@type\":\"ReadAction\",\"target\":[\"https:\\\/\\\/ngb-fr.org\\\/index.php\\\/fr\\\/biotech-dayyy\\\/biotechday-2023\\\/focus-sur-les-themes-des-conferences\\\/\"]}]},{\"@type\":\"ImageObject\",\"inLanguage\":\"fr-FR\",\"@id\":\"https:\\\/\\\/ngb-fr.org\\\/index.php\\\/fr\\\/biotech-dayyy\\\/biotechday-2023\\\/focus-sur-les-themes-des-conferences\\\/#primaryimage\",\"url\":\"https:\\\/\\\/ngb-fr.org\\\/wp-content\\\/uploads\\\/2022\\\/05\\\/fond2.png\",\"contentUrl\":\"https:\\\/\\\/ngb-fr.org\\\/wp-content\\\/uploads\\\/2022\\\/05\\\/fond2.png\",\"width\":1042,\"height\":503},{\"@type\":\"BreadcrumbList\",\"@id\":\"https:\\\/\\\/ngb-fr.org\\\/index.php\\\/fr\\\/biotech-dayyy\\\/biotechday-2023\\\/focus-sur-les-themes-des-conferences\\\/#breadcrumb\",\"itemListElement\":[{\"@type\":\"ListItem\",\"position\":1,\"name\":\"Accueil\",\"item\":\"https:\\\/\\\/ngb-fr.org\\\/\"},{\"@type\":\"ListItem\",\"position\":2,\"name\":\"Biotech Day\",\"item\":\"https:\\\/\\\/ngb-fr.org\\\/index.php\\\/fr\\\/biotech-dayyy\\\/\"},{\"@type\":\"ListItem\",\"position\":3,\"name\":\"BIOTECHDAY 2023\",\"item\":\"https:\\\/\\\/ngb-fr.org\\\/index.php\\\/fr\\\/biotech-dayyy\\\/biotechday-2023\\\/\"},{\"@type\":\"ListItem\",\"position\":4,\"name\":\"Focus sur les th\u00e8mes des conf\u00e9rences\"}]},{\"@type\":\"WebSite\",\"@id\":\"https:\\\/\\\/ngb-fr.org\\\/index.php\\\/fr\\\/materialis\\\/#website\",\"url\":\"https:\\\/\\\/ngb-fr.org\\\/index.php\\\/fr\\\/materialis\\\/\",\"name\":\"Nouvelle G\u00e9n\u00e9ration des Biotechnologistes\",\"description\":\"\",\"publisher\":{\"@id\":\"https:\\\/\\\/ngb-fr.org\\\/index.php\\\/fr\\\/materialis\\\/#organization\"},\"potentialAction\":[{\"@type\":\"SearchAction\",\"target\":{\"@type\":\"EntryPoint\",\"urlTemplate\":\"https:\\\/\\\/ngb-fr.org\\\/index.php\\\/fr\\\/materialis\\\/?s={search_term_string}\"},\"query-input\":{\"@type\":\"PropertyValueSpecification\",\"valueRequired\":true,\"valueName\":\"search_term_string\"}}],\"inLanguage\":\"fr-FR\"},{\"@type\":\"Organization\",\"@id\":\"https:\\\/\\\/ngb-fr.org\\\/index.php\\\/fr\\\/materialis\\\/#organization\",\"name\":\"Nouvelle G\u00e9n\u00e9ration des Biotechnologistes\",\"url\":\"https:\\\/\\\/ngb-fr.org\\\/index.php\\\/fr\\\/materialis\\\/\",\"logo\":{\"@type\":\"ImageObject\",\"inLanguage\":\"fr-FR\",\"@id\":\"https:\\\/\\\/ngb-fr.org\\\/index.php\\\/fr\\\/materialis\\\/#\\\/schema\\\/logo\\\/image\\\/\",\"url\":\"https:\\\/\\\/ngb-fr.org\\\/wp-content\\\/uploads\\\/2019\\\/02\\\/cropped-1.png\",\"contentUrl\":\"https:\\\/\\\/ngb-fr.org\\\/wp-content\\\/uploads\\\/2019\\\/02\\\/cropped-1.png\",\"width\":1880,\"height\":1826,\"caption\":\"Nouvelle G\u00e9n\u00e9ration des Biotechnologistes\"},\"image\":{\"@id\":\"https:\\\/\\\/ngb-fr.org\\\/index.php\\\/fr\\\/materialis\\\/#\\\/schema\\\/logo\\\/image\\\/\"}}]}<\/script>\n<!-- \/ Yoast SEO plugin. -->","yoast_head_json":{"title":"Focus sur les th\u00e8mes des conf\u00e9rences - Nouvelle G\u00e9n\u00e9ration des Biotechnologistes","robots":{"index":"index","follow":"follow","max-snippet":"max-snippet:-1","max-image-preview":"max-image-preview:large","max-video-preview":"max-video-preview:-1"},"canonical":"https:\/\/ngb-fr.org\/index.php\/fr\/biotech-dayyy\/biotechday-2023\/focus-sur-les-themes-des-conferences\/","og_locale":"fr_FR","og_type":"article","og_title":"Focus sur les th\u00e8mes des conf\u00e9rences - Nouvelle G\u00e9n\u00e9ration des Biotechnologistes","og_description":"Tout au long de la journ\u00e9e, vous aurez l\u2019occasion de d\u00e9couvrir diff\u00e9rents domaines des biotechnologies. Alors, que vous soyez plus int\u00e9ress\u00e9s par les biotech m\u00e9dicales ou les biotech vertes, il y en aura pour tous les go\u00fbts ! N\u2019h\u00e9sitez pas \u00e0 venir nous rejoindre le 14 d\u00e9cembre 2023, \u00e0 l\u2019ESBS, pour une journ\u00e9e riche en&nbsp;&hellip;","og_url":"https:\/\/ngb-fr.org\/index.php\/fr\/biotech-dayyy\/biotechday-2023\/focus-sur-les-themes-des-conferences\/","og_site_name":"Nouvelle G\u00e9n\u00e9ration des Biotechnologistes","article_modified_time":"2023-12-04T12:36:42+00:00","og_image":[{"width":1042,"height":503,"url":"https:\/\/ngb-fr.org\/wp-content\/uploads\/2022\/05\/fond2.png","type":"image\/png"}],"twitter_card":"summary_large_image","twitter_misc":{"Dur\u00e9e de lecture estim\u00e9e":"5 minutes"},"schema":{"@context":"https:\/\/schema.org","@graph":[{"@type":"WebPage","@id":"https:\/\/ngb-fr.org\/index.php\/fr\/biotech-dayyy\/biotechday-2023\/focus-sur-les-themes-des-conferences\/","url":"https:\/\/ngb-fr.org\/index.php\/fr\/biotech-dayyy\/biotechday-2023\/focus-sur-les-themes-des-conferences\/","name":"Focus sur les th\u00e8mes des conf\u00e9rences - Nouvelle G\u00e9n\u00e9ration des Biotechnologistes","isPartOf":{"@id":"https:\/\/ngb-fr.org\/index.php\/fr\/materialis\/#website"},"primaryImageOfPage":{"@id":"https:\/\/ngb-fr.org\/index.php\/fr\/biotech-dayyy\/biotechday-2023\/focus-sur-les-themes-des-conferences\/#primaryimage"},"image":{"@id":"https:\/\/ngb-fr.org\/index.php\/fr\/biotech-dayyy\/biotechday-2023\/focus-sur-les-themes-des-conferences\/#primaryimage"},"thumbnailUrl":"https:\/\/ngb-fr.org\/wp-content\/uploads\/2022\/05\/fond2.png","datePublished":"2023-11-23T12:37:24+00:00","dateModified":"2023-12-04T12:36:42+00:00","breadcrumb":{"@id":"https:\/\/ngb-fr.org\/index.php\/fr\/biotech-dayyy\/biotechday-2023\/focus-sur-les-themes-des-conferences\/#breadcrumb"},"inLanguage":"fr-FR","potentialAction":[{"@type":"ReadAction","target":["https:\/\/ngb-fr.org\/index.php\/fr\/biotech-dayyy\/biotechday-2023\/focus-sur-les-themes-des-conferences\/"]}]},{"@type":"ImageObject","inLanguage":"fr-FR","@id":"https:\/\/ngb-fr.org\/index.php\/fr\/biotech-dayyy\/biotechday-2023\/focus-sur-les-themes-des-conferences\/#primaryimage","url":"https:\/\/ngb-fr.org\/wp-content\/uploads\/2022\/05\/fond2.png","contentUrl":"https:\/\/ngb-fr.org\/wp-content\/uploads\/2022\/05\/fond2.png","width":1042,"height":503},{"@type":"BreadcrumbList","@id":"https:\/\/ngb-fr.org\/index.php\/fr\/biotech-dayyy\/biotechday-2023\/focus-sur-les-themes-des-conferences\/#breadcrumb","itemListElement":[{"@type":"ListItem","position":1,"name":"Accueil","item":"https:\/\/ngb-fr.org\/"},{"@type":"ListItem","position":2,"name":"Biotech Day","item":"https:\/\/ngb-fr.org\/index.php\/fr\/biotech-dayyy\/"},{"@type":"ListItem","position":3,"name":"BIOTECHDAY 2023","item":"https:\/\/ngb-fr.org\/index.php\/fr\/biotech-dayyy\/biotechday-2023\/"},{"@type":"ListItem","position":4,"name":"Focus sur les th\u00e8mes des conf\u00e9rences"}]},{"@type":"WebSite","@id":"https:\/\/ngb-fr.org\/index.php\/fr\/materialis\/#website","url":"https:\/\/ngb-fr.org\/index.php\/fr\/materialis\/","name":"Nouvelle G\u00e9n\u00e9ration des Biotechnologistes","description":"","publisher":{"@id":"https:\/\/ngb-fr.org\/index.php\/fr\/materialis\/#organization"},"potentialAction":[{"@type":"SearchAction","target":{"@type":"EntryPoint","urlTemplate":"https:\/\/ngb-fr.org\/index.php\/fr\/materialis\/?s={search_term_string}"},"query-input":{"@type":"PropertyValueSpecification","valueRequired":true,"valueName":"search_term_string"}}],"inLanguage":"fr-FR"},{"@type":"Organization","@id":"https:\/\/ngb-fr.org\/index.php\/fr\/materialis\/#organization","name":"Nouvelle G\u00e9n\u00e9ration des Biotechnologistes","url":"https:\/\/ngb-fr.org\/index.php\/fr\/materialis\/","logo":{"@type":"ImageObject","inLanguage":"fr-FR","@id":"https:\/\/ngb-fr.org\/index.php\/fr\/materialis\/#\/schema\/logo\/image\/","url":"https:\/\/ngb-fr.org\/wp-content\/uploads\/2019\/02\/cropped-1.png","contentUrl":"https:\/\/ngb-fr.org\/wp-content\/uploads\/2019\/02\/cropped-1.png","width":1880,"height":1826,"caption":"Nouvelle G\u00e9n\u00e9ration des Biotechnologistes"},"image":{"@id":"https:\/\/ngb-fr.org\/index.php\/fr\/materialis\/#\/schema\/logo\/image\/"}}]}},"jetpack_sharing_enabled":true,"_links":{"self":[{"href":"https:\/\/ngb-fr.org\/index.php\/wp-json\/wp\/v2\/pages\/1057","targetHints":{"allow":["GET"]}}],"collection":[{"href":"https:\/\/ngb-fr.org\/index.php\/wp-json\/wp\/v2\/pages"}],"about":[{"href":"https:\/\/ngb-fr.org\/index.php\/wp-json\/wp\/v2\/types\/page"}],"author":[{"embeddable":true,"href":"https:\/\/ngb-fr.org\/index.php\/wp-json\/wp\/v2\/users\/2"}],"replies":[{"embeddable":true,"href":"https:\/\/ngb-fr.org\/index.php\/wp-json\/wp\/v2\/comments?post=1057"}],"version-history":[{"count":5,"href":"https:\/\/ngb-fr.org\/index.php\/wp-json\/wp\/v2\/pages\/1057\/revisions"}],"predecessor-version":[{"id":1114,"href":"https:\/\/ngb-fr.org\/index.php\/wp-json\/wp\/v2\/pages\/1057\/revisions\/1114"}],"up":[{"embeddable":true,"href":"https:\/\/ngb-fr.org\/index.php\/wp-json\/wp\/v2\/pages\/1054"}],"wp:featuredmedia":[{"embeddable":true,"href":"https:\/\/ngb-fr.org\/index.php\/wp-json\/wp\/v2\/media\/986"}],"wp:attachment":[{"href":"https:\/\/ngb-fr.org\/index.php\/wp-json\/wp\/v2\/media?parent=1057"}],"curies":[{"name":"wp","href":"https:\/\/api.w.org\/{rel}","templated":true}]}}