{"id":1062,"date":"2023-11-23T13:56:31","date_gmt":"2023-11-23T12:56:31","guid":{"rendered":"http:\/\/ngb-fr.org\/?page_id=1062"},"modified":"2023-12-06T14:18:37","modified_gmt":"2023-12-06T13:18:37","slug":"focus-sur-les-workshops","status":"publish","type":"page","link":"https:\/\/ngb-fr.org\/index.php\/biotech-dayyy\/biotechday-2023\/focus-sur-les-workshops\/","title":{"rendered":"Focus sur les workshops"},"content":{"rendered":"<p>Le jeudi 14 d\u00e9cembre 2023, de <strong>13h30 \u00e0 15h30<\/strong>, diff\u00e9rents workshops vous sont propos\u00e9s. Les places sont limit\u00e9es donc ne tardez pas \u00e0 vous inscrire en suivant <a href=\"https:\/\/docs.google.com\/spreadsheets\/d\/1Yc7W9b_efIowzohNIncUG03_0bGn6kCBEFTN0q2KNcQ\/edit#gid=0\">ce lien<\/a>\u00a0!<\/p>\n<p>Deux th\u00e8mes ont \u00e9t\u00e9 choisis pour ces workshops\u00a0:<\/p>\n<pre>La recherche d\u2019un stage\/emploi et la vie professionnelle<\/pre>\n<p>Pour cela, vous aurez l\u2019occasion de participer \u00e0 un workshop anim\u00e9 par les employ\u00e9s d\u2019Altogen et Expleo o\u00f9 vous pourrez <strong>pr\u00e9senter votre CV, votre lettre de motivation,<\/strong> ou simplement discuter des points importants lors d\u2019une candidature. Le deuxi\u00e8me workshop de ce th\u00e8me est r\u00e9alis\u00e9 par Nathalie Levey qui s\u2019occupe de recrutements et avec laquelle vous pourrez discuter du difficile exercice qu\u2019est l\u2019<strong>entretien d\u2019embauche<\/strong>. Enfin, le troisi\u00e8me workshop est une discussion avec Philipp Hess le directeur de l\u2019unit\u00e9 Phytox chez IFREMER pour en apprendre plus sur la <strong>vie active et l\u2019entreprise<\/strong>.<\/p>\n<pre>Th\u00e8se ou pas th\u00e8se\u00a0?<\/pre>\n<p>C\u2019est la grande question que se pose de nombreux \u00e9tudiants qui s\u2019appr\u00eatent \u00e0 obtenir leur dipl\u00f4me. Pour essayer d\u2019\u00e9claircir toutes les interrogations li\u00e9es \u00e0 ce sujet complexe, <strong>deux sessions identiques de 1h<\/strong> sont organis\u00e9es : elles sont anim\u00e9es par Mme Dejaegere (vice-pr\u00e9sidente d\u00e9l\u00e9gu\u00e9e \u00e0 la formation doctorale) et 3 intervenants avec des parcours post dipl\u00f4me diff\u00e9rents. Un <strong>temps de pr\u00e9sentation formelle puis un temps de discussion par petits groupes<\/strong> sont pr\u00e9vus.<\/p>\n","protected":false},"excerpt":{"rendered":"<p>Le jeudi 14 d\u00e9cembre 2023, de 13h30 \u00e0 15h30, diff\u00e9rents workshops vous sont propos\u00e9s. Les places sont limit\u00e9es donc ne tardez pas \u00e0 vous inscrire en suivant ce lien\u00a0! Deux th\u00e8mes ont \u00e9t\u00e9 choisis pour ces workshops\u00a0: La recherche d\u2019un stage\/emploi et la vie professionnelle Pour cela, vous aurez l\u2019occasion de participer \u00e0 un workshop&nbsp;&hellip;<\/p>\n","protected":false},"author":2,"featured_media":986,"parent":1054,"menu_order":3,"comment_status":"closed","ping_status":"closed","template":"","meta":{"footnotes":""},"class_list":["post-1062","page","type-page","status-publish","has-post-thumbnail","hentry"],"yoast_head":"<!-- This site is optimized with the Yoast SEO plugin v27.4 - https:\/\/yoast.com\/product\/yoast-seo-wordpress\/ -->\n<title>Focus sur les workshops - Nouvelle G\u00e9n\u00e9ration des Biotechnologistes<\/title>\n<meta name=\"robots\" content=\"index, follow, max-snippet:-1, max-image-preview:large, max-video-preview:-1\" \/>\n<link rel=\"canonical\" href=\"https:\/\/ngb-fr.org\/index.php\/fr\/biotech-dayyy\/biotechday-2023\/focus-sur-les-workshops\/\" \/>\n<meta property=\"og:locale\" content=\"fr_FR\" \/>\n<meta property=\"og:type\" content=\"article\" \/>\n<meta property=\"og:title\" content=\"Focus sur les workshops - Nouvelle G\u00e9n\u00e9ration des Biotechnologistes\" \/>\n<meta property=\"og:description\" content=\"Le jeudi 14 d\u00e9cembre 2023, de 13h30 \u00e0 15h30, diff\u00e9rents workshops vous sont propos\u00e9s. Les places sont limit\u00e9es donc ne tardez pas \u00e0 vous inscrire en suivant ce lien\u00a0! Deux th\u00e8mes ont \u00e9t\u00e9 choisis pour ces workshops\u00a0: La recherche d\u2019un stage\/emploi et la vie professionnelle Pour cela, vous aurez l\u2019occasion de participer \u00e0 un workshop&nbsp;&hellip;\" \/>\n<meta property=\"og:url\" content=\"https:\/\/ngb-fr.org\/index.php\/fr\/biotech-dayyy\/biotechday-2023\/focus-sur-les-workshops\/\" \/>\n<meta property=\"og:site_name\" content=\"Nouvelle G\u00e9n\u00e9ration des Biotechnologistes\" \/>\n<meta property=\"article:modified_time\" content=\"2023-12-06T13:18:37+00:00\" \/>\n<meta property=\"og:image\" content=\"https:\/\/ngb-fr.org\/wp-content\/uploads\/2022\/05\/fond2.png\" \/>\n\t<meta property=\"og:image:width\" content=\"1042\" \/>\n\t<meta property=\"og:image:height\" content=\"503\" \/>\n\t<meta property=\"og:image:type\" content=\"image\/png\" \/>\n<meta name=\"twitter:card\" content=\"summary_large_image\" \/>\n<meta name=\"twitter:label1\" content=\"Dur\u00e9e de lecture estim\u00e9e\" \/>\n\t<meta name=\"twitter:data1\" content=\"2 minutes\" \/>\n<script type=\"application\/ld+json\" class=\"yoast-schema-graph\">{\"@context\":\"https:\\\/\\\/schema.org\",\"@graph\":[{\"@type\":\"WebPage\",\"@id\":\"https:\\\/\\\/ngb-fr.org\\\/index.php\\\/fr\\\/biotech-dayyy\\\/biotechday-2023\\\/focus-sur-les-workshops\\\/\",\"url\":\"https:\\\/\\\/ngb-fr.org\\\/index.php\\\/fr\\\/biotech-dayyy\\\/biotechday-2023\\\/focus-sur-les-workshops\\\/\",\"name\":\"Focus sur les workshops - Nouvelle G\u00e9n\u00e9ration des Biotechnologistes\",\"isPartOf\":{\"@id\":\"https:\\\/\\\/ngb-fr.org\\\/index.php\\\/fr\\\/materialis\\\/#website\"},\"primaryImageOfPage\":{\"@id\":\"https:\\\/\\\/ngb-fr.org\\\/index.php\\\/fr\\\/biotech-dayyy\\\/biotechday-2023\\\/focus-sur-les-workshops\\\/#primaryimage\"},\"image\":{\"@id\":\"https:\\\/\\\/ngb-fr.org\\\/index.php\\\/fr\\\/biotech-dayyy\\\/biotechday-2023\\\/focus-sur-les-workshops\\\/#primaryimage\"},\"thumbnailUrl\":\"https:\\\/\\\/ngb-fr.org\\\/wp-content\\\/uploads\\\/2022\\\/05\\\/fond2.png\",\"datePublished\":\"2023-11-23T12:56:31+00:00\",\"dateModified\":\"2023-12-06T13:18:37+00:00\",\"breadcrumb\":{\"@id\":\"https:\\\/\\\/ngb-fr.org\\\/index.php\\\/fr\\\/biotech-dayyy\\\/biotechday-2023\\\/focus-sur-les-workshops\\\/#breadcrumb\"},\"inLanguage\":\"fr-FR\",\"potentialAction\":[{\"@type\":\"ReadAction\",\"target\":[\"https:\\\/\\\/ngb-fr.org\\\/index.php\\\/fr\\\/biotech-dayyy\\\/biotechday-2023\\\/focus-sur-les-workshops\\\/\"]}]},{\"@type\":\"ImageObject\",\"inLanguage\":\"fr-FR\",\"@id\":\"https:\\\/\\\/ngb-fr.org\\\/index.php\\\/fr\\\/biotech-dayyy\\\/biotechday-2023\\\/focus-sur-les-workshops\\\/#primaryimage\",\"url\":\"https:\\\/\\\/ngb-fr.org\\\/wp-content\\\/uploads\\\/2022\\\/05\\\/fond2.png\",\"contentUrl\":\"https:\\\/\\\/ngb-fr.org\\\/wp-content\\\/uploads\\\/2022\\\/05\\\/fond2.png\",\"width\":1042,\"height\":503},{\"@type\":\"BreadcrumbList\",\"@id\":\"https:\\\/\\\/ngb-fr.org\\\/index.php\\\/fr\\\/biotech-dayyy\\\/biotechday-2023\\\/focus-sur-les-workshops\\\/#breadcrumb\",\"itemListElement\":[{\"@type\":\"ListItem\",\"position\":1,\"name\":\"Accueil\",\"item\":\"https:\\\/\\\/ngb-fr.org\\\/\"},{\"@type\":\"ListItem\",\"position\":2,\"name\":\"Biotech Day\",\"item\":\"https:\\\/\\\/ngb-fr.org\\\/index.php\\\/fr\\\/biotech-dayyy\\\/\"},{\"@type\":\"ListItem\",\"position\":3,\"name\":\"BIOTECHDAY 2023\",\"item\":\"https:\\\/\\\/ngb-fr.org\\\/index.php\\\/fr\\\/biotech-dayyy\\\/biotechday-2023\\\/\"},{\"@type\":\"ListItem\",\"position\":4,\"name\":\"Focus sur les workshops\"}]},{\"@type\":\"WebSite\",\"@id\":\"https:\\\/\\\/ngb-fr.org\\\/index.php\\\/fr\\\/materialis\\\/#website\",\"url\":\"https:\\\/\\\/ngb-fr.org\\\/index.php\\\/fr\\\/materialis\\\/\",\"name\":\"Nouvelle G\u00e9n\u00e9ration des Biotechnologistes\",\"description\":\"\",\"publisher\":{\"@id\":\"https:\\\/\\\/ngb-fr.org\\\/index.php\\\/fr\\\/materialis\\\/#organization\"},\"potentialAction\":[{\"@type\":\"SearchAction\",\"target\":{\"@type\":\"EntryPoint\",\"urlTemplate\":\"https:\\\/\\\/ngb-fr.org\\\/index.php\\\/fr\\\/materialis\\\/?s={search_term_string}\"},\"query-input\":{\"@type\":\"PropertyValueSpecification\",\"valueRequired\":true,\"valueName\":\"search_term_string\"}}],\"inLanguage\":\"fr-FR\"},{\"@type\":\"Organization\",\"@id\":\"https:\\\/\\\/ngb-fr.org\\\/index.php\\\/fr\\\/materialis\\\/#organization\",\"name\":\"Nouvelle G\u00e9n\u00e9ration des Biotechnologistes\",\"url\":\"https:\\\/\\\/ngb-fr.org\\\/index.php\\\/fr\\\/materialis\\\/\",\"logo\":{\"@type\":\"ImageObject\",\"inLanguage\":\"fr-FR\",\"@id\":\"https:\\\/\\\/ngb-fr.org\\\/index.php\\\/fr\\\/materialis\\\/#\\\/schema\\\/logo\\\/image\\\/\",\"url\":\"https:\\\/\\\/ngb-fr.org\\\/wp-content\\\/uploads\\\/2019\\\/02\\\/cropped-1.png\",\"contentUrl\":\"https:\\\/\\\/ngb-fr.org\\\/wp-content\\\/uploads\\\/2019\\\/02\\\/cropped-1.png\",\"width\":1880,\"height\":1826,\"caption\":\"Nouvelle G\u00e9n\u00e9ration des Biotechnologistes\"},\"image\":{\"@id\":\"https:\\\/\\\/ngb-fr.org\\\/index.php\\\/fr\\\/materialis\\\/#\\\/schema\\\/logo\\\/image\\\/\"}}]}<\/script>\n<!-- \/ Yoast SEO plugin. -->","yoast_head_json":{"title":"Focus sur les workshops - Nouvelle G\u00e9n\u00e9ration des Biotechnologistes","robots":{"index":"index","follow":"follow","max-snippet":"max-snippet:-1","max-image-preview":"max-image-preview:large","max-video-preview":"max-video-preview:-1"},"canonical":"https:\/\/ngb-fr.org\/index.php\/fr\/biotech-dayyy\/biotechday-2023\/focus-sur-les-workshops\/","og_locale":"fr_FR","og_type":"article","og_title":"Focus sur les workshops - Nouvelle G\u00e9n\u00e9ration des Biotechnologistes","og_description":"Le jeudi 14 d\u00e9cembre 2023, de 13h30 \u00e0 15h30, diff\u00e9rents workshops vous sont propos\u00e9s. Les places sont limit\u00e9es donc ne tardez pas \u00e0 vous inscrire en suivant ce lien\u00a0! Deux th\u00e8mes ont \u00e9t\u00e9 choisis pour ces workshops\u00a0: La recherche d\u2019un stage\/emploi et la vie professionnelle Pour cela, vous aurez l\u2019occasion de participer \u00e0 un workshop&nbsp;&hellip;","og_url":"https:\/\/ngb-fr.org\/index.php\/fr\/biotech-dayyy\/biotechday-2023\/focus-sur-les-workshops\/","og_site_name":"Nouvelle G\u00e9n\u00e9ration des Biotechnologistes","article_modified_time":"2023-12-06T13:18:37+00:00","og_image":[{"width":1042,"height":503,"url":"https:\/\/ngb-fr.org\/wp-content\/uploads\/2022\/05\/fond2.png","type":"image\/png"}],"twitter_card":"summary_large_image","twitter_misc":{"Dur\u00e9e de lecture estim\u00e9e":"2 minutes"},"schema":{"@context":"https:\/\/schema.org","@graph":[{"@type":"WebPage","@id":"https:\/\/ngb-fr.org\/index.php\/fr\/biotech-dayyy\/biotechday-2023\/focus-sur-les-workshops\/","url":"https:\/\/ngb-fr.org\/index.php\/fr\/biotech-dayyy\/biotechday-2023\/focus-sur-les-workshops\/","name":"Focus sur les workshops - Nouvelle G\u00e9n\u00e9ration des Biotechnologistes","isPartOf":{"@id":"https:\/\/ngb-fr.org\/index.php\/fr\/materialis\/#website"},"primaryImageOfPage":{"@id":"https:\/\/ngb-fr.org\/index.php\/fr\/biotech-dayyy\/biotechday-2023\/focus-sur-les-workshops\/#primaryimage"},"image":{"@id":"https:\/\/ngb-fr.org\/index.php\/fr\/biotech-dayyy\/biotechday-2023\/focus-sur-les-workshops\/#primaryimage"},"thumbnailUrl":"https:\/\/ngb-fr.org\/wp-content\/uploads\/2022\/05\/fond2.png","datePublished":"2023-11-23T12:56:31+00:00","dateModified":"2023-12-06T13:18:37+00:00","breadcrumb":{"@id":"https:\/\/ngb-fr.org\/index.php\/fr\/biotech-dayyy\/biotechday-2023\/focus-sur-les-workshops\/#breadcrumb"},"inLanguage":"fr-FR","potentialAction":[{"@type":"ReadAction","target":["https:\/\/ngb-fr.org\/index.php\/fr\/biotech-dayyy\/biotechday-2023\/focus-sur-les-workshops\/"]}]},{"@type":"ImageObject","inLanguage":"fr-FR","@id":"https:\/\/ngb-fr.org\/index.php\/fr\/biotech-dayyy\/biotechday-2023\/focus-sur-les-workshops\/#primaryimage","url":"https:\/\/ngb-fr.org\/wp-content\/uploads\/2022\/05\/fond2.png","contentUrl":"https:\/\/ngb-fr.org\/wp-content\/uploads\/2022\/05\/fond2.png","width":1042,"height":503},{"@type":"BreadcrumbList","@id":"https:\/\/ngb-fr.org\/index.php\/fr\/biotech-dayyy\/biotechday-2023\/focus-sur-les-workshops\/#breadcrumb","itemListElement":[{"@type":"ListItem","position":1,"name":"Accueil","item":"https:\/\/ngb-fr.org\/"},{"@type":"ListItem","position":2,"name":"Biotech Day","item":"https:\/\/ngb-fr.org\/index.php\/fr\/biotech-dayyy\/"},{"@type":"ListItem","position":3,"name":"BIOTECHDAY 2023","item":"https:\/\/ngb-fr.org\/index.php\/fr\/biotech-dayyy\/biotechday-2023\/"},{"@type":"ListItem","position":4,"name":"Focus sur les workshops"}]},{"@type":"WebSite","@id":"https:\/\/ngb-fr.org\/index.php\/fr\/materialis\/#website","url":"https:\/\/ngb-fr.org\/index.php\/fr\/materialis\/","name":"Nouvelle G\u00e9n\u00e9ration des Biotechnologistes","description":"","publisher":{"@id":"https:\/\/ngb-fr.org\/index.php\/fr\/materialis\/#organization"},"potentialAction":[{"@type":"SearchAction","target":{"@type":"EntryPoint","urlTemplate":"https:\/\/ngb-fr.org\/index.php\/fr\/materialis\/?s={search_term_string}"},"query-input":{"@type":"PropertyValueSpecification","valueRequired":true,"valueName":"search_term_string"}}],"inLanguage":"fr-FR"},{"@type":"Organization","@id":"https:\/\/ngb-fr.org\/index.php\/fr\/materialis\/#organization","name":"Nouvelle G\u00e9n\u00e9ration des Biotechnologistes","url":"https:\/\/ngb-fr.org\/index.php\/fr\/materialis\/","logo":{"@type":"ImageObject","inLanguage":"fr-FR","@id":"https:\/\/ngb-fr.org\/index.php\/fr\/materialis\/#\/schema\/logo\/image\/","url":"https:\/\/ngb-fr.org\/wp-content\/uploads\/2019\/02\/cropped-1.png","contentUrl":"https:\/\/ngb-fr.org\/wp-content\/uploads\/2019\/02\/cropped-1.png","width":1880,"height":1826,"caption":"Nouvelle G\u00e9n\u00e9ration des Biotechnologistes"},"image":{"@id":"https:\/\/ngb-fr.org\/index.php\/fr\/materialis\/#\/schema\/logo\/image\/"}}]}},"jetpack_sharing_enabled":true,"_links":{"self":[{"href":"https:\/\/ngb-fr.org\/index.php\/wp-json\/wp\/v2\/pages\/1062","targetHints":{"allow":["GET"]}}],"collection":[{"href":"https:\/\/ngb-fr.org\/index.php\/wp-json\/wp\/v2\/pages"}],"about":[{"href":"https:\/\/ngb-fr.org\/index.php\/wp-json\/wp\/v2\/types\/page"}],"author":[{"embeddable":true,"href":"https:\/\/ngb-fr.org\/index.php\/wp-json\/wp\/v2\/users\/2"}],"replies":[{"embeddable":true,"href":"https:\/\/ngb-fr.org\/index.php\/wp-json\/wp\/v2\/comments?post=1062"}],"version-history":[{"count":3,"href":"https:\/\/ngb-fr.org\/index.php\/wp-json\/wp\/v2\/pages\/1062\/revisions"}],"predecessor-version":[{"id":1134,"href":"https:\/\/ngb-fr.org\/index.php\/wp-json\/wp\/v2\/pages\/1062\/revisions\/1134"}],"up":[{"embeddable":true,"href":"https:\/\/ngb-fr.org\/index.php\/wp-json\/wp\/v2\/pages\/1054"}],"wp:featuredmedia":[{"embeddable":true,"href":"https:\/\/ngb-fr.org\/index.php\/wp-json\/wp\/v2\/media\/986"}],"wp:attachment":[{"href":"https:\/\/ngb-fr.org\/index.php\/wp-json\/wp\/v2\/media?parent=1062"}],"curies":[{"name":"wp","href":"https:\/\/api.w.org\/{rel}","templated":true}]}}