{"id":1067,"date":"2023-11-23T13:56:57","date_gmt":"2023-11-23T12:56:57","guid":{"rendered":"http:\/\/ngb-fr.org\/?page_id=1067"},"modified":"2023-12-06T13:54:20","modified_gmt":"2023-12-06T12:54:20","slug":"la-tombola-du-biotechday","status":"publish","type":"page","link":"https:\/\/ngb-fr.org\/index.php\/biotech-dayyy\/biotechday-2023\/la-tombola-du-biotechday\/","title":{"rendered":"La tombola du BiotechDay"},"content":{"rendered":"<p>C\u2019est LA surprise de la journ\u00e9e\u00a0! En effet, cette ann\u00e9e une \u00e9quipe compos\u00e9e de quelques membres de la NGB a d\u00e9cid\u00e9 d\u2019organiser une tombola dont les gagnants seront annonc\u00e9s <strong>\u00e0 la fin de la journ\u00e9e apr\u00e8s la derni\u00e8re conf\u00e9rence<\/strong>. Une<strong> quinzaine de lots vari\u00e9s<\/strong> sont \u00e0 gagner comme des cartes cadeaux, des jeux de soci\u00e9t\u00e9s, des places pour les bains de Strasbourg et bien d\u2019autres\u00a0! On vous attend nombreux\u00a0!<\/p>\n<p>Le ticket co\u00fbte <strong>1 euros<\/strong> et vous pouvez en acheter autant que vous le souhaitez\u00a0! Pour cela il suffit de cliquer sur le lien <a href=\"https:\/\/www.helloasso.com\/associations\/nouvelle-generation-des-biotechnologistes\/evenements\/tombola-biotechday-2023\">HelloAsso<\/a> qui vous renvoie directement sur la billetterie. Vous pouvez \u00e9galement acheter les tickets <strong>directement \u00e0 l\u2019ESBS au fouaille les 1<sup>er<\/sup>, 6, 8 et 12 d\u00e9cembre<\/strong>. Et bien s\u00fbr, il sera toujours possible d\u2019en <strong>acheter sur place le jour J<\/strong>.<\/p>\n<p>Pour vous donner envie de participer et pour que vous puissiez imaginer les lots \u00e0 gagner, voici un aper\u00e7u de nos partenaires (vous pouvez t\u00e9l\u00e9charger les informations au <a href=\"http:\/\/ngb-fr.org\/wp-content\/uploads\/2023\/12\/tombola-affiche-pdf.pdf\">format PDF ici<\/a>) :<\/p>\n<ul>\n<li><strong>Les Secrets du Sablier<\/strong> : vous r\u00eavez de voyager loin ? Nous avons trouv\u00e9 le meilleur endroit pour \u00eatre d\u00e9pays\u00e9 sans bouger de Strasbourg ! Cet escape game atypique a pour th\u00e8me le voyage et vous fait d\u00e9couvrir l\u2019Egypte, le Canada, le Mexique, la Chine, au cours de diff\u00e9rentes missions.<\/li>\n<li><strong>Barri\u00e8re<\/strong> : vous \u00eates stress\u00e9 ? Vous avez envie de passer un moment relaxant dans un cadre inhabituel ? La solution se trouve ici\u2026 dans le meilleur spa de France 2021 et 2022.<\/li>\n<li><strong>Monogram\u00a0<\/strong>: vous aimez \u00e9crire\u00a0? Vous en avez marre de tout faire \u00e0 l\u2019ordinateur\u00a0? Chez Monogram, gr\u00e2ce \u00e0 des stylos et papiers haut de gamme, les clients red\u00e9couvrent l\u2019art d\u2019\u00e9crire.<\/li>\n<li><strong>Philibert<\/strong>\u00a0: pour une petite soir\u00e9e \u00ab\u00a0chill\u00a0\u00bb entre amis ou famille, le sp\u00e9cialiste du jeu de soci\u00e9t\u00e9 proposent de nombreux jeux pour petits et grands.<\/li>\n<li><strong>Virtual Center\u00a0<\/strong>: vous vous demandez ce qu\u2019est vraiment la r\u00e9alit\u00e9 virtuelle\u00a0? Chez Virtual Center, vous pouvez participer \u00e0 diverses exp\u00e9riences de VR.<\/li>\n<li><strong>Fnac<\/strong>\u00a0: Enseigne fran\u00e7aise sp\u00e9cialis\u00e9e dans la distribution de produits culturels et \u00e9lectroniques, la Fnac est un petit paradis pour les personnes aimant lire, regarder des films, \u00e9couter de la musique\u2026<\/li>\n<li><strong>Les Bains municipaux de Strasbourg<\/strong>\u00a0: vous souhaitez passer un moment de d\u00e9tente pas tr\u00e8s loin de chez vous\u00a0? Les Bains sont l\u2019endroit fait pour vous, en plein centre de Strasbourg.<\/li>\n<li><strong>Neoquests\u00a0<\/strong>: une sortie entre amis au laser game mais certaines personnes n\u2019aiment pas ce jeu\u00a0? Neoquest est la solution\u00a0: dans un immense espace, tout le monde trouvera de quoi s\u2019amuser.<\/li>\n<li><strong>Batorama\u00a0<\/strong>: pour d\u00e9couvrir ou red\u00e9couvrir la ville de Strasbourg \u00e0 bord d\u2019un bateau-promenade, Batorama propose diff\u00e9rents parcours.<\/li>\n<li><strong>Fun Parc<\/strong>\u00a0: en qu\u00eate de sensations\u00a0? Fun Parc est un lieu proposant de nombreuses activit\u00e9s en plein air comme de l\u2019accrobranche, du paintball, du minigolf\u2026<\/li>\n<li><strong>Bloc Session<\/strong> : les grimpeurs aguerris ou d\u00e9butants trouveront de quoi \u00eatre satisfait dans ces salles d\u2019escalades accessibles tous les jours et \u00e0 taille humaine.<\/li>\n<li><strong>John Doe<\/strong> : un escape game pour devenir un v\u00e9ritable agent secret pendant une heure.<\/li>\n<li><strong>Le Tr\u00e8fle<\/strong> : ce cin\u00e9ma situ\u00e9 \u00e0 Molsheim propose \u00e9galement des jeux d\u2019arcade en plus de la s\u00e9lection de films \u00e0 l\u2019affiche.<\/li>\n<li><strong>Escape the city<\/strong> : vous en avez marre des escape game ? Venez participer \u00e0 un escape game atypique, en plein air !<\/li>\n<li><strong>Les bulles \u00e0 flotter<\/strong> : le premier centre d\u2019isolation sensorielle par flottaison est \u00e0 Strasbourg, venez d\u00e9couvrir une exp\u00e9rience de relaxation inhabituelle et unique.<\/li>\n<\/ul>\n<p>&nbsp;<\/p>\n","protected":false},"excerpt":{"rendered":"<p>C\u2019est LA surprise de la journ\u00e9e\u00a0! En effet, cette ann\u00e9e une \u00e9quipe compos\u00e9e de quelques membres de la NGB a d\u00e9cid\u00e9 d\u2019organiser une tombola dont les gagnants seront annonc\u00e9s \u00e0 la fin de la journ\u00e9e apr\u00e8s la derni\u00e8re conf\u00e9rence. Une quinzaine de lots vari\u00e9s sont \u00e0 gagner comme des cartes cadeaux, des jeux de soci\u00e9t\u00e9s,&nbsp;&hellip;<\/p>\n","protected":false},"author":2,"featured_media":986,"parent":1054,"menu_order":5,"comment_status":"closed","ping_status":"closed","template":"","meta":{"footnotes":""},"class_list":["post-1067","page","type-page","status-publish","has-post-thumbnail","hentry"],"yoast_head":"<!-- This site is optimized with the Yoast SEO plugin v27.4 - https:\/\/yoast.com\/product\/yoast-seo-wordpress\/ -->\n<title>La tombola du BiotechDay - Nouvelle G\u00e9n\u00e9ration des Biotechnologistes<\/title>\n<meta name=\"robots\" content=\"index, follow, max-snippet:-1, max-image-preview:large, max-video-preview:-1\" \/>\n<link rel=\"canonical\" href=\"https:\/\/ngb-fr.org\/index.php\/fr\/biotech-dayyy\/biotechday-2023\/la-tombola-du-biotechday\/\" \/>\n<meta property=\"og:locale\" content=\"fr_FR\" \/>\n<meta property=\"og:type\" content=\"article\" \/>\n<meta property=\"og:title\" content=\"La tombola du BiotechDay - Nouvelle G\u00e9n\u00e9ration des Biotechnologistes\" \/>\n<meta property=\"og:description\" content=\"C\u2019est LA surprise de la journ\u00e9e\u00a0! En effet, cette ann\u00e9e une \u00e9quipe compos\u00e9e de quelques membres de la NGB a d\u00e9cid\u00e9 d\u2019organiser une tombola dont les gagnants seront annonc\u00e9s \u00e0 la fin de la journ\u00e9e apr\u00e8s la derni\u00e8re conf\u00e9rence. Une quinzaine de lots vari\u00e9s sont \u00e0 gagner comme des cartes cadeaux, des jeux de soci\u00e9t\u00e9s,&nbsp;&hellip;\" \/>\n<meta property=\"og:url\" content=\"https:\/\/ngb-fr.org\/index.php\/fr\/biotech-dayyy\/biotechday-2023\/la-tombola-du-biotechday\/\" \/>\n<meta property=\"og:site_name\" content=\"Nouvelle G\u00e9n\u00e9ration des Biotechnologistes\" \/>\n<meta property=\"article:modified_time\" content=\"2023-12-06T12:54:20+00:00\" \/>\n<meta property=\"og:image\" content=\"https:\/\/ngb-fr.org\/wp-content\/uploads\/2022\/05\/fond2.png\" \/>\n\t<meta property=\"og:image:width\" content=\"1042\" \/>\n\t<meta property=\"og:image:height\" content=\"503\" \/>\n\t<meta property=\"og:image:type\" content=\"image\/png\" \/>\n<meta name=\"twitter:card\" content=\"summary_large_image\" \/>\n<meta name=\"twitter:label1\" content=\"Dur\u00e9e de lecture estim\u00e9e\" \/>\n\t<meta name=\"twitter:data1\" content=\"3 minutes\" \/>\n<script type=\"application\/ld+json\" class=\"yoast-schema-graph\">{\"@context\":\"https:\\\/\\\/schema.org\",\"@graph\":[{\"@type\":\"WebPage\",\"@id\":\"https:\\\/\\\/ngb-fr.org\\\/index.php\\\/fr\\\/biotech-dayyy\\\/biotechday-2023\\\/la-tombola-du-biotechday\\\/\",\"url\":\"https:\\\/\\\/ngb-fr.org\\\/index.php\\\/fr\\\/biotech-dayyy\\\/biotechday-2023\\\/la-tombola-du-biotechday\\\/\",\"name\":\"La tombola du BiotechDay - Nouvelle G\u00e9n\u00e9ration des Biotechnologistes\",\"isPartOf\":{\"@id\":\"https:\\\/\\\/ngb-fr.org\\\/index.php\\\/fr\\\/materialis\\\/#website\"},\"primaryImageOfPage\":{\"@id\":\"https:\\\/\\\/ngb-fr.org\\\/index.php\\\/fr\\\/biotech-dayyy\\\/biotechday-2023\\\/la-tombola-du-biotechday\\\/#primaryimage\"},\"image\":{\"@id\":\"https:\\\/\\\/ngb-fr.org\\\/index.php\\\/fr\\\/biotech-dayyy\\\/biotechday-2023\\\/la-tombola-du-biotechday\\\/#primaryimage\"},\"thumbnailUrl\":\"https:\\\/\\\/ngb-fr.org\\\/wp-content\\\/uploads\\\/2022\\\/05\\\/fond2.png\",\"datePublished\":\"2023-11-23T12:56:57+00:00\",\"dateModified\":\"2023-12-06T12:54:20+00:00\",\"breadcrumb\":{\"@id\":\"https:\\\/\\\/ngb-fr.org\\\/index.php\\\/fr\\\/biotech-dayyy\\\/biotechday-2023\\\/la-tombola-du-biotechday\\\/#breadcrumb\"},\"inLanguage\":\"fr-FR\",\"potentialAction\":[{\"@type\":\"ReadAction\",\"target\":[\"https:\\\/\\\/ngb-fr.org\\\/index.php\\\/fr\\\/biotech-dayyy\\\/biotechday-2023\\\/la-tombola-du-biotechday\\\/\"]}]},{\"@type\":\"ImageObject\",\"inLanguage\":\"fr-FR\",\"@id\":\"https:\\\/\\\/ngb-fr.org\\\/index.php\\\/fr\\\/biotech-dayyy\\\/biotechday-2023\\\/la-tombola-du-biotechday\\\/#primaryimage\",\"url\":\"https:\\\/\\\/ngb-fr.org\\\/wp-content\\\/uploads\\\/2022\\\/05\\\/fond2.png\",\"contentUrl\":\"https:\\\/\\\/ngb-fr.org\\\/wp-content\\\/uploads\\\/2022\\\/05\\\/fond2.png\",\"width\":1042,\"height\":503},{\"@type\":\"BreadcrumbList\",\"@id\":\"https:\\\/\\\/ngb-fr.org\\\/index.php\\\/fr\\\/biotech-dayyy\\\/biotechday-2023\\\/la-tombola-du-biotechday\\\/#breadcrumb\",\"itemListElement\":[{\"@type\":\"ListItem\",\"position\":1,\"name\":\"Accueil\",\"item\":\"https:\\\/\\\/ngb-fr.org\\\/\"},{\"@type\":\"ListItem\",\"position\":2,\"name\":\"Biotech Day\",\"item\":\"https:\\\/\\\/ngb-fr.org\\\/index.php\\\/fr\\\/biotech-dayyy\\\/\"},{\"@type\":\"ListItem\",\"position\":3,\"name\":\"BIOTECHDAY 2023\",\"item\":\"https:\\\/\\\/ngb-fr.org\\\/index.php\\\/fr\\\/biotech-dayyy\\\/biotechday-2023\\\/\"},{\"@type\":\"ListItem\",\"position\":4,\"name\":\"La tombola du BiotechDay\"}]},{\"@type\":\"WebSite\",\"@id\":\"https:\\\/\\\/ngb-fr.org\\\/index.php\\\/fr\\\/materialis\\\/#website\",\"url\":\"https:\\\/\\\/ngb-fr.org\\\/index.php\\\/fr\\\/materialis\\\/\",\"name\":\"Nouvelle G\u00e9n\u00e9ration des Biotechnologistes\",\"description\":\"\",\"publisher\":{\"@id\":\"https:\\\/\\\/ngb-fr.org\\\/index.php\\\/fr\\\/materialis\\\/#organization\"},\"potentialAction\":[{\"@type\":\"SearchAction\",\"target\":{\"@type\":\"EntryPoint\",\"urlTemplate\":\"https:\\\/\\\/ngb-fr.org\\\/index.php\\\/fr\\\/materialis\\\/?s={search_term_string}\"},\"query-input\":{\"@type\":\"PropertyValueSpecification\",\"valueRequired\":true,\"valueName\":\"search_term_string\"}}],\"inLanguage\":\"fr-FR\"},{\"@type\":\"Organization\",\"@id\":\"https:\\\/\\\/ngb-fr.org\\\/index.php\\\/fr\\\/materialis\\\/#organization\",\"name\":\"Nouvelle G\u00e9n\u00e9ration des Biotechnologistes\",\"url\":\"https:\\\/\\\/ngb-fr.org\\\/index.php\\\/fr\\\/materialis\\\/\",\"logo\":{\"@type\":\"ImageObject\",\"inLanguage\":\"fr-FR\",\"@id\":\"https:\\\/\\\/ngb-fr.org\\\/index.php\\\/fr\\\/materialis\\\/#\\\/schema\\\/logo\\\/image\\\/\",\"url\":\"https:\\\/\\\/ngb-fr.org\\\/wp-content\\\/uploads\\\/2019\\\/02\\\/cropped-1.png\",\"contentUrl\":\"https:\\\/\\\/ngb-fr.org\\\/wp-content\\\/uploads\\\/2019\\\/02\\\/cropped-1.png\",\"width\":1880,\"height\":1826,\"caption\":\"Nouvelle G\u00e9n\u00e9ration des Biotechnologistes\"},\"image\":{\"@id\":\"https:\\\/\\\/ngb-fr.org\\\/index.php\\\/fr\\\/materialis\\\/#\\\/schema\\\/logo\\\/image\\\/\"}}]}<\/script>\n<!-- \/ Yoast SEO plugin. -->","yoast_head_json":{"title":"La tombola du BiotechDay - Nouvelle G\u00e9n\u00e9ration des Biotechnologistes","robots":{"index":"index","follow":"follow","max-snippet":"max-snippet:-1","max-image-preview":"max-image-preview:large","max-video-preview":"max-video-preview:-1"},"canonical":"https:\/\/ngb-fr.org\/index.php\/fr\/biotech-dayyy\/biotechday-2023\/la-tombola-du-biotechday\/","og_locale":"fr_FR","og_type":"article","og_title":"La tombola du BiotechDay - Nouvelle G\u00e9n\u00e9ration des Biotechnologistes","og_description":"C\u2019est LA surprise de la journ\u00e9e\u00a0! En effet, cette ann\u00e9e une \u00e9quipe compos\u00e9e de quelques membres de la NGB a d\u00e9cid\u00e9 d\u2019organiser une tombola dont les gagnants seront annonc\u00e9s \u00e0 la fin de la journ\u00e9e apr\u00e8s la derni\u00e8re conf\u00e9rence. Une quinzaine de lots vari\u00e9s sont \u00e0 gagner comme des cartes cadeaux, des jeux de soci\u00e9t\u00e9s,&nbsp;&hellip;","og_url":"https:\/\/ngb-fr.org\/index.php\/fr\/biotech-dayyy\/biotechday-2023\/la-tombola-du-biotechday\/","og_site_name":"Nouvelle G\u00e9n\u00e9ration des Biotechnologistes","article_modified_time":"2023-12-06T12:54:20+00:00","og_image":[{"width":1042,"height":503,"url":"https:\/\/ngb-fr.org\/wp-content\/uploads\/2022\/05\/fond2.png","type":"image\/png"}],"twitter_card":"summary_large_image","twitter_misc":{"Dur\u00e9e de lecture estim\u00e9e":"3 minutes"},"schema":{"@context":"https:\/\/schema.org","@graph":[{"@type":"WebPage","@id":"https:\/\/ngb-fr.org\/index.php\/fr\/biotech-dayyy\/biotechday-2023\/la-tombola-du-biotechday\/","url":"https:\/\/ngb-fr.org\/index.php\/fr\/biotech-dayyy\/biotechday-2023\/la-tombola-du-biotechday\/","name":"La tombola du BiotechDay - Nouvelle G\u00e9n\u00e9ration des Biotechnologistes","isPartOf":{"@id":"https:\/\/ngb-fr.org\/index.php\/fr\/materialis\/#website"},"primaryImageOfPage":{"@id":"https:\/\/ngb-fr.org\/index.php\/fr\/biotech-dayyy\/biotechday-2023\/la-tombola-du-biotechday\/#primaryimage"},"image":{"@id":"https:\/\/ngb-fr.org\/index.php\/fr\/biotech-dayyy\/biotechday-2023\/la-tombola-du-biotechday\/#primaryimage"},"thumbnailUrl":"https:\/\/ngb-fr.org\/wp-content\/uploads\/2022\/05\/fond2.png","datePublished":"2023-11-23T12:56:57+00:00","dateModified":"2023-12-06T12:54:20+00:00","breadcrumb":{"@id":"https:\/\/ngb-fr.org\/index.php\/fr\/biotech-dayyy\/biotechday-2023\/la-tombola-du-biotechday\/#breadcrumb"},"inLanguage":"fr-FR","potentialAction":[{"@type":"ReadAction","target":["https:\/\/ngb-fr.org\/index.php\/fr\/biotech-dayyy\/biotechday-2023\/la-tombola-du-biotechday\/"]}]},{"@type":"ImageObject","inLanguage":"fr-FR","@id":"https:\/\/ngb-fr.org\/index.php\/fr\/biotech-dayyy\/biotechday-2023\/la-tombola-du-biotechday\/#primaryimage","url":"https:\/\/ngb-fr.org\/wp-content\/uploads\/2022\/05\/fond2.png","contentUrl":"https:\/\/ngb-fr.org\/wp-content\/uploads\/2022\/05\/fond2.png","width":1042,"height":503},{"@type":"BreadcrumbList","@id":"https:\/\/ngb-fr.org\/index.php\/fr\/biotech-dayyy\/biotechday-2023\/la-tombola-du-biotechday\/#breadcrumb","itemListElement":[{"@type":"ListItem","position":1,"name":"Accueil","item":"https:\/\/ngb-fr.org\/"},{"@type":"ListItem","position":2,"name":"Biotech Day","item":"https:\/\/ngb-fr.org\/index.php\/fr\/biotech-dayyy\/"},{"@type":"ListItem","position":3,"name":"BIOTECHDAY 2023","item":"https:\/\/ngb-fr.org\/index.php\/fr\/biotech-dayyy\/biotechday-2023\/"},{"@type":"ListItem","position":4,"name":"La tombola du BiotechDay"}]},{"@type":"WebSite","@id":"https:\/\/ngb-fr.org\/index.php\/fr\/materialis\/#website","url":"https:\/\/ngb-fr.org\/index.php\/fr\/materialis\/","name":"Nouvelle G\u00e9n\u00e9ration des Biotechnologistes","description":"","publisher":{"@id":"https:\/\/ngb-fr.org\/index.php\/fr\/materialis\/#organization"},"potentialAction":[{"@type":"SearchAction","target":{"@type":"EntryPoint","urlTemplate":"https:\/\/ngb-fr.org\/index.php\/fr\/materialis\/?s={search_term_string}"},"query-input":{"@type":"PropertyValueSpecification","valueRequired":true,"valueName":"search_term_string"}}],"inLanguage":"fr-FR"},{"@type":"Organization","@id":"https:\/\/ngb-fr.org\/index.php\/fr\/materialis\/#organization","name":"Nouvelle G\u00e9n\u00e9ration des Biotechnologistes","url":"https:\/\/ngb-fr.org\/index.php\/fr\/materialis\/","logo":{"@type":"ImageObject","inLanguage":"fr-FR","@id":"https:\/\/ngb-fr.org\/index.php\/fr\/materialis\/#\/schema\/logo\/image\/","url":"https:\/\/ngb-fr.org\/wp-content\/uploads\/2019\/02\/cropped-1.png","contentUrl":"https:\/\/ngb-fr.org\/wp-content\/uploads\/2019\/02\/cropped-1.png","width":1880,"height":1826,"caption":"Nouvelle G\u00e9n\u00e9ration des Biotechnologistes"},"image":{"@id":"https:\/\/ngb-fr.org\/index.php\/fr\/materialis\/#\/schema\/logo\/image\/"}}]}},"jetpack_sharing_enabled":true,"_links":{"self":[{"href":"https:\/\/ngb-fr.org\/index.php\/wp-json\/wp\/v2\/pages\/1067","targetHints":{"allow":["GET"]}}],"collection":[{"href":"https:\/\/ngb-fr.org\/index.php\/wp-json\/wp\/v2\/pages"}],"about":[{"href":"https:\/\/ngb-fr.org\/index.php\/wp-json\/wp\/v2\/types\/page"}],"author":[{"embeddable":true,"href":"https:\/\/ngb-fr.org\/index.php\/wp-json\/wp\/v2\/users\/2"}],"replies":[{"embeddable":true,"href":"https:\/\/ngb-fr.org\/index.php\/wp-json\/wp\/v2\/comments?post=1067"}],"version-history":[{"count":7,"href":"https:\/\/ngb-fr.org\/index.php\/wp-json\/wp\/v2\/pages\/1067\/revisions"}],"predecessor-version":[{"id":1133,"href":"https:\/\/ngb-fr.org\/index.php\/wp-json\/wp\/v2\/pages\/1067\/revisions\/1133"}],"up":[{"embeddable":true,"href":"https:\/\/ngb-fr.org\/index.php\/wp-json\/wp\/v2\/pages\/1054"}],"wp:featuredmedia":[{"embeddable":true,"href":"https:\/\/ngb-fr.org\/index.php\/wp-json\/wp\/v2\/media\/986"}],"wp:attachment":[{"href":"https:\/\/ngb-fr.org\/index.php\/wp-json\/wp\/v2\/media?parent=1067"}],"curies":[{"name":"wp","href":"https:\/\/api.w.org\/{rel}","templated":true}]}}