{"id":1069,"date":"2023-11-23T13:57:14","date_gmt":"2023-11-23T12:57:14","guid":{"rendered":"http:\/\/ngb-fr.org\/?page_id=1069"},"modified":"2023-11-23T15:32:40","modified_gmt":"2023-11-23T14:32:40","slug":"retour-sur-levenement","status":"publish","type":"page","link":"https:\/\/ngb-fr.org\/index.php\/biotech-dayyy\/biotechday-2023\/retour-sur-levenement\/","title":{"rendered":"Retour sur l&rsquo;\u00e9v\u00e8nement"},"content":{"rendered":"<p>Disponible le 18 d\u00e9cembre 2023<\/p>\n","protected":false},"excerpt":{"rendered":"<p>Disponible le 18 d\u00e9cembre 2023<\/p>\n","protected":false},"author":2,"featured_media":1096,"parent":1054,"menu_order":6,"comment_status":"closed","ping_status":"closed","template":"","meta":{"footnotes":""},"class_list":["post-1069","page","type-page","status-publish","has-post-thumbnail","hentry"],"yoast_head":"<!-- This site is optimized with the Yoast SEO plugin v27.4 - https:\/\/yoast.com\/product\/yoast-seo-wordpress\/ -->\n<title>Retour sur l&#039;\u00e9v\u00e8nement - Nouvelle G\u00e9n\u00e9ration des Biotechnologistes<\/title>\n<meta name=\"robots\" content=\"index, follow, max-snippet:-1, max-image-preview:large, max-video-preview:-1\" \/>\n<link rel=\"canonical\" href=\"https:\/\/ngb-fr.org\/index.php\/fr\/biotech-dayyy\/biotechday-2023\/retour-sur-levenement\/\" \/>\n<meta property=\"og:locale\" content=\"fr_FR\" \/>\n<meta property=\"og:type\" content=\"article\" \/>\n<meta property=\"og:title\" content=\"Retour sur l&#039;\u00e9v\u00e8nement - Nouvelle G\u00e9n\u00e9ration des Biotechnologistes\" \/>\n<meta property=\"og:description\" content=\"Disponible le 18 d\u00e9cembre 2023\" \/>\n<meta property=\"og:url\" content=\"https:\/\/ngb-fr.org\/index.php\/fr\/biotech-dayyy\/biotechday-2023\/retour-sur-levenement\/\" \/>\n<meta property=\"og:site_name\" content=\"Nouvelle G\u00e9n\u00e9ration des Biotechnologistes\" \/>\n<meta property=\"article:modified_time\" content=\"2023-11-23T14:32:40+00:00\" \/>\n<meta property=\"og:image\" content=\"https:\/\/ngb-fr.org\/wp-content\/uploads\/2023\/11\/design_retourbtd.png\" \/>\n\t<meta property=\"og:image:width\" content=\"2245\" \/>\n\t<meta property=\"og:image:height\" content=\"1587\" \/>\n\t<meta property=\"og:image:type\" content=\"image\/png\" \/>\n<meta name=\"twitter:card\" content=\"summary_large_image\" \/>\n<meta name=\"twitter:label1\" content=\"Dur\u00e9e de lecture estim\u00e9e\" \/>\n\t<meta name=\"twitter:data1\" content=\"1 minute\" \/>\n<script type=\"application\/ld+json\" class=\"yoast-schema-graph\">{\"@context\":\"https:\\\/\\\/schema.org\",\"@graph\":[{\"@type\":\"WebPage\",\"@id\":\"https:\\\/\\\/ngb-fr.org\\\/index.php\\\/fr\\\/biotech-dayyy\\\/biotechday-2023\\\/retour-sur-levenement\\\/\",\"url\":\"https:\\\/\\\/ngb-fr.org\\\/index.php\\\/fr\\\/biotech-dayyy\\\/biotechday-2023\\\/retour-sur-levenement\\\/\",\"name\":\"Retour sur l'\u00e9v\u00e8nement - Nouvelle G\u00e9n\u00e9ration des Biotechnologistes\",\"isPartOf\":{\"@id\":\"https:\\\/\\\/ngb-fr.org\\\/index.php\\\/fr\\\/materialis\\\/#website\"},\"primaryImageOfPage\":{\"@id\":\"https:\\\/\\\/ngb-fr.org\\\/index.php\\\/fr\\\/biotech-dayyy\\\/biotechday-2023\\\/retour-sur-levenement\\\/#primaryimage\"},\"image\":{\"@id\":\"https:\\\/\\\/ngb-fr.org\\\/index.php\\\/fr\\\/biotech-dayyy\\\/biotechday-2023\\\/retour-sur-levenement\\\/#primaryimage\"},\"thumbnailUrl\":\"https:\\\/\\\/ngb-fr.org\\\/wp-content\\\/uploads\\\/2023\\\/11\\\/design_retourbtd.png\",\"datePublished\":\"2023-11-23T12:57:14+00:00\",\"dateModified\":\"2023-11-23T14:32:40+00:00\",\"breadcrumb\":{\"@id\":\"https:\\\/\\\/ngb-fr.org\\\/index.php\\\/fr\\\/biotech-dayyy\\\/biotechday-2023\\\/retour-sur-levenement\\\/#breadcrumb\"},\"inLanguage\":\"fr-FR\",\"potentialAction\":[{\"@type\":\"ReadAction\",\"target\":[\"https:\\\/\\\/ngb-fr.org\\\/index.php\\\/fr\\\/biotech-dayyy\\\/biotechday-2023\\\/retour-sur-levenement\\\/\"]}]},{\"@type\":\"ImageObject\",\"inLanguage\":\"fr-FR\",\"@id\":\"https:\\\/\\\/ngb-fr.org\\\/index.php\\\/fr\\\/biotech-dayyy\\\/biotechday-2023\\\/retour-sur-levenement\\\/#primaryimage\",\"url\":\"https:\\\/\\\/ngb-fr.org\\\/wp-content\\\/uploads\\\/2023\\\/11\\\/design_retourbtd.png\",\"contentUrl\":\"https:\\\/\\\/ngb-fr.org\\\/wp-content\\\/uploads\\\/2023\\\/11\\\/design_retourbtd.png\",\"width\":2245,\"height\":1587},{\"@type\":\"BreadcrumbList\",\"@id\":\"https:\\\/\\\/ngb-fr.org\\\/index.php\\\/fr\\\/biotech-dayyy\\\/biotechday-2023\\\/retour-sur-levenement\\\/#breadcrumb\",\"itemListElement\":[{\"@type\":\"ListItem\",\"position\":1,\"name\":\"Accueil\",\"item\":\"https:\\\/\\\/ngb-fr.org\\\/\"},{\"@type\":\"ListItem\",\"position\":2,\"name\":\"Biotech Day\",\"item\":\"https:\\\/\\\/ngb-fr.org\\\/index.php\\\/fr\\\/biotech-dayyy\\\/\"},{\"@type\":\"ListItem\",\"position\":3,\"name\":\"BIOTECHDAY 2023\",\"item\":\"https:\\\/\\\/ngb-fr.org\\\/index.php\\\/fr\\\/biotech-dayyy\\\/biotechday-2023\\\/\"},{\"@type\":\"ListItem\",\"position\":4,\"name\":\"Retour sur l&#8217;\u00e9v\u00e8nement\"}]},{\"@type\":\"WebSite\",\"@id\":\"https:\\\/\\\/ngb-fr.org\\\/index.php\\\/fr\\\/materialis\\\/#website\",\"url\":\"https:\\\/\\\/ngb-fr.org\\\/index.php\\\/fr\\\/materialis\\\/\",\"name\":\"Nouvelle G\u00e9n\u00e9ration des Biotechnologistes\",\"description\":\"\",\"publisher\":{\"@id\":\"https:\\\/\\\/ngb-fr.org\\\/index.php\\\/fr\\\/materialis\\\/#organization\"},\"potentialAction\":[{\"@type\":\"SearchAction\",\"target\":{\"@type\":\"EntryPoint\",\"urlTemplate\":\"https:\\\/\\\/ngb-fr.org\\\/index.php\\\/fr\\\/materialis\\\/?s={search_term_string}\"},\"query-input\":{\"@type\":\"PropertyValueSpecification\",\"valueRequired\":true,\"valueName\":\"search_term_string\"}}],\"inLanguage\":\"fr-FR\"},{\"@type\":\"Organization\",\"@id\":\"https:\\\/\\\/ngb-fr.org\\\/index.php\\\/fr\\\/materialis\\\/#organization\",\"name\":\"Nouvelle G\u00e9n\u00e9ration des Biotechnologistes\",\"url\":\"https:\\\/\\\/ngb-fr.org\\\/index.php\\\/fr\\\/materialis\\\/\",\"logo\":{\"@type\":\"ImageObject\",\"inLanguage\":\"fr-FR\",\"@id\":\"https:\\\/\\\/ngb-fr.org\\\/index.php\\\/fr\\\/materialis\\\/#\\\/schema\\\/logo\\\/image\\\/\",\"url\":\"https:\\\/\\\/ngb-fr.org\\\/wp-content\\\/uploads\\\/2019\\\/02\\\/cropped-1.png\",\"contentUrl\":\"https:\\\/\\\/ngb-fr.org\\\/wp-content\\\/uploads\\\/2019\\\/02\\\/cropped-1.png\",\"width\":1880,\"height\":1826,\"caption\":\"Nouvelle G\u00e9n\u00e9ration des Biotechnologistes\"},\"image\":{\"@id\":\"https:\\\/\\\/ngb-fr.org\\\/index.php\\\/fr\\\/materialis\\\/#\\\/schema\\\/logo\\\/image\\\/\"}}]}<\/script>\n<!-- \/ Yoast SEO plugin. -->","yoast_head_json":{"title":"Retour sur l'\u00e9v\u00e8nement - Nouvelle G\u00e9n\u00e9ration des Biotechnologistes","robots":{"index":"index","follow":"follow","max-snippet":"max-snippet:-1","max-image-preview":"max-image-preview:large","max-video-preview":"max-video-preview:-1"},"canonical":"https:\/\/ngb-fr.org\/index.php\/fr\/biotech-dayyy\/biotechday-2023\/retour-sur-levenement\/","og_locale":"fr_FR","og_type":"article","og_title":"Retour sur l'\u00e9v\u00e8nement - Nouvelle G\u00e9n\u00e9ration des Biotechnologistes","og_description":"Disponible le 18 d\u00e9cembre 2023","og_url":"https:\/\/ngb-fr.org\/index.php\/fr\/biotech-dayyy\/biotechday-2023\/retour-sur-levenement\/","og_site_name":"Nouvelle G\u00e9n\u00e9ration des Biotechnologistes","article_modified_time":"2023-11-23T14:32:40+00:00","og_image":[{"width":2245,"height":1587,"url":"https:\/\/ngb-fr.org\/wp-content\/uploads\/2023\/11\/design_retourbtd.png","type":"image\/png"}],"twitter_card":"summary_large_image","twitter_misc":{"Dur\u00e9e de lecture estim\u00e9e":"1 minute"},"schema":{"@context":"https:\/\/schema.org","@graph":[{"@type":"WebPage","@id":"https:\/\/ngb-fr.org\/index.php\/fr\/biotech-dayyy\/biotechday-2023\/retour-sur-levenement\/","url":"https:\/\/ngb-fr.org\/index.php\/fr\/biotech-dayyy\/biotechday-2023\/retour-sur-levenement\/","name":"Retour sur l'\u00e9v\u00e8nement - Nouvelle G\u00e9n\u00e9ration des Biotechnologistes","isPartOf":{"@id":"https:\/\/ngb-fr.org\/index.php\/fr\/materialis\/#website"},"primaryImageOfPage":{"@id":"https:\/\/ngb-fr.org\/index.php\/fr\/biotech-dayyy\/biotechday-2023\/retour-sur-levenement\/#primaryimage"},"image":{"@id":"https:\/\/ngb-fr.org\/index.php\/fr\/biotech-dayyy\/biotechday-2023\/retour-sur-levenement\/#primaryimage"},"thumbnailUrl":"https:\/\/ngb-fr.org\/wp-content\/uploads\/2023\/11\/design_retourbtd.png","datePublished":"2023-11-23T12:57:14+00:00","dateModified":"2023-11-23T14:32:40+00:00","breadcrumb":{"@id":"https:\/\/ngb-fr.org\/index.php\/fr\/biotech-dayyy\/biotechday-2023\/retour-sur-levenement\/#breadcrumb"},"inLanguage":"fr-FR","potentialAction":[{"@type":"ReadAction","target":["https:\/\/ngb-fr.org\/index.php\/fr\/biotech-dayyy\/biotechday-2023\/retour-sur-levenement\/"]}]},{"@type":"ImageObject","inLanguage":"fr-FR","@id":"https:\/\/ngb-fr.org\/index.php\/fr\/biotech-dayyy\/biotechday-2023\/retour-sur-levenement\/#primaryimage","url":"https:\/\/ngb-fr.org\/wp-content\/uploads\/2023\/11\/design_retourbtd.png","contentUrl":"https:\/\/ngb-fr.org\/wp-content\/uploads\/2023\/11\/design_retourbtd.png","width":2245,"height":1587},{"@type":"BreadcrumbList","@id":"https:\/\/ngb-fr.org\/index.php\/fr\/biotech-dayyy\/biotechday-2023\/retour-sur-levenement\/#breadcrumb","itemListElement":[{"@type":"ListItem","position":1,"name":"Accueil","item":"https:\/\/ngb-fr.org\/"},{"@type":"ListItem","position":2,"name":"Biotech Day","item":"https:\/\/ngb-fr.org\/index.php\/fr\/biotech-dayyy\/"},{"@type":"ListItem","position":3,"name":"BIOTECHDAY 2023","item":"https:\/\/ngb-fr.org\/index.php\/fr\/biotech-dayyy\/biotechday-2023\/"},{"@type":"ListItem","position":4,"name":"Retour sur l&#8217;\u00e9v\u00e8nement"}]},{"@type":"WebSite","@id":"https:\/\/ngb-fr.org\/index.php\/fr\/materialis\/#website","url":"https:\/\/ngb-fr.org\/index.php\/fr\/materialis\/","name":"Nouvelle G\u00e9n\u00e9ration des Biotechnologistes","description":"","publisher":{"@id":"https:\/\/ngb-fr.org\/index.php\/fr\/materialis\/#organization"},"potentialAction":[{"@type":"SearchAction","target":{"@type":"EntryPoint","urlTemplate":"https:\/\/ngb-fr.org\/index.php\/fr\/materialis\/?s={search_term_string}"},"query-input":{"@type":"PropertyValueSpecification","valueRequired":true,"valueName":"search_term_string"}}],"inLanguage":"fr-FR"},{"@type":"Organization","@id":"https:\/\/ngb-fr.org\/index.php\/fr\/materialis\/#organization","name":"Nouvelle G\u00e9n\u00e9ration des Biotechnologistes","url":"https:\/\/ngb-fr.org\/index.php\/fr\/materialis\/","logo":{"@type":"ImageObject","inLanguage":"fr-FR","@id":"https:\/\/ngb-fr.org\/index.php\/fr\/materialis\/#\/schema\/logo\/image\/","url":"https:\/\/ngb-fr.org\/wp-content\/uploads\/2019\/02\/cropped-1.png","contentUrl":"https:\/\/ngb-fr.org\/wp-content\/uploads\/2019\/02\/cropped-1.png","width":1880,"height":1826,"caption":"Nouvelle G\u00e9n\u00e9ration des Biotechnologistes"},"image":{"@id":"https:\/\/ngb-fr.org\/index.php\/fr\/materialis\/#\/schema\/logo\/image\/"}}]}},"jetpack_sharing_enabled":true,"_links":{"self":[{"href":"https:\/\/ngb-fr.org\/index.php\/wp-json\/wp\/v2\/pages\/1069","targetHints":{"allow":["GET"]}}],"collection":[{"href":"https:\/\/ngb-fr.org\/index.php\/wp-json\/wp\/v2\/pages"}],"about":[{"href":"https:\/\/ngb-fr.org\/index.php\/wp-json\/wp\/v2\/types\/page"}],"author":[{"embeddable":true,"href":"https:\/\/ngb-fr.org\/index.php\/wp-json\/wp\/v2\/users\/2"}],"replies":[{"embeddable":true,"href":"https:\/\/ngb-fr.org\/index.php\/wp-json\/wp\/v2\/comments?post=1069"}],"version-history":[{"count":2,"href":"https:\/\/ngb-fr.org\/index.php\/wp-json\/wp\/v2\/pages\/1069\/revisions"}],"predecessor-version":[{"id":1097,"href":"https:\/\/ngb-fr.org\/index.php\/wp-json\/wp\/v2\/pages\/1069\/revisions\/1097"}],"up":[{"embeddable":true,"href":"https:\/\/ngb-fr.org\/index.php\/wp-json\/wp\/v2\/pages\/1054"}],"wp:featuredmedia":[{"embeddable":true,"href":"https:\/\/ngb-fr.org\/index.php\/wp-json\/wp\/v2\/media\/1096"}],"wp:attachment":[{"href":"https:\/\/ngb-fr.org\/index.php\/wp-json\/wp\/v2\/media?parent=1069"}],"curies":[{"name":"wp","href":"https:\/\/api.w.org\/{rel}","templated":true}]}}