{"id":134,"date":"2019-02-12T16:05:17","date_gmt":"2019-02-12T15:05:17","guid":{"rendered":"http:\/\/ngb-fr.org\/?page_id=134"},"modified":"2020-03-01T21:58:57","modified_gmt":"2020-03-01T20:58:57","slug":"conferences","status":"publish","type":"page","link":"https:\/\/ngb-fr.org\/index.php\/nouveautes\/conferences\/","title":{"rendered":"Conf\u00e9rences"},"content":{"rendered":"<p>Tous les mois, des conf\u00e9rences sont organis\u00e9es par la team \u00ab\u00a0projet\u00a0\u00bb de notre \u00e9quipe. Nous cr\u00e9ons un article pour chaque conf\u00e9rence.<\/p>\n<p>\u00c7i-dessous, les liens pour chaque conf\u00e9rence :<\/p>\n<ul>\n<li>11 February 2020 &#8211; Genetics and Ethics<\/li>\n<li>26 novembre 2019 &#8211; <a href=\"http:\/\/ngb-fr.org\/index.php\/fr\/2019\/12\/04\/thesis-or-not-thesis-2\/\">Thesis or not Thesis<\/a><\/li>\n<li>13 f\u00e9vrier 2019 &#8211; <a href=\"http:\/\/ngb-fr.org\/index.php\/2019\/02\/18\/la-chimie-de-lamour\/\">la chimie de l&rsquo;amour<\/a> en collaboration avec le <a href=\"https:\/\/www.cephi.fr\">Cephi<\/a><\/li>\n<li>6 d\u00e9cembre 2018- <a href=\"http:\/\/ngb-fr.org\/index.php\/2019\/02\/18\/biofuels-polymers\/\">biofuels &amp; polymers<\/a> &#8211; Coraline RIGOUIN<\/li>\n<li>16 octobre 2018- <a href=\"http:\/\/ngb-fr.org\/index.php\/2019\/02\/18\/membrane-separation-technology\/\">membrane separation technology<\/a> &#8211; Maud VILAIN<\/li>\n<li>4 avril 2018 &#8211; <a href=\"http:\/\/ngb-fr.org\/index.php\/2019\/03\/19\/mrna-uridylation\/\">mRNA uridylation<\/a> &#8211; H\u00e9l\u00e8ne ZUBER<\/li>\n<\/ul>\n","protected":false},"excerpt":{"rendered":"<p>Tous les mois, des conf\u00e9rences sont organis\u00e9es par la team \u00ab\u00a0projet\u00a0\u00bb de notre \u00e9quipe. Nous cr\u00e9ons un article pour chaque conf\u00e9rence. \u00c7i-dessous, les liens pour chaque conf\u00e9rence : 11 February 2020 &#8211; Genetics and Ethics 26 novembre 2019 &#8211; Thesis or not Thesis 13 f\u00e9vrier 2019 &#8211; la chimie de l&rsquo;amour en collaboration avec le&nbsp;&hellip;<\/p>\n","protected":false},"author":2,"featured_media":183,"parent":143,"menu_order":0,"comment_status":"closed","ping_status":"closed","template":"","meta":{"footnotes":""},"class_list":["post-134","page","type-page","status-publish","has-post-thumbnail","hentry"],"yoast_head":"<!-- This site is optimized with the Yoast SEO plugin v27.4 - https:\/\/yoast.com\/product\/yoast-seo-wordpress\/ -->\n<title>Conf\u00e9rences - Nouvelle G\u00e9n\u00e9ration des Biotechnologistes<\/title>\n<meta name=\"robots\" content=\"index, follow, max-snippet:-1, max-image-preview:large, max-video-preview:-1\" \/>\n<link rel=\"canonical\" href=\"https:\/\/ngb-fr.org\/index.php\/fr\/nouveautes\/conferences\/\" \/>\n<meta property=\"og:locale\" content=\"fr_FR\" \/>\n<meta property=\"og:type\" content=\"article\" \/>\n<meta property=\"og:title\" content=\"Conf\u00e9rences - Nouvelle G\u00e9n\u00e9ration des Biotechnologistes\" \/>\n<meta property=\"og:description\" content=\"Tous les mois, des conf\u00e9rences sont organis\u00e9es par la team \u00ab\u00a0projet\u00a0\u00bb de notre \u00e9quipe. Nous cr\u00e9ons un article pour chaque conf\u00e9rence. \u00c7i-dessous, les liens pour chaque conf\u00e9rence : 11 February 2020 &#8211; Genetics and Ethics 26 novembre 2019 &#8211; Thesis or not Thesis 13 f\u00e9vrier 2019 &#8211; la chimie de l&rsquo;amour en collaboration avec le&nbsp;&hellip;\" \/>\n<meta property=\"og:url\" content=\"https:\/\/ngb-fr.org\/index.php\/fr\/nouveautes\/conferences\/\" \/>\n<meta property=\"og:site_name\" content=\"Nouvelle G\u00e9n\u00e9ration des Biotechnologistes\" \/>\n<meta property=\"article:modified_time\" content=\"2020-03-01T20:58:57+00:00\" \/>\n<meta property=\"og:image\" content=\"https:\/\/ngb-fr.org\/wp-content\/uploads\/2019\/02\/Capture-d\u2019\u00e9cran-2019-02-18-\u00e0-16.50.24.png\" \/>\n\t<meta property=\"og:image:width\" content=\"1418\" \/>\n\t<meta property=\"og:image:height\" content=\"738\" \/>\n\t<meta property=\"og:image:type\" content=\"image\/png\" \/>\n<meta name=\"twitter:card\" content=\"summary_large_image\" \/>\n<script type=\"application\/ld+json\" class=\"yoast-schema-graph\">{\"@context\":\"https:\\\/\\\/schema.org\",\"@graph\":[{\"@type\":\"WebPage\",\"@id\":\"https:\\\/\\\/ngb-fr.org\\\/index.php\\\/fr\\\/nouveautes\\\/conferences\\\/\",\"url\":\"https:\\\/\\\/ngb-fr.org\\\/index.php\\\/fr\\\/nouveautes\\\/conferences\\\/\",\"name\":\"Conf\u00e9rences - Nouvelle G\u00e9n\u00e9ration des Biotechnologistes\",\"isPartOf\":{\"@id\":\"https:\\\/\\\/ngb-fr.org\\\/index.php\\\/fr\\\/materialis\\\/#website\"},\"primaryImageOfPage\":{\"@id\":\"https:\\\/\\\/ngb-fr.org\\\/index.php\\\/fr\\\/nouveautes\\\/conferences\\\/#primaryimage\"},\"image\":{\"@id\":\"https:\\\/\\\/ngb-fr.org\\\/index.php\\\/fr\\\/nouveautes\\\/conferences\\\/#primaryimage\"},\"thumbnailUrl\":\"https:\\\/\\\/ngb-fr.org\\\/wp-content\\\/uploads\\\/2019\\\/02\\\/Capture-d\u2019\u00e9cran-2019-02-18-\u00e0-16.50.24.png\",\"datePublished\":\"2019-02-12T15:05:17+00:00\",\"dateModified\":\"2020-03-01T20:58:57+00:00\",\"breadcrumb\":{\"@id\":\"https:\\\/\\\/ngb-fr.org\\\/index.php\\\/fr\\\/nouveautes\\\/conferences\\\/#breadcrumb\"},\"inLanguage\":\"fr-FR\",\"potentialAction\":[{\"@type\":\"ReadAction\",\"target\":[\"https:\\\/\\\/ngb-fr.org\\\/index.php\\\/fr\\\/nouveautes\\\/conferences\\\/\"]}]},{\"@type\":\"ImageObject\",\"inLanguage\":\"fr-FR\",\"@id\":\"https:\\\/\\\/ngb-fr.org\\\/index.php\\\/fr\\\/nouveautes\\\/conferences\\\/#primaryimage\",\"url\":\"https:\\\/\\\/ngb-fr.org\\\/wp-content\\\/uploads\\\/2019\\\/02\\\/Capture-d\u2019\u00e9cran-2019-02-18-\u00e0-16.50.24.png\",\"contentUrl\":\"https:\\\/\\\/ngb-fr.org\\\/wp-content\\\/uploads\\\/2019\\\/02\\\/Capture-d\u2019\u00e9cran-2019-02-18-\u00e0-16.50.24.png\",\"width\":1418,\"height\":738},{\"@type\":\"BreadcrumbList\",\"@id\":\"https:\\\/\\\/ngb-fr.org\\\/index.php\\\/fr\\\/nouveautes\\\/conferences\\\/#breadcrumb\",\"itemListElement\":[{\"@type\":\"ListItem\",\"position\":1,\"name\":\"Accueil\",\"item\":\"https:\\\/\\\/ngb-fr.org\\\/\"},{\"@type\":\"ListItem\",\"position\":2,\"name\":\"Nouveaut\u00e9s\",\"item\":\"https:\\\/\\\/ngb-fr.org\\\/index.php\\\/fr\\\/nouveautes\\\/\"},{\"@type\":\"ListItem\",\"position\":3,\"name\":\"Conf\u00e9rences\"}]},{\"@type\":\"WebSite\",\"@id\":\"https:\\\/\\\/ngb-fr.org\\\/index.php\\\/fr\\\/materialis\\\/#website\",\"url\":\"https:\\\/\\\/ngb-fr.org\\\/index.php\\\/fr\\\/materialis\\\/\",\"name\":\"Nouvelle G\u00e9n\u00e9ration des Biotechnologistes\",\"description\":\"\",\"publisher\":{\"@id\":\"https:\\\/\\\/ngb-fr.org\\\/index.php\\\/fr\\\/materialis\\\/#organization\"},\"potentialAction\":[{\"@type\":\"SearchAction\",\"target\":{\"@type\":\"EntryPoint\",\"urlTemplate\":\"https:\\\/\\\/ngb-fr.org\\\/index.php\\\/fr\\\/materialis\\\/?s={search_term_string}\"},\"query-input\":{\"@type\":\"PropertyValueSpecification\",\"valueRequired\":true,\"valueName\":\"search_term_string\"}}],\"inLanguage\":\"fr-FR\"},{\"@type\":\"Organization\",\"@id\":\"https:\\\/\\\/ngb-fr.org\\\/index.php\\\/fr\\\/materialis\\\/#organization\",\"name\":\"Nouvelle G\u00e9n\u00e9ration des Biotechnologistes\",\"url\":\"https:\\\/\\\/ngb-fr.org\\\/index.php\\\/fr\\\/materialis\\\/\",\"logo\":{\"@type\":\"ImageObject\",\"inLanguage\":\"fr-FR\",\"@id\":\"https:\\\/\\\/ngb-fr.org\\\/index.php\\\/fr\\\/materialis\\\/#\\\/schema\\\/logo\\\/image\\\/\",\"url\":\"https:\\\/\\\/ngb-fr.org\\\/wp-content\\\/uploads\\\/2019\\\/02\\\/cropped-1.png\",\"contentUrl\":\"https:\\\/\\\/ngb-fr.org\\\/wp-content\\\/uploads\\\/2019\\\/02\\\/cropped-1.png\",\"width\":1880,\"height\":1826,\"caption\":\"Nouvelle G\u00e9n\u00e9ration des Biotechnologistes\"},\"image\":{\"@id\":\"https:\\\/\\\/ngb-fr.org\\\/index.php\\\/fr\\\/materialis\\\/#\\\/schema\\\/logo\\\/image\\\/\"}}]}<\/script>\n<!-- \/ Yoast SEO plugin. -->","yoast_head_json":{"title":"Conf\u00e9rences - Nouvelle G\u00e9n\u00e9ration des Biotechnologistes","robots":{"index":"index","follow":"follow","max-snippet":"max-snippet:-1","max-image-preview":"max-image-preview:large","max-video-preview":"max-video-preview:-1"},"canonical":"https:\/\/ngb-fr.org\/index.php\/fr\/nouveautes\/conferences\/","og_locale":"fr_FR","og_type":"article","og_title":"Conf\u00e9rences - Nouvelle G\u00e9n\u00e9ration des Biotechnologistes","og_description":"Tous les mois, des conf\u00e9rences sont organis\u00e9es par la team \u00ab\u00a0projet\u00a0\u00bb de notre \u00e9quipe. Nous cr\u00e9ons un article pour chaque conf\u00e9rence. \u00c7i-dessous, les liens pour chaque conf\u00e9rence : 11 February 2020 &#8211; Genetics and Ethics 26 novembre 2019 &#8211; Thesis or not Thesis 13 f\u00e9vrier 2019 &#8211; la chimie de l&rsquo;amour en collaboration avec le&nbsp;&hellip;","og_url":"https:\/\/ngb-fr.org\/index.php\/fr\/nouveautes\/conferences\/","og_site_name":"Nouvelle G\u00e9n\u00e9ration des Biotechnologistes","article_modified_time":"2020-03-01T20:58:57+00:00","og_image":[{"width":1418,"height":738,"url":"https:\/\/ngb-fr.org\/wp-content\/uploads\/2019\/02\/Capture-d\u2019\u00e9cran-2019-02-18-\u00e0-16.50.24.png","type":"image\/png"}],"twitter_card":"summary_large_image","schema":{"@context":"https:\/\/schema.org","@graph":[{"@type":"WebPage","@id":"https:\/\/ngb-fr.org\/index.php\/fr\/nouveautes\/conferences\/","url":"https:\/\/ngb-fr.org\/index.php\/fr\/nouveautes\/conferences\/","name":"Conf\u00e9rences - Nouvelle G\u00e9n\u00e9ration des Biotechnologistes","isPartOf":{"@id":"https:\/\/ngb-fr.org\/index.php\/fr\/materialis\/#website"},"primaryImageOfPage":{"@id":"https:\/\/ngb-fr.org\/index.php\/fr\/nouveautes\/conferences\/#primaryimage"},"image":{"@id":"https:\/\/ngb-fr.org\/index.php\/fr\/nouveautes\/conferences\/#primaryimage"},"thumbnailUrl":"https:\/\/ngb-fr.org\/wp-content\/uploads\/2019\/02\/Capture-d\u2019\u00e9cran-2019-02-18-\u00e0-16.50.24.png","datePublished":"2019-02-12T15:05:17+00:00","dateModified":"2020-03-01T20:58:57+00:00","breadcrumb":{"@id":"https:\/\/ngb-fr.org\/index.php\/fr\/nouveautes\/conferences\/#breadcrumb"},"inLanguage":"fr-FR","potentialAction":[{"@type":"ReadAction","target":["https:\/\/ngb-fr.org\/index.php\/fr\/nouveautes\/conferences\/"]}]},{"@type":"ImageObject","inLanguage":"fr-FR","@id":"https:\/\/ngb-fr.org\/index.php\/fr\/nouveautes\/conferences\/#primaryimage","url":"https:\/\/ngb-fr.org\/wp-content\/uploads\/2019\/02\/Capture-d\u2019\u00e9cran-2019-02-18-\u00e0-16.50.24.png","contentUrl":"https:\/\/ngb-fr.org\/wp-content\/uploads\/2019\/02\/Capture-d\u2019\u00e9cran-2019-02-18-\u00e0-16.50.24.png","width":1418,"height":738},{"@type":"BreadcrumbList","@id":"https:\/\/ngb-fr.org\/index.php\/fr\/nouveautes\/conferences\/#breadcrumb","itemListElement":[{"@type":"ListItem","position":1,"name":"Accueil","item":"https:\/\/ngb-fr.org\/"},{"@type":"ListItem","position":2,"name":"Nouveaut\u00e9s","item":"https:\/\/ngb-fr.org\/index.php\/fr\/nouveautes\/"},{"@type":"ListItem","position":3,"name":"Conf\u00e9rences"}]},{"@type":"WebSite","@id":"https:\/\/ngb-fr.org\/index.php\/fr\/materialis\/#website","url":"https:\/\/ngb-fr.org\/index.php\/fr\/materialis\/","name":"Nouvelle G\u00e9n\u00e9ration des Biotechnologistes","description":"","publisher":{"@id":"https:\/\/ngb-fr.org\/index.php\/fr\/materialis\/#organization"},"potentialAction":[{"@type":"SearchAction","target":{"@type":"EntryPoint","urlTemplate":"https:\/\/ngb-fr.org\/index.php\/fr\/materialis\/?s={search_term_string}"},"query-input":{"@type":"PropertyValueSpecification","valueRequired":true,"valueName":"search_term_string"}}],"inLanguage":"fr-FR"},{"@type":"Organization","@id":"https:\/\/ngb-fr.org\/index.php\/fr\/materialis\/#organization","name":"Nouvelle G\u00e9n\u00e9ration des Biotechnologistes","url":"https:\/\/ngb-fr.org\/index.php\/fr\/materialis\/","logo":{"@type":"ImageObject","inLanguage":"fr-FR","@id":"https:\/\/ngb-fr.org\/index.php\/fr\/materialis\/#\/schema\/logo\/image\/","url":"https:\/\/ngb-fr.org\/wp-content\/uploads\/2019\/02\/cropped-1.png","contentUrl":"https:\/\/ngb-fr.org\/wp-content\/uploads\/2019\/02\/cropped-1.png","width":1880,"height":1826,"caption":"Nouvelle G\u00e9n\u00e9ration des Biotechnologistes"},"image":{"@id":"https:\/\/ngb-fr.org\/index.php\/fr\/materialis\/#\/schema\/logo\/image\/"}}]}},"jetpack_sharing_enabled":true,"_links":{"self":[{"href":"https:\/\/ngb-fr.org\/index.php\/wp-json\/wp\/v2\/pages\/134","targetHints":{"allow":["GET"]}}],"collection":[{"href":"https:\/\/ngb-fr.org\/index.php\/wp-json\/wp\/v2\/pages"}],"about":[{"href":"https:\/\/ngb-fr.org\/index.php\/wp-json\/wp\/v2\/types\/page"}],"author":[{"embeddable":true,"href":"https:\/\/ngb-fr.org\/index.php\/wp-json\/wp\/v2\/users\/2"}],"replies":[{"embeddable":true,"href":"https:\/\/ngb-fr.org\/index.php\/wp-json\/wp\/v2\/comments?post=134"}],"version-history":[{"count":10,"href":"https:\/\/ngb-fr.org\/index.php\/wp-json\/wp\/v2\/pages\/134\/revisions"}],"predecessor-version":[{"id":566,"href":"https:\/\/ngb-fr.org\/index.php\/wp-json\/wp\/v2\/pages\/134\/revisions\/566"}],"up":[{"embeddable":true,"href":"https:\/\/ngb-fr.org\/index.php\/wp-json\/wp\/v2\/pages\/143"}],"wp:featuredmedia":[{"embeddable":true,"href":"https:\/\/ngb-fr.org\/index.php\/wp-json\/wp\/v2\/media\/183"}],"wp:attachment":[{"href":"https:\/\/ngb-fr.org\/index.php\/wp-json\/wp\/v2\/media?parent=134"}],"curies":[{"name":"wp","href":"https:\/\/api.w.org\/{rel}","templated":true}]}}