{"id":143,"date":"2019-02-18T15:32:48","date_gmt":"2019-02-18T14:32:48","guid":{"rendered":"http:\/\/ngb-fr.org\/?page_id=143"},"modified":"2020-02-18T13:11:00","modified_gmt":"2020-02-18T12:11:00","slug":"nouveautes","status":"publish","type":"page","link":"https:\/\/ngb-fr.org\/index.php\/nouveautes\/","title":{"rendered":"Nouveaut\u00e9s"},"content":{"rendered":"<p>R\u00e9guli\u00e8rement, notre team \u00ab\u00a0projet\u00a0\u00bb d\u00e9marche des entreprises pour permettre un certain nombre de personnes de visiter l&rsquo;entreprise et de d\u00e9couvrir un nouvel environnement professionnel.<\/p>\n<p>Pour chaque visite, nous cr\u00e9ons un article. Voici ci-dessous la liste des articles :<\/p>\n<ul>\n<li>\u00a06th\u00a0February, 2020 &#8211; <a href=\"http:\/\/ngb-fr.org\/index.php\/fr\/visites-dentreprise\/ngb-visit-to-hoffmann-la-roche-in-basel\/\">visit to\u00a0Hoffmann-La\u00a0Roche\u00a0<\/a><\/li>\n<li>31 janvier 2019 &#8211; <a href=\"http:\/\/ngb-fr.org\/index.php\/2019\/02\/18\/visite-de-biosynex\/\">Visite de Biosynex<\/a><\/li>\n<\/ul>\n","protected":false},"excerpt":{"rendered":"<p>R\u00e9guli\u00e8rement, notre team \u00ab\u00a0projet\u00a0\u00bb d\u00e9marche des entreprises pour permettre un certain nombre de personnes de visiter l&rsquo;entreprise et de d\u00e9couvrir un nouvel environnement professionnel. Pour chaque visite, nous cr\u00e9ons un article. Voici ci-dessous la liste des articles : \u00a06th\u00a0February, 2020 &#8211; visit to\u00a0Hoffmann-La\u00a0Roche\u00a0 31 janvier 2019 &#8211; Visite de Biosynex<\/p>\n","protected":false},"author":2,"featured_media":0,"parent":0,"menu_order":0,"comment_status":"closed","ping_status":"closed","template":"","meta":{"footnotes":""},"class_list":["post-143","page","type-page","status-publish","hentry"],"yoast_head":"<!-- This site is optimized with the Yoast SEO plugin v27.4 - https:\/\/yoast.com\/product\/yoast-seo-wordpress\/ -->\n<title>Nouveaut\u00e9s - Nouvelle G\u00e9n\u00e9ration des Biotechnologistes<\/title>\n<meta name=\"robots\" content=\"index, follow, max-snippet:-1, max-image-preview:large, max-video-preview:-1\" \/>\n<link rel=\"canonical\" href=\"https:\/\/ngb-fr.org\/index.php\/fr\/nouveautes\/\" \/>\n<meta property=\"og:locale\" content=\"fr_FR\" \/>\n<meta property=\"og:type\" content=\"article\" \/>\n<meta property=\"og:title\" content=\"Nouveaut\u00e9s - Nouvelle G\u00e9n\u00e9ration des Biotechnologistes\" \/>\n<meta property=\"og:description\" content=\"R\u00e9guli\u00e8rement, notre team \u00ab\u00a0projet\u00a0\u00bb d\u00e9marche des entreprises pour permettre un certain nombre de personnes de visiter l&rsquo;entreprise et de d\u00e9couvrir un nouvel environnement professionnel. Pour chaque visite, nous cr\u00e9ons un article. Voici ci-dessous la liste des articles : \u00a06th\u00a0February, 2020 &#8211; visit to\u00a0Hoffmann-La\u00a0Roche\u00a0 31 janvier 2019 &#8211; Visite de Biosynex\" \/>\n<meta property=\"og:url\" content=\"https:\/\/ngb-fr.org\/index.php\/fr\/nouveautes\/\" \/>\n<meta property=\"og:site_name\" content=\"Nouvelle G\u00e9n\u00e9ration des Biotechnologistes\" \/>\n<meta property=\"article:modified_time\" content=\"2020-02-18T12:11:00+00:00\" \/>\n<meta name=\"twitter:card\" content=\"summary_large_image\" \/>\n<script type=\"application\/ld+json\" class=\"yoast-schema-graph\">{\"@context\":\"https:\\\/\\\/schema.org\",\"@graph\":[{\"@type\":\"WebPage\",\"@id\":\"https:\\\/\\\/ngb-fr.org\\\/index.php\\\/fr\\\/nouveautes\\\/\",\"url\":\"https:\\\/\\\/ngb-fr.org\\\/index.php\\\/fr\\\/nouveautes\\\/\",\"name\":\"Nouveaut\u00e9s - Nouvelle G\u00e9n\u00e9ration des Biotechnologistes\",\"isPartOf\":{\"@id\":\"https:\\\/\\\/ngb-fr.org\\\/index.php\\\/fr\\\/materialis\\\/#website\"},\"datePublished\":\"2019-02-18T14:32:48+00:00\",\"dateModified\":\"2020-02-18T12:11:00+00:00\",\"breadcrumb\":{\"@id\":\"https:\\\/\\\/ngb-fr.org\\\/index.php\\\/fr\\\/nouveautes\\\/#breadcrumb\"},\"inLanguage\":\"fr-FR\",\"potentialAction\":[{\"@type\":\"ReadAction\",\"target\":[\"https:\\\/\\\/ngb-fr.org\\\/index.php\\\/fr\\\/nouveautes\\\/\"]}]},{\"@type\":\"BreadcrumbList\",\"@id\":\"https:\\\/\\\/ngb-fr.org\\\/index.php\\\/fr\\\/nouveautes\\\/#breadcrumb\",\"itemListElement\":[{\"@type\":\"ListItem\",\"position\":1,\"name\":\"Accueil\",\"item\":\"https:\\\/\\\/ngb-fr.org\\\/\"},{\"@type\":\"ListItem\",\"position\":2,\"name\":\"Nouveaut\u00e9s\"}]},{\"@type\":\"WebSite\",\"@id\":\"https:\\\/\\\/ngb-fr.org\\\/index.php\\\/fr\\\/materialis\\\/#website\",\"url\":\"https:\\\/\\\/ngb-fr.org\\\/index.php\\\/fr\\\/materialis\\\/\",\"name\":\"Nouvelle G\u00e9n\u00e9ration des Biotechnologistes\",\"description\":\"\",\"publisher\":{\"@id\":\"https:\\\/\\\/ngb-fr.org\\\/index.php\\\/fr\\\/materialis\\\/#organization\"},\"potentialAction\":[{\"@type\":\"SearchAction\",\"target\":{\"@type\":\"EntryPoint\",\"urlTemplate\":\"https:\\\/\\\/ngb-fr.org\\\/index.php\\\/fr\\\/materialis\\\/?s={search_term_string}\"},\"query-input\":{\"@type\":\"PropertyValueSpecification\",\"valueRequired\":true,\"valueName\":\"search_term_string\"}}],\"inLanguage\":\"fr-FR\"},{\"@type\":\"Organization\",\"@id\":\"https:\\\/\\\/ngb-fr.org\\\/index.php\\\/fr\\\/materialis\\\/#organization\",\"name\":\"Nouvelle G\u00e9n\u00e9ration des Biotechnologistes\",\"url\":\"https:\\\/\\\/ngb-fr.org\\\/index.php\\\/fr\\\/materialis\\\/\",\"logo\":{\"@type\":\"ImageObject\",\"inLanguage\":\"fr-FR\",\"@id\":\"https:\\\/\\\/ngb-fr.org\\\/index.php\\\/fr\\\/materialis\\\/#\\\/schema\\\/logo\\\/image\\\/\",\"url\":\"https:\\\/\\\/ngb-fr.org\\\/wp-content\\\/uploads\\\/2019\\\/02\\\/cropped-1.png\",\"contentUrl\":\"https:\\\/\\\/ngb-fr.org\\\/wp-content\\\/uploads\\\/2019\\\/02\\\/cropped-1.png\",\"width\":1880,\"height\":1826,\"caption\":\"Nouvelle G\u00e9n\u00e9ration des Biotechnologistes\"},\"image\":{\"@id\":\"https:\\\/\\\/ngb-fr.org\\\/index.php\\\/fr\\\/materialis\\\/#\\\/schema\\\/logo\\\/image\\\/\"}}]}<\/script>\n<!-- \/ Yoast SEO plugin. -->","yoast_head_json":{"title":"Nouveaut\u00e9s - Nouvelle G\u00e9n\u00e9ration des Biotechnologistes","robots":{"index":"index","follow":"follow","max-snippet":"max-snippet:-1","max-image-preview":"max-image-preview:large","max-video-preview":"max-video-preview:-1"},"canonical":"https:\/\/ngb-fr.org\/index.php\/fr\/nouveautes\/","og_locale":"fr_FR","og_type":"article","og_title":"Nouveaut\u00e9s - Nouvelle G\u00e9n\u00e9ration des Biotechnologistes","og_description":"R\u00e9guli\u00e8rement, notre team \u00ab\u00a0projet\u00a0\u00bb d\u00e9marche des entreprises pour permettre un certain nombre de personnes de visiter l&rsquo;entreprise et de d\u00e9couvrir un nouvel environnement professionnel. Pour chaque visite, nous cr\u00e9ons un article. Voici ci-dessous la liste des articles : \u00a06th\u00a0February, 2020 &#8211; visit to\u00a0Hoffmann-La\u00a0Roche\u00a0 31 janvier 2019 &#8211; Visite de Biosynex","og_url":"https:\/\/ngb-fr.org\/index.php\/fr\/nouveautes\/","og_site_name":"Nouvelle G\u00e9n\u00e9ration des Biotechnologistes","article_modified_time":"2020-02-18T12:11:00+00:00","twitter_card":"summary_large_image","schema":{"@context":"https:\/\/schema.org","@graph":[{"@type":"WebPage","@id":"https:\/\/ngb-fr.org\/index.php\/fr\/nouveautes\/","url":"https:\/\/ngb-fr.org\/index.php\/fr\/nouveautes\/","name":"Nouveaut\u00e9s - Nouvelle G\u00e9n\u00e9ration des Biotechnologistes","isPartOf":{"@id":"https:\/\/ngb-fr.org\/index.php\/fr\/materialis\/#website"},"datePublished":"2019-02-18T14:32:48+00:00","dateModified":"2020-02-18T12:11:00+00:00","breadcrumb":{"@id":"https:\/\/ngb-fr.org\/index.php\/fr\/nouveautes\/#breadcrumb"},"inLanguage":"fr-FR","potentialAction":[{"@type":"ReadAction","target":["https:\/\/ngb-fr.org\/index.php\/fr\/nouveautes\/"]}]},{"@type":"BreadcrumbList","@id":"https:\/\/ngb-fr.org\/index.php\/fr\/nouveautes\/#breadcrumb","itemListElement":[{"@type":"ListItem","position":1,"name":"Accueil","item":"https:\/\/ngb-fr.org\/"},{"@type":"ListItem","position":2,"name":"Nouveaut\u00e9s"}]},{"@type":"WebSite","@id":"https:\/\/ngb-fr.org\/index.php\/fr\/materialis\/#website","url":"https:\/\/ngb-fr.org\/index.php\/fr\/materialis\/","name":"Nouvelle G\u00e9n\u00e9ration des Biotechnologistes","description":"","publisher":{"@id":"https:\/\/ngb-fr.org\/index.php\/fr\/materialis\/#organization"},"potentialAction":[{"@type":"SearchAction","target":{"@type":"EntryPoint","urlTemplate":"https:\/\/ngb-fr.org\/index.php\/fr\/materialis\/?s={search_term_string}"},"query-input":{"@type":"PropertyValueSpecification","valueRequired":true,"valueName":"search_term_string"}}],"inLanguage":"fr-FR"},{"@type":"Organization","@id":"https:\/\/ngb-fr.org\/index.php\/fr\/materialis\/#organization","name":"Nouvelle G\u00e9n\u00e9ration des Biotechnologistes","url":"https:\/\/ngb-fr.org\/index.php\/fr\/materialis\/","logo":{"@type":"ImageObject","inLanguage":"fr-FR","@id":"https:\/\/ngb-fr.org\/index.php\/fr\/materialis\/#\/schema\/logo\/image\/","url":"https:\/\/ngb-fr.org\/wp-content\/uploads\/2019\/02\/cropped-1.png","contentUrl":"https:\/\/ngb-fr.org\/wp-content\/uploads\/2019\/02\/cropped-1.png","width":1880,"height":1826,"caption":"Nouvelle G\u00e9n\u00e9ration des Biotechnologistes"},"image":{"@id":"https:\/\/ngb-fr.org\/index.php\/fr\/materialis\/#\/schema\/logo\/image\/"}}]}},"jetpack_sharing_enabled":true,"_links":{"self":[{"href":"https:\/\/ngb-fr.org\/index.php\/wp-json\/wp\/v2\/pages\/143","targetHints":{"allow":["GET"]}}],"collection":[{"href":"https:\/\/ngb-fr.org\/index.php\/wp-json\/wp\/v2\/pages"}],"about":[{"href":"https:\/\/ngb-fr.org\/index.php\/wp-json\/wp\/v2\/types\/page"}],"author":[{"embeddable":true,"href":"https:\/\/ngb-fr.org\/index.php\/wp-json\/wp\/v2\/users\/2"}],"replies":[{"embeddable":true,"href":"https:\/\/ngb-fr.org\/index.php\/wp-json\/wp\/v2\/comments?post=143"}],"version-history":[{"count":4,"href":"https:\/\/ngb-fr.org\/index.php\/wp-json\/wp\/v2\/pages\/143\/revisions"}],"predecessor-version":[{"id":552,"href":"https:\/\/ngb-fr.org\/index.php\/wp-json\/wp\/v2\/pages\/143\/revisions\/552"}],"wp:attachment":[{"href":"https:\/\/ngb-fr.org\/index.php\/wp-json\/wp\/v2\/media?parent=143"}],"curies":[{"name":"wp","href":"https:\/\/api.w.org\/{rel}","templated":true}]}}