{"id":145,"date":"2019-02-18T15:32:48","date_gmt":"2019-02-18T14:32:48","guid":{"rendered":"http:\/\/ngb-fr.org\/?page_id=145"},"modified":"2022-02-07T17:07:18","modified_gmt":"2022-02-07T16:07:18","slug":"contacts","status":"publish","type":"page","link":"https:\/\/ngb-fr.org\/index.php\/contacts\/","title":{"rendered":"Contactez-nous"},"content":{"rendered":"\n<p>        <strong>Adresse mail<\/strong> : <a href=\"mailto:contact@ngb-fr.org\">asso.ngb@gmail.com<\/a><\/p>\n\n\n\n<div class=\"wp-block-group alignwide\"><div class=\"wp-block-group__inner-container is-layout-flow wp-block-group-is-layout-flow\">\n<div class=\"wp-block-media-text alignwide has-media-on-the-right is-stacked-on-mobile is-vertically-aligned-center\" style=\"grid-template-columns:auto 37%\"><figure class=\"wp-block-media-text__media\"><img loading=\"lazy\" decoding=\"async\" width=\"658\" height=\"466\" src=\"http:\/\/ngb-fr.org\/wp-content\/uploads\/2021\/05\/plan.jpg\" alt=\"\" class=\"wp-image-662 size-full\" srcset=\"https:\/\/ngb-fr.org\/wp-content\/uploads\/2021\/05\/plan.jpg 658w, https:\/\/ngb-fr.org\/wp-content\/uploads\/2021\/05\/plan-300x212.jpg 300w\" sizes=\"auto, (max-width: 658px) 100vw, 658px\" \/><\/figure><div class=\"wp-block-media-text__content\">\n<p><strong style=\"font-size: inherit;\">Courrier postal<\/strong><span style=\"font-size: inherit;\"> :&nbsp;<\/span><\/p>\n\n\n\n<p>\u00c9cole Sup\u00e9rieure de Biotechnologie de Strasbourg<\/p>\n\n\n\n<p>Nouvelle G\u00e9n\u00e9ration des Biotechnologistes<\/p>\n\n\n\n<p>P\u00f4le api, 300 boulevard S\u00e9bastien Brant<\/p>\n\n\n\n<p>67400 Illkirch-Graffenstaden<\/p>\n\n\n<\/div><\/div>\n<\/div><\/div>\n\n\n\n<p><strong>Rejoignez-nous<\/strong> sur notre page <a href=\"https:\/\/www.facebook.com\/biotechnologistes\/?epa=SEARCH_BOX\">Facebook<\/a>, <a href=\"https:\/\/www.instagram.com\/ngb_fr\/\">Instagram<\/a>, et <a href=\"https:\/\/www.linkedin.com\/company\/nouvelle-g%C3%A9n%C3%A9ration-des-biotechnologistes\/\">linkedIn<\/a> pour suivre toutes nos actualit\u00e9s !<\/p>\n\n\n\n<p><\/p>\n\n\n\n<div class=\"wp-block-image\"><figure class=\"alignleft size-large is-resized\"><img loading=\"lazy\" decoding=\"async\" src=\"https:\/\/ngb-fr.org\/wp-content\/uploads\/2022\/02\/image-1.png\" alt=\"\" class=\"wp-image-732\" width=\"314\" height=\"115\" srcset=\"https:\/\/ngb-fr.org\/wp-content\/uploads\/2022\/02\/image-1.png 709w, https:\/\/ngb-fr.org\/wp-content\/uploads\/2022\/02\/image-1-300x110.png 300w\" sizes=\"auto, (max-width: 314px) 100vw, 314px\" \/><\/figure><\/div>\n","protected":false},"excerpt":{"rendered":"<p>Adresse mail : asso.ngb@gmail.com Courrier postal :&nbsp; \u00c9cole Sup\u00e9rieure de Biotechnologie de Strasbourg Nouvelle G\u00e9n\u00e9ration des Biotechnologistes P\u00f4le api, 300 boulevard S\u00e9bastien Brant 67400 Illkirch-Graffenstaden Rejoignez-nous sur notre page Facebook, Instagram, et linkedIn pour suivre toutes nos actualit\u00e9s !<\/p>\n","protected":false},"author":1,"featured_media":266,"parent":0,"menu_order":0,"comment_status":"closed","ping_status":"closed","template":"","meta":{"footnotes":""},"class_list":["post-145","page","type-page","status-publish","has-post-thumbnail","hentry"],"yoast_head":"<!-- This site is optimized with the Yoast SEO plugin v27.4 - https:\/\/yoast.com\/product\/yoast-seo-wordpress\/ -->\n<title>Contactez-nous - Nouvelle G\u00e9n\u00e9ration des Biotechnologistes<\/title>\n<meta name=\"robots\" content=\"index, follow, max-snippet:-1, max-image-preview:large, max-video-preview:-1\" \/>\n<link rel=\"canonical\" href=\"https:\/\/ngb-fr.org\/index.php\/fr\/contacts\/\" \/>\n<meta property=\"og:locale\" content=\"fr_FR\" \/>\n<meta property=\"og:type\" content=\"article\" \/>\n<meta property=\"og:title\" content=\"Contactez-nous - Nouvelle G\u00e9n\u00e9ration des Biotechnologistes\" \/>\n<meta property=\"og:description\" content=\"Adresse mail : asso.ngb@gmail.com Courrier postal :&nbsp; \u00c9cole Sup\u00e9rieure de Biotechnologie de Strasbourg Nouvelle G\u00e9n\u00e9ration des Biotechnologistes P\u00f4le api, 300 boulevard S\u00e9bastien Brant 67400 Illkirch-Graffenstaden Rejoignez-nous sur notre page Facebook, Instagram, et linkedIn pour suivre toutes nos actualit\u00e9s !\" \/>\n<meta property=\"og:url\" content=\"https:\/\/ngb-fr.org\/index.php\/fr\/contacts\/\" \/>\n<meta property=\"og:site_name\" content=\"Nouvelle G\u00e9n\u00e9ration des Biotechnologistes\" \/>\n<meta property=\"article:modified_time\" content=\"2022-02-07T16:07:18+00:00\" \/>\n<meta property=\"og:image\" content=\"https:\/\/ngb-fr.org\/wp-content\/uploads\/2019\/02\/esbs-ecole-superieure-de-biotechnologie-37595-1200-630.jpg\" \/>\n\t<meta property=\"og:image:width\" content=\"1200\" \/>\n\t<meta property=\"og:image:height\" content=\"630\" \/>\n\t<meta property=\"og:image:type\" content=\"image\/jpeg\" \/>\n<meta name=\"twitter:card\" content=\"summary_large_image\" \/>\n<script type=\"application\/ld+json\" class=\"yoast-schema-graph\">{\"@context\":\"https:\\\/\\\/schema.org\",\"@graph\":[{\"@type\":\"WebPage\",\"@id\":\"https:\\\/\\\/ngb-fr.org\\\/index.php\\\/fr\\\/contacts\\\/\",\"url\":\"https:\\\/\\\/ngb-fr.org\\\/index.php\\\/fr\\\/contacts\\\/\",\"name\":\"Contactez-nous - Nouvelle G\u00e9n\u00e9ration des Biotechnologistes\",\"isPartOf\":{\"@id\":\"https:\\\/\\\/ngb-fr.org\\\/index.php\\\/fr\\\/materialis\\\/#website\"},\"primaryImageOfPage\":{\"@id\":\"https:\\\/\\\/ngb-fr.org\\\/index.php\\\/fr\\\/contacts\\\/#primaryimage\"},\"image\":{\"@id\":\"https:\\\/\\\/ngb-fr.org\\\/index.php\\\/fr\\\/contacts\\\/#primaryimage\"},\"thumbnailUrl\":\"https:\\\/\\\/ngb-fr.org\\\/wp-content\\\/uploads\\\/2019\\\/02\\\/esbs-ecole-superieure-de-biotechnologie-37595-1200-630.jpg\",\"datePublished\":\"2019-02-18T14:32:48+00:00\",\"dateModified\":\"2022-02-07T16:07:18+00:00\",\"breadcrumb\":{\"@id\":\"https:\\\/\\\/ngb-fr.org\\\/index.php\\\/fr\\\/contacts\\\/#breadcrumb\"},\"inLanguage\":\"fr-FR\",\"potentialAction\":[{\"@type\":\"ReadAction\",\"target\":[\"https:\\\/\\\/ngb-fr.org\\\/index.php\\\/fr\\\/contacts\\\/\"]}]},{\"@type\":\"ImageObject\",\"inLanguage\":\"fr-FR\",\"@id\":\"https:\\\/\\\/ngb-fr.org\\\/index.php\\\/fr\\\/contacts\\\/#primaryimage\",\"url\":\"https:\\\/\\\/ngb-fr.org\\\/wp-content\\\/uploads\\\/2019\\\/02\\\/esbs-ecole-superieure-de-biotechnologie-37595-1200-630.jpg\",\"contentUrl\":\"https:\\\/\\\/ngb-fr.org\\\/wp-content\\\/uploads\\\/2019\\\/02\\\/esbs-ecole-superieure-de-biotechnologie-37595-1200-630.jpg\",\"width\":1200,\"height\":630},{\"@type\":\"BreadcrumbList\",\"@id\":\"https:\\\/\\\/ngb-fr.org\\\/index.php\\\/fr\\\/contacts\\\/#breadcrumb\",\"itemListElement\":[{\"@type\":\"ListItem\",\"position\":1,\"name\":\"Accueil\",\"item\":\"https:\\\/\\\/ngb-fr.org\\\/\"},{\"@type\":\"ListItem\",\"position\":2,\"name\":\"Contactez-nous\"}]},{\"@type\":\"WebSite\",\"@id\":\"https:\\\/\\\/ngb-fr.org\\\/index.php\\\/fr\\\/materialis\\\/#website\",\"url\":\"https:\\\/\\\/ngb-fr.org\\\/index.php\\\/fr\\\/materialis\\\/\",\"name\":\"Nouvelle G\u00e9n\u00e9ration des Biotechnologistes\",\"description\":\"\",\"publisher\":{\"@id\":\"https:\\\/\\\/ngb-fr.org\\\/index.php\\\/fr\\\/materialis\\\/#organization\"},\"potentialAction\":[{\"@type\":\"SearchAction\",\"target\":{\"@type\":\"EntryPoint\",\"urlTemplate\":\"https:\\\/\\\/ngb-fr.org\\\/index.php\\\/fr\\\/materialis\\\/?s={search_term_string}\"},\"query-input\":{\"@type\":\"PropertyValueSpecification\",\"valueRequired\":true,\"valueName\":\"search_term_string\"}}],\"inLanguage\":\"fr-FR\"},{\"@type\":\"Organization\",\"@id\":\"https:\\\/\\\/ngb-fr.org\\\/index.php\\\/fr\\\/materialis\\\/#organization\",\"name\":\"Nouvelle G\u00e9n\u00e9ration des Biotechnologistes\",\"url\":\"https:\\\/\\\/ngb-fr.org\\\/index.php\\\/fr\\\/materialis\\\/\",\"logo\":{\"@type\":\"ImageObject\",\"inLanguage\":\"fr-FR\",\"@id\":\"https:\\\/\\\/ngb-fr.org\\\/index.php\\\/fr\\\/materialis\\\/#\\\/schema\\\/logo\\\/image\\\/\",\"url\":\"https:\\\/\\\/ngb-fr.org\\\/wp-content\\\/uploads\\\/2019\\\/02\\\/cropped-1.png\",\"contentUrl\":\"https:\\\/\\\/ngb-fr.org\\\/wp-content\\\/uploads\\\/2019\\\/02\\\/cropped-1.png\",\"width\":1880,\"height\":1826,\"caption\":\"Nouvelle G\u00e9n\u00e9ration des Biotechnologistes\"},\"image\":{\"@id\":\"https:\\\/\\\/ngb-fr.org\\\/index.php\\\/fr\\\/materialis\\\/#\\\/schema\\\/logo\\\/image\\\/\"}}]}<\/script>\n<!-- \/ Yoast SEO plugin. -->","yoast_head_json":{"title":"Contactez-nous - Nouvelle G\u00e9n\u00e9ration des Biotechnologistes","robots":{"index":"index","follow":"follow","max-snippet":"max-snippet:-1","max-image-preview":"max-image-preview:large","max-video-preview":"max-video-preview:-1"},"canonical":"https:\/\/ngb-fr.org\/index.php\/fr\/contacts\/","og_locale":"fr_FR","og_type":"article","og_title":"Contactez-nous - Nouvelle G\u00e9n\u00e9ration des Biotechnologistes","og_description":"Adresse mail : asso.ngb@gmail.com Courrier postal :&nbsp; \u00c9cole Sup\u00e9rieure de Biotechnologie de Strasbourg Nouvelle G\u00e9n\u00e9ration des Biotechnologistes P\u00f4le api, 300 boulevard S\u00e9bastien Brant 67400 Illkirch-Graffenstaden Rejoignez-nous sur notre page Facebook, Instagram, et linkedIn pour suivre toutes nos actualit\u00e9s !","og_url":"https:\/\/ngb-fr.org\/index.php\/fr\/contacts\/","og_site_name":"Nouvelle G\u00e9n\u00e9ration des Biotechnologistes","article_modified_time":"2022-02-07T16:07:18+00:00","og_image":[{"width":1200,"height":630,"url":"https:\/\/ngb-fr.org\/wp-content\/uploads\/2019\/02\/esbs-ecole-superieure-de-biotechnologie-37595-1200-630.jpg","type":"image\/jpeg"}],"twitter_card":"summary_large_image","schema":{"@context":"https:\/\/schema.org","@graph":[{"@type":"WebPage","@id":"https:\/\/ngb-fr.org\/index.php\/fr\/contacts\/","url":"https:\/\/ngb-fr.org\/index.php\/fr\/contacts\/","name":"Contactez-nous - Nouvelle G\u00e9n\u00e9ration des Biotechnologistes","isPartOf":{"@id":"https:\/\/ngb-fr.org\/index.php\/fr\/materialis\/#website"},"primaryImageOfPage":{"@id":"https:\/\/ngb-fr.org\/index.php\/fr\/contacts\/#primaryimage"},"image":{"@id":"https:\/\/ngb-fr.org\/index.php\/fr\/contacts\/#primaryimage"},"thumbnailUrl":"https:\/\/ngb-fr.org\/wp-content\/uploads\/2019\/02\/esbs-ecole-superieure-de-biotechnologie-37595-1200-630.jpg","datePublished":"2019-02-18T14:32:48+00:00","dateModified":"2022-02-07T16:07:18+00:00","breadcrumb":{"@id":"https:\/\/ngb-fr.org\/index.php\/fr\/contacts\/#breadcrumb"},"inLanguage":"fr-FR","potentialAction":[{"@type":"ReadAction","target":["https:\/\/ngb-fr.org\/index.php\/fr\/contacts\/"]}]},{"@type":"ImageObject","inLanguage":"fr-FR","@id":"https:\/\/ngb-fr.org\/index.php\/fr\/contacts\/#primaryimage","url":"https:\/\/ngb-fr.org\/wp-content\/uploads\/2019\/02\/esbs-ecole-superieure-de-biotechnologie-37595-1200-630.jpg","contentUrl":"https:\/\/ngb-fr.org\/wp-content\/uploads\/2019\/02\/esbs-ecole-superieure-de-biotechnologie-37595-1200-630.jpg","width":1200,"height":630},{"@type":"BreadcrumbList","@id":"https:\/\/ngb-fr.org\/index.php\/fr\/contacts\/#breadcrumb","itemListElement":[{"@type":"ListItem","position":1,"name":"Accueil","item":"https:\/\/ngb-fr.org\/"},{"@type":"ListItem","position":2,"name":"Contactez-nous"}]},{"@type":"WebSite","@id":"https:\/\/ngb-fr.org\/index.php\/fr\/materialis\/#website","url":"https:\/\/ngb-fr.org\/index.php\/fr\/materialis\/","name":"Nouvelle G\u00e9n\u00e9ration des Biotechnologistes","description":"","publisher":{"@id":"https:\/\/ngb-fr.org\/index.php\/fr\/materialis\/#organization"},"potentialAction":[{"@type":"SearchAction","target":{"@type":"EntryPoint","urlTemplate":"https:\/\/ngb-fr.org\/index.php\/fr\/materialis\/?s={search_term_string}"},"query-input":{"@type":"PropertyValueSpecification","valueRequired":true,"valueName":"search_term_string"}}],"inLanguage":"fr-FR"},{"@type":"Organization","@id":"https:\/\/ngb-fr.org\/index.php\/fr\/materialis\/#organization","name":"Nouvelle G\u00e9n\u00e9ration des Biotechnologistes","url":"https:\/\/ngb-fr.org\/index.php\/fr\/materialis\/","logo":{"@type":"ImageObject","inLanguage":"fr-FR","@id":"https:\/\/ngb-fr.org\/index.php\/fr\/materialis\/#\/schema\/logo\/image\/","url":"https:\/\/ngb-fr.org\/wp-content\/uploads\/2019\/02\/cropped-1.png","contentUrl":"https:\/\/ngb-fr.org\/wp-content\/uploads\/2019\/02\/cropped-1.png","width":1880,"height":1826,"caption":"Nouvelle G\u00e9n\u00e9ration des Biotechnologistes"},"image":{"@id":"https:\/\/ngb-fr.org\/index.php\/fr\/materialis\/#\/schema\/logo\/image\/"}}]}},"jetpack_sharing_enabled":true,"_links":{"self":[{"href":"https:\/\/ngb-fr.org\/index.php\/wp-json\/wp\/v2\/pages\/145","targetHints":{"allow":["GET"]}}],"collection":[{"href":"https:\/\/ngb-fr.org\/index.php\/wp-json\/wp\/v2\/pages"}],"about":[{"href":"https:\/\/ngb-fr.org\/index.php\/wp-json\/wp\/v2\/types\/page"}],"author":[{"embeddable":true,"href":"https:\/\/ngb-fr.org\/index.php\/wp-json\/wp\/v2\/users\/1"}],"replies":[{"embeddable":true,"href":"https:\/\/ngb-fr.org\/index.php\/wp-json\/wp\/v2\/comments?post=145"}],"version-history":[{"count":23,"href":"https:\/\/ngb-fr.org\/index.php\/wp-json\/wp\/v2\/pages\/145\/revisions"}],"predecessor-version":[{"id":1052,"href":"https:\/\/ngb-fr.org\/index.php\/wp-json\/wp\/v2\/pages\/145\/revisions\/1052"}],"wp:featuredmedia":[{"embeddable":true,"href":"https:\/\/ngb-fr.org\/index.php\/wp-json\/wp\/v2\/media\/266"}],"wp:attachment":[{"href":"https:\/\/ngb-fr.org\/index.php\/wp-json\/wp\/v2\/media?parent=145"}],"curies":[{"name":"wp","href":"https:\/\/api.w.org\/{rel}","templated":true}]}}