{"id":463,"date":"2019-11-26T16:08:42","date_gmt":"2019-11-26T15:08:42","guid":{"rendered":"http:\/\/ngb-fr.org\/?page_id=463"},"modified":"2023-11-23T12:26:16","modified_gmt":"2023-11-23T11:26:16","slug":"463-2","status":"publish","type":"page","link":"https:\/\/ngb-fr.org\/index.php\/biotech-dayyy\/463-2\/","title":{"rendered":""},"content":{"rendered":"<h1><strong>Pr\u00e9c\u00e9dents Biotech Days:<\/strong><\/h1>\n<div class=\"col-padding\">\n<h3>&#8211; Biotech Day 2021<\/h3>\n<p>Cette ann\u00e9e, le Biotech Day a eu lieu le 2 d\u00e9cembre. Cette journ\u00e9e a permis aux \u00e9tudiants de rencontrer de nombreuses entreprises et intervenants en lien avec les Biotechnologies, autour de r\u00e9unions, s\u00e9minaires et tables rondes. Le programme officiel de la journ\u00e9e est visible ci-dessous ainsi que quelques photos de cette journ\u00e9e.<\/p>\n<p><img loading=\"lazy\" decoding=\"async\" class=\"alignnone wp-image-917\" src=\"http:\/\/ngb-fr.org\/wp-content\/uploads\/2022\/02\/IMG_5946-300x285.jpg\" alt=\"\" width=\"297\" height=\"283\" srcset=\"https:\/\/ngb-fr.org\/wp-content\/uploads\/2022\/02\/IMG_5946-300x285.jpg 300w, https:\/\/ngb-fr.org\/wp-content\/uploads\/2022\/02\/IMG_5946-1024x971.jpg 1024w, https:\/\/ngb-fr.org\/wp-content\/uploads\/2022\/02\/IMG_5946-768x728.jpg 768w, https:\/\/ngb-fr.org\/wp-content\/uploads\/2022\/02\/IMG_5946.jpg 1124w\" sizes=\"auto, (max-width: 297px) 100vw, 297px\" \/>\u00a0 \u00a0 \u00a0 \u00a0 \u00a0 \u00a0 \u00a0 \u00a0\u00a0<img loading=\"lazy\" decoding=\"async\" class=\"alignnone wp-image-914\" src=\"http:\/\/ngb-fr.org\/wp-content\/uploads\/2022\/02\/IMG_5926-300x203.jpg\" alt=\"\" width=\"399\" height=\"270\" srcset=\"https:\/\/ngb-fr.org\/wp-content\/uploads\/2022\/02\/IMG_5926-300x203.jpg 300w, https:\/\/ngb-fr.org\/wp-content\/uploads\/2022\/02\/IMG_5926-768x520.jpg 768w, https:\/\/ngb-fr.org\/wp-content\/uploads\/2022\/02\/IMG_5926.jpg 931w\" sizes=\"auto, (max-width: 399px) 100vw, 399px\" \/><\/p>\n<p><img loading=\"lazy\" decoding=\"async\" class=\"alignnone wp-image-916\" src=\"http:\/\/ngb-fr.org\/wp-content\/uploads\/2022\/02\/IMG_5947-300x242.jpg\" alt=\"\" width=\"303\" height=\"245\" srcset=\"https:\/\/ngb-fr.org\/wp-content\/uploads\/2022\/02\/IMG_5947-300x242.jpg 300w, https:\/\/ngb-fr.org\/wp-content\/uploads\/2022\/02\/IMG_5947-1024x825.jpg 1024w, https:\/\/ngb-fr.org\/wp-content\/uploads\/2022\/02\/IMG_5947-768x619.jpg 768w, https:\/\/ngb-fr.org\/wp-content\/uploads\/2022\/02\/IMG_5947.jpg 1119w\" sizes=\"auto, (max-width: 303px) 100vw, 303px\" \/>\u00a0 \u00a0 \u00a0 \u00a0 \u00a0 \u00a0 \u00a0 \u00a0<img loading=\"lazy\" decoding=\"async\" class=\"alignnone wp-image-915\" src=\"http:\/\/ngb-fr.org\/wp-content\/uploads\/2022\/02\/IMG_5927-300x183.jpg\" alt=\"\" width=\"413\" height=\"252\" srcset=\"https:\/\/ngb-fr.org\/wp-content\/uploads\/2022\/02\/IMG_5927-300x183.jpg 300w, https:\/\/ngb-fr.org\/wp-content\/uploads\/2022\/02\/IMG_5927-768x469.jpg 768w, https:\/\/ngb-fr.org\/wp-content\/uploads\/2022\/02\/IMG_5927.jpg 1016w\" sizes=\"auto, (max-width: 413px) 100vw, 413px\" \/><\/p>\n<p>&nbsp;<\/p>\n<h3><span style=\"font-size: 2.1rem;\">&#8211; Biotech Day 2020<\/span><\/h3>\n<p>Annul\u00e9 \u00e0 cause de la Covid-19.<\/p>\n<\/div>\n<div class=\"col-padding\">\n<h3>&#8211; Biotech Day 2019<\/h3>\n<p>The Biotech Day is a forum organized by the \u201cNouvelle Generation des Biotechnologistes\u201d, in collaboration with ESBS. The goal of this forum is to gather companies coming from all over France and the neighboring countries. It allows the students to seek internships and to build a professional network. The companies are given an opportunity to make themselves known and the visitors can discover new lines of work in their business sector.<\/p>\n<p>This year, the Biotech Day took place on September 19<sup>th<\/sup>\u00a02019.<\/p>\n<p>Numerous companies, Start-ups and associations participated to the forum. Without them, the Biotech Day would not have happened.<\/p>\n<ul>\n<li><strong>Transgene<\/strong>: a biotech company developing innovative immunotherapies. Their goal is to integrate genetic sequences (or transgenes) into viral vectors to transform them into weapons that can kill abnormal cells.<\/li>\n<li><strong>NEB<\/strong>: this company produces enzymatic compounds for genomic research products related to PCR, gene expression, sample preparation for next generation sequencing, synthetic biology, glycobiology, epigenetics and RNA analysis<\/li>\n<li><strong>Merck<\/strong>: This pharmaceutical company provides high quality product in Healthcare, Life Science and Performance Materials.<\/li>\n<li><strong>Novartis<\/strong>: This Company focuses on pharmacology and oncology. Their goal is to reimagine medicine to improve and extend people\u2019s lives<\/li>\n<li><strong>Ote<\/strong><strong>ci<\/strong>:\u00a0<strong>Senior Experts\u00a0for Growth\u00a0and Jobs who\u00a0<\/strong>coach, support and assist in the development of companies, Start-ups, Associations and Welfare Trusts as well as University Faculties and Colleges<\/li>\n<li><strong>Octapharma<\/strong>: One of the largest human protein product manufacturers. They develop and produce medicines based on human proteins from human cell lines and human plasma, sourced from their own plasma donation centers and other external sources.<\/li>\n<li><strong>Biosynex<\/strong>: This company produces RTDs (rapid diagnostic test). These allow self-monitoring for multiple applications, such as: HIV, pregnancy diagnosis, ovulation period, male fertility, urinary tract infections, vaginal infections, etc. RDTs may be used by health professionals (analytical laboratories, doctors) for diagnostic orientation.<\/li>\n<li><strong>Axem<\/strong>: This company provide RFID products (Automatic Identification and Data Capture).<\/li>\n<li><strong>CellProthera<\/strong>: The goal of this company is to develop and commercialize therapeutic solutions allowing the regeneration of damaged organs using blood stem cells.<\/li>\n<li><strong>Aubenard<\/strong>: Industrial property consulting firm. They specialize in Patents, trademarks, industrial property contracts, financial valuation and due diligence.<\/li>\n<li><strong>YEBN<\/strong>: The Young European Biotech Network promotes Biotechnology and Life science in Europe. The purpose of this association is to exchange information and to build up international collaboration within the young European Life science community.<\/li>\n<li><strong>IGEM<\/strong>: The International Genetically Engineered Machine (iGEM) Foundation is an independent, non-profit organization dedicated to education and competition, the advancement of synthetic biology, and the development of an open community and collaboration.<\/li>\n<\/ul>\n<p>The forum provided workshops, conferences and an exposition hall which allowed the companies to directly present their activities and to exchange with the students and others visitors.<\/p>\n<p>At the end of the day, the NGB asked the students to fill in a survey related to their experience of the Biotech Day. Overall, the Biotech Day was really appreciated by the students and especially the 1A as it allowed them to learn more about the world of Biotech companies and their requirement. The stands in the hall were well used to directly approach companies and seek internship opportunities.<\/p>\n<p>The students also acclaimed the organization team of the NGB. The only reported problems concerned the schedule and an overall lack of time to exchange with the speakers and researchers.<\/p>\n<p>The students want the NGB to organize a Biotech Day next year with different companies coming from not only the pharmaceutical<\/p>\n<p><img loading=\"lazy\" decoding=\"async\" class=\"alignnone wp-image-353\" src=\"http:\/\/ngb-fr.org\/wp-content\/uploads\/2019\/07\/Capture-d\u2019\u00e9cran-2019-07-14-\u00e0-10.20.25-208x300.png\" alt=\"\" width=\"259\" height=\"373\" srcset=\"https:\/\/ngb-fr.org\/wp-content\/uploads\/2019\/07\/Capture-d\u2019\u00e9cran-2019-07-14-\u00e0-10.20.25-208x300.png 208w, https:\/\/ngb-fr.org\/wp-content\/uploads\/2019\/07\/Capture-d\u2019\u00e9cran-2019-07-14-\u00e0-10.20.25-768x1107.png 768w, https:\/\/ngb-fr.org\/wp-content\/uploads\/2019\/07\/Capture-d\u2019\u00e9cran-2019-07-14-\u00e0-10.20.25-710x1024.png 710w, https:\/\/ngb-fr.org\/wp-content\/uploads\/2019\/07\/Capture-d\u2019\u00e9cran-2019-07-14-\u00e0-10.20.25-749x1080.png 749w, https:\/\/ngb-fr.org\/wp-content\/uploads\/2019\/07\/Capture-d\u2019\u00e9cran-2019-07-14-\u00e0-10.20.25.png 1046w\" sizes=\"auto, (max-width: 259px) 100vw, 259px\" \/> <img loading=\"lazy\" decoding=\"async\" class=\"alignnone wp-image-352\" src=\"http:\/\/ngb-fr.org\/wp-content\/uploads\/2019\/07\/Capture-d\u2019\u00e9cran-2019-07-14-\u00e0-10.20.38-207x300.png\" alt=\"\" width=\"255\" height=\"369\" srcset=\"https:\/\/ngb-fr.org\/wp-content\/uploads\/2019\/07\/Capture-d\u2019\u00e9cran-2019-07-14-\u00e0-10.20.38-207x300.png 207w, https:\/\/ngb-fr.org\/wp-content\/uploads\/2019\/07\/Capture-d\u2019\u00e9cran-2019-07-14-\u00e0-10.20.38-768x1113.png 768w, https:\/\/ngb-fr.org\/wp-content\/uploads\/2019\/07\/Capture-d\u2019\u00e9cran-2019-07-14-\u00e0-10.20.38-707x1024.png 707w, https:\/\/ngb-fr.org\/wp-content\/uploads\/2019\/07\/Capture-d\u2019\u00e9cran-2019-07-14-\u00e0-10.20.38-745x1080.png 745w, https:\/\/ngb-fr.org\/wp-content\/uploads\/2019\/07\/Capture-d\u2019\u00e9cran-2019-07-14-\u00e0-10.20.38.png 1046w\" sizes=\"auto, (max-width: 255px) 100vw, 255px\" \/><\/p>\n<\/div>\n","protected":false},"excerpt":{"rendered":"<p>Pr\u00e9c\u00e9dents Biotech Days: &#8211; Biotech Day 2021 Cette ann\u00e9e, le Biotech Day a eu lieu le 2 d\u00e9cembre. Cette journ\u00e9e a permis aux \u00e9tudiants de rencontrer de nombreuses entreprises et intervenants en lien avec les Biotechnologies, autour de r\u00e9unions, s\u00e9minaires et tables rondes. Le programme officiel de la journ\u00e9e est visible ci-dessous ainsi que quelques&nbsp;&hellip;<\/p>\n","protected":false},"author":2,"featured_media":761,"parent":766,"menu_order":0,"comment_status":"closed","ping_status":"closed","template":"","meta":{"footnotes":""},"class_list":["post-463","page","type-page","status-publish","has-post-thumbnail","hentry"],"yoast_head":"<!-- This site is optimized with the Yoast SEO plugin v27.4 - https:\/\/yoast.com\/product\/yoast-seo-wordpress\/ -->\n<title>- Nouvelle G\u00e9n\u00e9ration des Biotechnologistes<\/title>\n<meta name=\"robots\" content=\"index, follow, max-snippet:-1, max-image-preview:large, max-video-preview:-1\" \/>\n<link rel=\"canonical\" href=\"https:\/\/ngb-fr.org\/index.php\/fr\/biotech-dayyy\/463-2\/\" \/>\n<meta property=\"og:locale\" content=\"fr_FR\" \/>\n<meta property=\"og:type\" content=\"article\" \/>\n<meta property=\"og:title\" content=\"- Nouvelle G\u00e9n\u00e9ration des Biotechnologistes\" \/>\n<meta property=\"og:description\" content=\"Pr\u00e9c\u00e9dents Biotech Days: &#8211; Biotech Day 2021 Cette ann\u00e9e, le Biotech Day a eu lieu le 2 d\u00e9cembre. Cette journ\u00e9e a permis aux \u00e9tudiants de rencontrer de nombreuses entreprises et intervenants en lien avec les Biotechnologies, autour de r\u00e9unions, s\u00e9minaires et tables rondes. Le programme officiel de la journ\u00e9e est visible ci-dessous ainsi que quelques&nbsp;&hellip;\" \/>\n<meta property=\"og:url\" content=\"https:\/\/ngb-fr.org\/index.php\/fr\/biotech-dayyy\/463-2\/\" \/>\n<meta property=\"og:site_name\" content=\"Nouvelle G\u00e9n\u00e9ration des Biotechnologistes\" \/>\n<meta property=\"article:modified_time\" content=\"2023-11-23T11:26:16+00:00\" \/>\n<meta property=\"og:image\" content=\"https:\/\/ngb-fr.org\/wp-content\/uploads\/2022\/02\/Capture-decran-2022-02-14-224320-1.png\" \/>\n\t<meta property=\"og:image:width\" content=\"1133\" \/>\n\t<meta property=\"og:image:height\" content=\"442\" \/>\n\t<meta property=\"og:image:type\" content=\"image\/png\" \/>\n<meta name=\"twitter:card\" content=\"summary_large_image\" \/>\n<meta name=\"twitter:label1\" content=\"Dur\u00e9e de lecture estim\u00e9e\" \/>\n\t<meta name=\"twitter:data1\" content=\"5 minutes\" \/>\n<script type=\"application\/ld+json\" class=\"yoast-schema-graph\">{\"@context\":\"https:\\\/\\\/schema.org\",\"@graph\":[{\"@type\":\"WebPage\",\"@id\":\"https:\\\/\\\/ngb-fr.org\\\/index.php\\\/fr\\\/biotech-dayyy\\\/463-2\\\/\",\"url\":\"https:\\\/\\\/ngb-fr.org\\\/index.php\\\/fr\\\/biotech-dayyy\\\/463-2\\\/\",\"name\":\"- Nouvelle G\u00e9n\u00e9ration des Biotechnologistes\",\"isPartOf\":{\"@id\":\"https:\\\/\\\/ngb-fr.org\\\/index.php\\\/fr\\\/materialis\\\/#website\"},\"primaryImageOfPage\":{\"@id\":\"https:\\\/\\\/ngb-fr.org\\\/index.php\\\/fr\\\/biotech-dayyy\\\/463-2\\\/#primaryimage\"},\"image\":{\"@id\":\"https:\\\/\\\/ngb-fr.org\\\/index.php\\\/fr\\\/biotech-dayyy\\\/463-2\\\/#primaryimage\"},\"thumbnailUrl\":\"https:\\\/\\\/ngb-fr.org\\\/wp-content\\\/uploads\\\/2022\\\/02\\\/Capture-decran-2022-02-14-224320-1.png\",\"datePublished\":\"2019-11-26T15:08:42+00:00\",\"dateModified\":\"2023-11-23T11:26:16+00:00\",\"breadcrumb\":{\"@id\":\"https:\\\/\\\/ngb-fr.org\\\/index.php\\\/fr\\\/biotech-dayyy\\\/463-2\\\/#breadcrumb\"},\"inLanguage\":\"fr-FR\",\"potentialAction\":[{\"@type\":\"ReadAction\",\"target\":[\"https:\\\/\\\/ngb-fr.org\\\/index.php\\\/fr\\\/biotech-dayyy\\\/463-2\\\/\"]}]},{\"@type\":\"ImageObject\",\"inLanguage\":\"fr-FR\",\"@id\":\"https:\\\/\\\/ngb-fr.org\\\/index.php\\\/fr\\\/biotech-dayyy\\\/463-2\\\/#primaryimage\",\"url\":\"https:\\\/\\\/ngb-fr.org\\\/wp-content\\\/uploads\\\/2022\\\/02\\\/Capture-decran-2022-02-14-224320-1.png\",\"contentUrl\":\"https:\\\/\\\/ngb-fr.org\\\/wp-content\\\/uploads\\\/2022\\\/02\\\/Capture-decran-2022-02-14-224320-1.png\",\"width\":1133,\"height\":442},{\"@type\":\"BreadcrumbList\",\"@id\":\"https:\\\/\\\/ngb-fr.org\\\/index.php\\\/fr\\\/biotech-dayyy\\\/463-2\\\/#breadcrumb\",\"itemListElement\":[{\"@type\":\"ListItem\",\"position\":1,\"name\":\"Accueil\",\"item\":\"https:\\\/\\\/ngb-fr.org\\\/\"},{\"@type\":\"ListItem\",\"position\":2,\"name\":\"Biotech Day\",\"item\":\"https:\\\/\\\/ngb-fr.org\\\/index.php\\\/fr\\\/biotech-dayyy\\\/\"}]},{\"@type\":\"WebSite\",\"@id\":\"https:\\\/\\\/ngb-fr.org\\\/index.php\\\/fr\\\/materialis\\\/#website\",\"url\":\"https:\\\/\\\/ngb-fr.org\\\/index.php\\\/fr\\\/materialis\\\/\",\"name\":\"Nouvelle G\u00e9n\u00e9ration des Biotechnologistes\",\"description\":\"\",\"publisher\":{\"@id\":\"https:\\\/\\\/ngb-fr.org\\\/index.php\\\/fr\\\/materialis\\\/#organization\"},\"potentialAction\":[{\"@type\":\"SearchAction\",\"target\":{\"@type\":\"EntryPoint\",\"urlTemplate\":\"https:\\\/\\\/ngb-fr.org\\\/index.php\\\/fr\\\/materialis\\\/?s={search_term_string}\"},\"query-input\":{\"@type\":\"PropertyValueSpecification\",\"valueRequired\":true,\"valueName\":\"search_term_string\"}}],\"inLanguage\":\"fr-FR\"},{\"@type\":\"Organization\",\"@id\":\"https:\\\/\\\/ngb-fr.org\\\/index.php\\\/fr\\\/materialis\\\/#organization\",\"name\":\"Nouvelle G\u00e9n\u00e9ration des Biotechnologistes\",\"url\":\"https:\\\/\\\/ngb-fr.org\\\/index.php\\\/fr\\\/materialis\\\/\",\"logo\":{\"@type\":\"ImageObject\",\"inLanguage\":\"fr-FR\",\"@id\":\"https:\\\/\\\/ngb-fr.org\\\/index.php\\\/fr\\\/materialis\\\/#\\\/schema\\\/logo\\\/image\\\/\",\"url\":\"https:\\\/\\\/ngb-fr.org\\\/wp-content\\\/uploads\\\/2019\\\/02\\\/cropped-1.png\",\"contentUrl\":\"https:\\\/\\\/ngb-fr.org\\\/wp-content\\\/uploads\\\/2019\\\/02\\\/cropped-1.png\",\"width\":1880,\"height\":1826,\"caption\":\"Nouvelle G\u00e9n\u00e9ration des Biotechnologistes\"},\"image\":{\"@id\":\"https:\\\/\\\/ngb-fr.org\\\/index.php\\\/fr\\\/materialis\\\/#\\\/schema\\\/logo\\\/image\\\/\"}}]}<\/script>\n<!-- \/ Yoast SEO plugin. -->","yoast_head_json":{"title":"- Nouvelle G\u00e9n\u00e9ration des Biotechnologistes","robots":{"index":"index","follow":"follow","max-snippet":"max-snippet:-1","max-image-preview":"max-image-preview:large","max-video-preview":"max-video-preview:-1"},"canonical":"https:\/\/ngb-fr.org\/index.php\/fr\/biotech-dayyy\/463-2\/","og_locale":"fr_FR","og_type":"article","og_title":"- Nouvelle G\u00e9n\u00e9ration des Biotechnologistes","og_description":"Pr\u00e9c\u00e9dents Biotech Days: &#8211; Biotech Day 2021 Cette ann\u00e9e, le Biotech Day a eu lieu le 2 d\u00e9cembre. Cette journ\u00e9e a permis aux \u00e9tudiants de rencontrer de nombreuses entreprises et intervenants en lien avec les Biotechnologies, autour de r\u00e9unions, s\u00e9minaires et tables rondes. Le programme officiel de la journ\u00e9e est visible ci-dessous ainsi que quelques&nbsp;&hellip;","og_url":"https:\/\/ngb-fr.org\/index.php\/fr\/biotech-dayyy\/463-2\/","og_site_name":"Nouvelle G\u00e9n\u00e9ration des Biotechnologistes","article_modified_time":"2023-11-23T11:26:16+00:00","og_image":[{"width":1133,"height":442,"url":"https:\/\/ngb-fr.org\/wp-content\/uploads\/2022\/02\/Capture-decran-2022-02-14-224320-1.png","type":"image\/png"}],"twitter_card":"summary_large_image","twitter_misc":{"Dur\u00e9e de lecture estim\u00e9e":"5 minutes"},"schema":{"@context":"https:\/\/schema.org","@graph":[{"@type":"WebPage","@id":"https:\/\/ngb-fr.org\/index.php\/fr\/biotech-dayyy\/463-2\/","url":"https:\/\/ngb-fr.org\/index.php\/fr\/biotech-dayyy\/463-2\/","name":"- Nouvelle G\u00e9n\u00e9ration des Biotechnologistes","isPartOf":{"@id":"https:\/\/ngb-fr.org\/index.php\/fr\/materialis\/#website"},"primaryImageOfPage":{"@id":"https:\/\/ngb-fr.org\/index.php\/fr\/biotech-dayyy\/463-2\/#primaryimage"},"image":{"@id":"https:\/\/ngb-fr.org\/index.php\/fr\/biotech-dayyy\/463-2\/#primaryimage"},"thumbnailUrl":"https:\/\/ngb-fr.org\/wp-content\/uploads\/2022\/02\/Capture-decran-2022-02-14-224320-1.png","datePublished":"2019-11-26T15:08:42+00:00","dateModified":"2023-11-23T11:26:16+00:00","breadcrumb":{"@id":"https:\/\/ngb-fr.org\/index.php\/fr\/biotech-dayyy\/463-2\/#breadcrumb"},"inLanguage":"fr-FR","potentialAction":[{"@type":"ReadAction","target":["https:\/\/ngb-fr.org\/index.php\/fr\/biotech-dayyy\/463-2\/"]}]},{"@type":"ImageObject","inLanguage":"fr-FR","@id":"https:\/\/ngb-fr.org\/index.php\/fr\/biotech-dayyy\/463-2\/#primaryimage","url":"https:\/\/ngb-fr.org\/wp-content\/uploads\/2022\/02\/Capture-decran-2022-02-14-224320-1.png","contentUrl":"https:\/\/ngb-fr.org\/wp-content\/uploads\/2022\/02\/Capture-decran-2022-02-14-224320-1.png","width":1133,"height":442},{"@type":"BreadcrumbList","@id":"https:\/\/ngb-fr.org\/index.php\/fr\/biotech-dayyy\/463-2\/#breadcrumb","itemListElement":[{"@type":"ListItem","position":1,"name":"Accueil","item":"https:\/\/ngb-fr.org\/"},{"@type":"ListItem","position":2,"name":"Biotech Day","item":"https:\/\/ngb-fr.org\/index.php\/fr\/biotech-dayyy\/"}]},{"@type":"WebSite","@id":"https:\/\/ngb-fr.org\/index.php\/fr\/materialis\/#website","url":"https:\/\/ngb-fr.org\/index.php\/fr\/materialis\/","name":"Nouvelle G\u00e9n\u00e9ration des Biotechnologistes","description":"","publisher":{"@id":"https:\/\/ngb-fr.org\/index.php\/fr\/materialis\/#organization"},"potentialAction":[{"@type":"SearchAction","target":{"@type":"EntryPoint","urlTemplate":"https:\/\/ngb-fr.org\/index.php\/fr\/materialis\/?s={search_term_string}"},"query-input":{"@type":"PropertyValueSpecification","valueRequired":true,"valueName":"search_term_string"}}],"inLanguage":"fr-FR"},{"@type":"Organization","@id":"https:\/\/ngb-fr.org\/index.php\/fr\/materialis\/#organization","name":"Nouvelle G\u00e9n\u00e9ration des Biotechnologistes","url":"https:\/\/ngb-fr.org\/index.php\/fr\/materialis\/","logo":{"@type":"ImageObject","inLanguage":"fr-FR","@id":"https:\/\/ngb-fr.org\/index.php\/fr\/materialis\/#\/schema\/logo\/image\/","url":"https:\/\/ngb-fr.org\/wp-content\/uploads\/2019\/02\/cropped-1.png","contentUrl":"https:\/\/ngb-fr.org\/wp-content\/uploads\/2019\/02\/cropped-1.png","width":1880,"height":1826,"caption":"Nouvelle G\u00e9n\u00e9ration des Biotechnologistes"},"image":{"@id":"https:\/\/ngb-fr.org\/index.php\/fr\/materialis\/#\/schema\/logo\/image\/"}}]}},"jetpack_sharing_enabled":true,"_links":{"self":[{"href":"https:\/\/ngb-fr.org\/index.php\/wp-json\/wp\/v2\/pages\/463","targetHints":{"allow":["GET"]}}],"collection":[{"href":"https:\/\/ngb-fr.org\/index.php\/wp-json\/wp\/v2\/pages"}],"about":[{"href":"https:\/\/ngb-fr.org\/index.php\/wp-json\/wp\/v2\/types\/page"}],"author":[{"embeddable":true,"href":"https:\/\/ngb-fr.org\/index.php\/wp-json\/wp\/v2\/users\/2"}],"replies":[{"embeddable":true,"href":"https:\/\/ngb-fr.org\/index.php\/wp-json\/wp\/v2\/comments?post=463"}],"version-history":[{"count":13,"href":"https:\/\/ngb-fr.org\/index.php\/wp-json\/wp\/v2\/pages\/463\/revisions"}],"predecessor-version":[{"id":922,"href":"https:\/\/ngb-fr.org\/index.php\/wp-json\/wp\/v2\/pages\/463\/revisions\/922"}],"up":[{"embeddable":true,"href":"https:\/\/ngb-fr.org\/index.php\/wp-json\/wp\/v2\/pages\/766"}],"wp:featuredmedia":[{"embeddable":true,"href":"https:\/\/ngb-fr.org\/index.php\/wp-json\/wp\/v2\/media\/761"}],"wp:attachment":[{"href":"https:\/\/ngb-fr.org\/index.php\/wp-json\/wp\/v2\/media?parent=463"}],"curies":[{"name":"wp","href":"https:\/\/api.w.org\/{rel}","templated":true}]}}