{"id":477,"date":"2019-11-27T11:02:35","date_gmt":"2019-11-27T10:02:35","guid":{"rendered":"http:\/\/ngb-fr.org\/?page_id=477"},"modified":"2021-05-26T22:00:21","modified_gmt":"2021-05-26T20:00:21","slug":"contact-us","status":"publish","type":"page","link":"https:\/\/ngb-fr.org\/index.php\/about-us\/contact-us\/","title":{"rendered":"Contact us"},"content":{"rendered":"\n<p>mail : contact@ngb-fr.org<\/p>\n\n\n\n<p><\/p>\n\n\n\n<p>Address: <\/p>\n\n\n\n<p>\u00c9cole sup\u00e9rieur de biotechnologie de Strasbourg<\/p>\n\n\n\n<p>Nouvelle G\u00e9n\u00e9ration des Biotechnologistes<\/p>\n\n\n\n<p>P\u00f4le api, 300 boulevard S\u00e9bastien Brant<\/p>\n\n\n\n<p>67400 Illkirch-Graffenstaden<\/p>\n\n\n\n<p><\/p>\n\n\n\n<p>Join us on our&nbsp;<a href=\"https:\/\/www.facebook.com\/biotechnologistes\/\">Facebook&nbsp;<\/a>, <a href=\"https:\/\/www.instagram.com\/ngb_fr\/\">Instagram&nbsp;<\/a>or <a href=\"https:\/\/www.linkedin.com\/company\/nouvelle-g%C3%A9n%C3%A9ration-des-biotechnologistes\/\">LinkedIn<\/a> page to follow all our news!!<\/p>\n","protected":false},"excerpt":{"rendered":"<p>mail : contact@ngb-fr.org Address: \u00c9cole sup\u00e9rieur de biotechnologie de Strasbourg Nouvelle G\u00e9n\u00e9ration des Biotechnologistes P\u00f4le api, 300 boulevard S\u00e9bastien Brant 67400 Illkirch-Graffenstaden Join us on our&nbsp;Facebook&nbsp;, Instagram&nbsp;or LinkedIn page to follow all our news!!<\/p>\n","protected":false},"author":2,"featured_media":266,"parent":474,"menu_order":0,"comment_status":"closed","ping_status":"closed","template":"","meta":{"footnotes":""},"class_list":["post-477","page","type-page","status-publish","has-post-thumbnail","hentry"],"yoast_head":"<!-- This site is optimized with the Yoast SEO plugin v27.4 - https:\/\/yoast.com\/product\/yoast-seo-wordpress\/ -->\n<title>Contact us - Nouvelle G\u00e9n\u00e9ration des Biotechnologistes<\/title>\n<meta name=\"robots\" content=\"index, follow, max-snippet:-1, max-image-preview:large, max-video-preview:-1\" \/>\n<link rel=\"canonical\" href=\"https:\/\/ngb-fr.org\/index.php\/en\/about-us\/contact-us\/\" \/>\n<meta property=\"og:locale\" content=\"fr_FR\" \/>\n<meta property=\"og:type\" content=\"article\" \/>\n<meta property=\"og:title\" content=\"Contact us - Nouvelle G\u00e9n\u00e9ration des Biotechnologistes\" \/>\n<meta property=\"og:description\" content=\"mail : contact@ngb-fr.org Address: \u00c9cole sup\u00e9rieur de biotechnologie de Strasbourg Nouvelle G\u00e9n\u00e9ration des Biotechnologistes P\u00f4le api, 300 boulevard S\u00e9bastien Brant 67400 Illkirch-Graffenstaden Join us on our&nbsp;Facebook&nbsp;, Instagram&nbsp;or LinkedIn page to follow all our news!!\" \/>\n<meta property=\"og:url\" content=\"https:\/\/ngb-fr.org\/index.php\/en\/about-us\/contact-us\/\" \/>\n<meta property=\"og:site_name\" content=\"Nouvelle G\u00e9n\u00e9ration des Biotechnologistes\" \/>\n<meta property=\"article:modified_time\" content=\"2021-05-26T20:00:21+00:00\" \/>\n<meta property=\"og:image\" content=\"https:\/\/ngb-fr.org\/wp-content\/uploads\/2019\/02\/esbs-ecole-superieure-de-biotechnologie-37595-1200-630.jpg\" \/>\n\t<meta property=\"og:image:width\" content=\"1200\" \/>\n\t<meta property=\"og:image:height\" content=\"630\" \/>\n\t<meta property=\"og:image:type\" content=\"image\/jpeg\" \/>\n<meta name=\"twitter:card\" content=\"summary_large_image\" \/>\n<script type=\"application\/ld+json\" class=\"yoast-schema-graph\">{\"@context\":\"https:\\\/\\\/schema.org\",\"@graph\":[{\"@type\":\"WebPage\",\"@id\":\"https:\\\/\\\/ngb-fr.org\\\/index.php\\\/en\\\/about-us\\\/contact-us\\\/\",\"url\":\"https:\\\/\\\/ngb-fr.org\\\/index.php\\\/en\\\/about-us\\\/contact-us\\\/\",\"name\":\"Contact us - Nouvelle G\u00e9n\u00e9ration des Biotechnologistes\",\"isPartOf\":{\"@id\":\"https:\\\/\\\/ngb-fr.org\\\/index.php\\\/fr\\\/materialis\\\/#website\"},\"primaryImageOfPage\":{\"@id\":\"https:\\\/\\\/ngb-fr.org\\\/index.php\\\/en\\\/about-us\\\/contact-us\\\/#primaryimage\"},\"image\":{\"@id\":\"https:\\\/\\\/ngb-fr.org\\\/index.php\\\/en\\\/about-us\\\/contact-us\\\/#primaryimage\"},\"thumbnailUrl\":\"https:\\\/\\\/ngb-fr.org\\\/wp-content\\\/uploads\\\/2019\\\/02\\\/esbs-ecole-superieure-de-biotechnologie-37595-1200-630.jpg\",\"datePublished\":\"2019-11-27T10:02:35+00:00\",\"dateModified\":\"2021-05-26T20:00:21+00:00\",\"breadcrumb\":{\"@id\":\"https:\\\/\\\/ngb-fr.org\\\/index.php\\\/en\\\/about-us\\\/contact-us\\\/#breadcrumb\"},\"inLanguage\":\"fr-FR\",\"potentialAction\":[{\"@type\":\"ReadAction\",\"target\":[\"https:\\\/\\\/ngb-fr.org\\\/index.php\\\/en\\\/about-us\\\/contact-us\\\/\"]}]},{\"@type\":\"ImageObject\",\"inLanguage\":\"fr-FR\",\"@id\":\"https:\\\/\\\/ngb-fr.org\\\/index.php\\\/en\\\/about-us\\\/contact-us\\\/#primaryimage\",\"url\":\"https:\\\/\\\/ngb-fr.org\\\/wp-content\\\/uploads\\\/2019\\\/02\\\/esbs-ecole-superieure-de-biotechnologie-37595-1200-630.jpg\",\"contentUrl\":\"https:\\\/\\\/ngb-fr.org\\\/wp-content\\\/uploads\\\/2019\\\/02\\\/esbs-ecole-superieure-de-biotechnologie-37595-1200-630.jpg\",\"width\":1200,\"height\":630},{\"@type\":\"BreadcrumbList\",\"@id\":\"https:\\\/\\\/ngb-fr.org\\\/index.php\\\/en\\\/about-us\\\/contact-us\\\/#breadcrumb\",\"itemListElement\":[{\"@type\":\"ListItem\",\"position\":1,\"name\":\"Accueil\",\"item\":\"https:\\\/\\\/ngb-fr.org\\\/\"},{\"@type\":\"ListItem\",\"position\":2,\"name\":\"About Us\",\"item\":\"https:\\\/\\\/ngb-fr.org\\\/index.php\\\/en\\\/about-us\\\/\"},{\"@type\":\"ListItem\",\"position\":3,\"name\":\"Contact us\"}]},{\"@type\":\"WebSite\",\"@id\":\"https:\\\/\\\/ngb-fr.org\\\/index.php\\\/fr\\\/materialis\\\/#website\",\"url\":\"https:\\\/\\\/ngb-fr.org\\\/index.php\\\/fr\\\/materialis\\\/\",\"name\":\"Nouvelle G\u00e9n\u00e9ration des Biotechnologistes\",\"description\":\"\",\"publisher\":{\"@id\":\"https:\\\/\\\/ngb-fr.org\\\/index.php\\\/fr\\\/materialis\\\/#organization\"},\"potentialAction\":[{\"@type\":\"SearchAction\",\"target\":{\"@type\":\"EntryPoint\",\"urlTemplate\":\"https:\\\/\\\/ngb-fr.org\\\/index.php\\\/fr\\\/materialis\\\/?s={search_term_string}\"},\"query-input\":{\"@type\":\"PropertyValueSpecification\",\"valueRequired\":true,\"valueName\":\"search_term_string\"}}],\"inLanguage\":\"fr-FR\"},{\"@type\":\"Organization\",\"@id\":\"https:\\\/\\\/ngb-fr.org\\\/index.php\\\/fr\\\/materialis\\\/#organization\",\"name\":\"Nouvelle G\u00e9n\u00e9ration des Biotechnologistes\",\"url\":\"https:\\\/\\\/ngb-fr.org\\\/index.php\\\/fr\\\/materialis\\\/\",\"logo\":{\"@type\":\"ImageObject\",\"inLanguage\":\"fr-FR\",\"@id\":\"https:\\\/\\\/ngb-fr.org\\\/index.php\\\/fr\\\/materialis\\\/#\\\/schema\\\/logo\\\/image\\\/\",\"url\":\"https:\\\/\\\/ngb-fr.org\\\/wp-content\\\/uploads\\\/2019\\\/02\\\/cropped-1.png\",\"contentUrl\":\"https:\\\/\\\/ngb-fr.org\\\/wp-content\\\/uploads\\\/2019\\\/02\\\/cropped-1.png\",\"width\":1880,\"height\":1826,\"caption\":\"Nouvelle G\u00e9n\u00e9ration des Biotechnologistes\"},\"image\":{\"@id\":\"https:\\\/\\\/ngb-fr.org\\\/index.php\\\/fr\\\/materialis\\\/#\\\/schema\\\/logo\\\/image\\\/\"}}]}<\/script>\n<!-- \/ Yoast SEO plugin. -->","yoast_head_json":{"title":"Contact us - Nouvelle G\u00e9n\u00e9ration des Biotechnologistes","robots":{"index":"index","follow":"follow","max-snippet":"max-snippet:-1","max-image-preview":"max-image-preview:large","max-video-preview":"max-video-preview:-1"},"canonical":"https:\/\/ngb-fr.org\/index.php\/en\/about-us\/contact-us\/","og_locale":"fr_FR","og_type":"article","og_title":"Contact us - Nouvelle G\u00e9n\u00e9ration des Biotechnologistes","og_description":"mail : contact@ngb-fr.org Address: \u00c9cole sup\u00e9rieur de biotechnologie de Strasbourg Nouvelle G\u00e9n\u00e9ration des Biotechnologistes P\u00f4le api, 300 boulevard S\u00e9bastien Brant 67400 Illkirch-Graffenstaden Join us on our&nbsp;Facebook&nbsp;, Instagram&nbsp;or LinkedIn page to follow all our news!!","og_url":"https:\/\/ngb-fr.org\/index.php\/en\/about-us\/contact-us\/","og_site_name":"Nouvelle G\u00e9n\u00e9ration des Biotechnologistes","article_modified_time":"2021-05-26T20:00:21+00:00","og_image":[{"width":1200,"height":630,"url":"https:\/\/ngb-fr.org\/wp-content\/uploads\/2019\/02\/esbs-ecole-superieure-de-biotechnologie-37595-1200-630.jpg","type":"image\/jpeg"}],"twitter_card":"summary_large_image","schema":{"@context":"https:\/\/schema.org","@graph":[{"@type":"WebPage","@id":"https:\/\/ngb-fr.org\/index.php\/en\/about-us\/contact-us\/","url":"https:\/\/ngb-fr.org\/index.php\/en\/about-us\/contact-us\/","name":"Contact us - Nouvelle G\u00e9n\u00e9ration des Biotechnologistes","isPartOf":{"@id":"https:\/\/ngb-fr.org\/index.php\/fr\/materialis\/#website"},"primaryImageOfPage":{"@id":"https:\/\/ngb-fr.org\/index.php\/en\/about-us\/contact-us\/#primaryimage"},"image":{"@id":"https:\/\/ngb-fr.org\/index.php\/en\/about-us\/contact-us\/#primaryimage"},"thumbnailUrl":"https:\/\/ngb-fr.org\/wp-content\/uploads\/2019\/02\/esbs-ecole-superieure-de-biotechnologie-37595-1200-630.jpg","datePublished":"2019-11-27T10:02:35+00:00","dateModified":"2021-05-26T20:00:21+00:00","breadcrumb":{"@id":"https:\/\/ngb-fr.org\/index.php\/en\/about-us\/contact-us\/#breadcrumb"},"inLanguage":"fr-FR","potentialAction":[{"@type":"ReadAction","target":["https:\/\/ngb-fr.org\/index.php\/en\/about-us\/contact-us\/"]}]},{"@type":"ImageObject","inLanguage":"fr-FR","@id":"https:\/\/ngb-fr.org\/index.php\/en\/about-us\/contact-us\/#primaryimage","url":"https:\/\/ngb-fr.org\/wp-content\/uploads\/2019\/02\/esbs-ecole-superieure-de-biotechnologie-37595-1200-630.jpg","contentUrl":"https:\/\/ngb-fr.org\/wp-content\/uploads\/2019\/02\/esbs-ecole-superieure-de-biotechnologie-37595-1200-630.jpg","width":1200,"height":630},{"@type":"BreadcrumbList","@id":"https:\/\/ngb-fr.org\/index.php\/en\/about-us\/contact-us\/#breadcrumb","itemListElement":[{"@type":"ListItem","position":1,"name":"Accueil","item":"https:\/\/ngb-fr.org\/"},{"@type":"ListItem","position":2,"name":"About Us","item":"https:\/\/ngb-fr.org\/index.php\/en\/about-us\/"},{"@type":"ListItem","position":3,"name":"Contact us"}]},{"@type":"WebSite","@id":"https:\/\/ngb-fr.org\/index.php\/fr\/materialis\/#website","url":"https:\/\/ngb-fr.org\/index.php\/fr\/materialis\/","name":"Nouvelle G\u00e9n\u00e9ration des Biotechnologistes","description":"","publisher":{"@id":"https:\/\/ngb-fr.org\/index.php\/fr\/materialis\/#organization"},"potentialAction":[{"@type":"SearchAction","target":{"@type":"EntryPoint","urlTemplate":"https:\/\/ngb-fr.org\/index.php\/fr\/materialis\/?s={search_term_string}"},"query-input":{"@type":"PropertyValueSpecification","valueRequired":true,"valueName":"search_term_string"}}],"inLanguage":"fr-FR"},{"@type":"Organization","@id":"https:\/\/ngb-fr.org\/index.php\/fr\/materialis\/#organization","name":"Nouvelle G\u00e9n\u00e9ration des Biotechnologistes","url":"https:\/\/ngb-fr.org\/index.php\/fr\/materialis\/","logo":{"@type":"ImageObject","inLanguage":"fr-FR","@id":"https:\/\/ngb-fr.org\/index.php\/fr\/materialis\/#\/schema\/logo\/image\/","url":"https:\/\/ngb-fr.org\/wp-content\/uploads\/2019\/02\/cropped-1.png","contentUrl":"https:\/\/ngb-fr.org\/wp-content\/uploads\/2019\/02\/cropped-1.png","width":1880,"height":1826,"caption":"Nouvelle G\u00e9n\u00e9ration des Biotechnologistes"},"image":{"@id":"https:\/\/ngb-fr.org\/index.php\/fr\/materialis\/#\/schema\/logo\/image\/"}}]}},"jetpack_sharing_enabled":true,"_links":{"self":[{"href":"https:\/\/ngb-fr.org\/index.php\/wp-json\/wp\/v2\/pages\/477","targetHints":{"allow":["GET"]}}],"collection":[{"href":"https:\/\/ngb-fr.org\/index.php\/wp-json\/wp\/v2\/pages"}],"about":[{"href":"https:\/\/ngb-fr.org\/index.php\/wp-json\/wp\/v2\/types\/page"}],"author":[{"embeddable":true,"href":"https:\/\/ngb-fr.org\/index.php\/wp-json\/wp\/v2\/users\/2"}],"replies":[{"embeddable":true,"href":"https:\/\/ngb-fr.org\/index.php\/wp-json\/wp\/v2\/comments?post=477"}],"version-history":[{"count":2,"href":"https:\/\/ngb-fr.org\/index.php\/wp-json\/wp\/v2\/pages\/477\/revisions"}],"predecessor-version":[{"id":673,"href":"https:\/\/ngb-fr.org\/index.php\/wp-json\/wp\/v2\/pages\/477\/revisions\/673"}],"up":[{"embeddable":true,"href":"https:\/\/ngb-fr.org\/index.php\/wp-json\/wp\/v2\/pages\/474"}],"wp:featuredmedia":[{"embeddable":true,"href":"https:\/\/ngb-fr.org\/index.php\/wp-json\/wp\/v2\/media\/266"}],"wp:attachment":[{"href":"https:\/\/ngb-fr.org\/index.php\/wp-json\/wp\/v2\/media?parent=477"}],"curies":[{"name":"wp","href":"https:\/\/api.w.org\/{rel}","templated":true}]}}