{"id":560,"date":"2020-03-01T21:50:24","date_gmt":"2020-03-01T20:50:24","guid":{"rendered":"http:\/\/ngb-fr.org\/?page_id=560"},"modified":"2020-03-01T21:52:45","modified_gmt":"2020-03-01T20:52:45","slug":"cafe-debat-genetics-ethics","status":"publish","type":"page","link":"https:\/\/ngb-fr.org\/index.php\/nouveautes\/conferences\/cafe-debat-genetics-ethics\/","title":{"rendered":"Caf\u00e9-d\u00e9bat \u00ab\u00a0Genetics &#038; Ethics\u00a0\u00bb"},"content":{"rendered":"<h1><span style=\"font-weight: 400;\">Intervenant :\u00a0<\/span><\/h1>\n<p><span style=\"font-weight: 400;\">\u00c9ric Marois \u2013 Il travaille \u00e0 l&rsquo;IBMC, et \u00e9tudie les moustiques en tant que vecteurs de maladies transmises \u00e0 l&rsquo;Homme. Son r\u00f4le est de d\u00e9velopper des outils de transg\u00e9n\u00e8se chez les moustiques.<\/span><\/p>\n<h1><span style=\"font-weight: 400;\">Contexte :<\/span><\/h1>\n<p><span style=\"font-weight: 400;\">Les moustiques sont des vecteurs qui peuvent transmettre diverses maladies \u00e0 l&rsquo;Homme (paludisme, dengue\u2026). Ce sont d&rsquo;ailleurs les moustiques qui sont les plus dangereux pour l&rsquo;Homme et qui causent le plus de morts. Cependant, tous les moustiques ne sont pas dangereux: seule une centaine d&rsquo;esp\u00e8ces sur les 3500 esp\u00e8ces totales de moustiques sont capables de transmettre des maladies \u00e0 l&rsquo;Homme.<\/span><\/p>\n<p><span style=\"font-weight: 400;\">L&rsquo;esp\u00e8ce la plus dangereuse pour l&rsquo;Homme est <\/span><i><span style=\"font-weight: 400;\">Anopheles gambiae<\/span><\/i><span style=\"font-weight: 400;\">, qui transmet le paludisme. Cette maladie est actuellement difficile \u00e0 traiter car le parasite responsable de la maladie, appel\u00e9 <\/span><i><span style=\"font-weight: 400;\">Plasmodium<\/span><\/i><span style=\"font-weight: 400;\">,\u00a0 est constamment en train de s&rsquo;adapter et d\u00e9veloppe des r\u00e9sistances aux m\u00e9dicaments. De plus, le DDT \u00e9tait aussi utilis\u00e9 pour limiter le paludisme en \u00e9liminant les moustiques, mais cet insecticide a \u00e9t\u00e9 interdit car il \u00e9tait nocif pour l&rsquo;Homme, et que les moustiques r\u00e9ussissaient \u00e0 d\u00e9velopper des r\u00e9sistances. Actuellement, le m\u00e9dicament le plus efficace pour traiter le paludisme est l&rsquo;art\u00e9misinine, mais les premiers cas de r\u00e9sistance apparaissent en Asie et pourraient bient\u00f4t atteindre l&rsquo;Afrique.<\/span><\/p>\n<p><span style=\"font-weight: 400;\">C&rsquo;est pourquoi il est n\u00e9cessaire de trouver de nouveaux traitements contre le paludisme.\u00a0<\/span><\/p>\n<p><span style=\"font-weight: 400;\">On peut alors se demander ce que fait la recherche dans tout \u00e7a ?<\/span><\/p>\n<p><span style=\"font-weight: 400;\">Il y a de nombreux moyens de lutter contre les moustiques comme vecteur:<\/span><\/p>\n<ul>\n<li style=\"font-weight: 400;\"><span style=\"font-weight: 400;\">Emp\u00eacher la r\u00e9sistance aux insecticides<\/span><\/li>\n<li style=\"font-weight: 400;\"><span style=\"font-weight: 400;\">Diminuer leur comp\u00e9tence vectorielle<\/span><\/li>\n<li style=\"font-weight: 400;\"><span style=\"font-weight: 400;\">Bloquer la transmission du parasite<\/span><\/li>\n<li style=\"font-weight: 400;\"><span style=\"font-weight: 400;\">Moduler leur reproduction (trouver des moyens de diminuer leur prolif\u00e9ration)<\/span><\/li>\n<li style=\"font-weight: 400;\"><span style=\"font-weight: 400;\">Etudier le microbiote des pathog\u00e8nes<\/span><\/li>\n<li style=\"font-weight: 400;\"><span style=\"font-weight: 400;\">D\u00e9velopper la transg\u00e9n\u00e8se des moustiques\u00a0<\/span><\/li>\n<\/ul>\n<h1><span style=\"font-weight: 400;\">La transg\u00e9n\u00e8se des moustiques :\u00a0<\/span><\/h1>\n<p><span style=\"font-weight: 400;\">Cela permet d&rsquo;\u00e9tudier les interactions biologiques avec le pathog\u00e8ne.<\/span><\/p>\n<p><span style=\"font-weight: 400;\">Il y a plusieurs mani\u00e8res de cr\u00e9er des moustiques transg\u00e9niques. Tout d&rsquo;abord, la m\u00e9thode \u00ab\u00a0old-fashioned\u00a0\u00bb, qui consiste \u00e0 injecter de l&rsquo;ADN dans les gonades des moustiques, ainsi la prochaine g\u00e9n\u00e9ration de moustique sera transg\u00e9nique. Et plus r\u00e9cemment, la m\u00e9thode du \u00ab\u00a0gene drive\u00a0\u00bb, ou for\u00e7age g\u00e9n\u00e9tique qui utilise la technique CRISPR\/cas9. Cette derni\u00e8re m\u00e9thode est la plus controvers\u00e9e. D&rsquo;ailleurs, plus de 150 ONG ont demand\u00e9 l&rsquo;interdiction de faire de la recherche sur le for\u00e7age g\u00e9n\u00e9tique mais les Nations Unies ont refus\u00e9 vu l&rsquo;enjeu de la recherche.\u00a0<\/span><\/p>\n<p><span style=\"font-weight: 400;\">Chaque m\u00e9thode a ses avantages et inconv\u00e9nients:<\/span><\/p>\n<table>\n<tbody>\n<tr>\n<td><\/td>\n<td><span style=\"font-weight: 400;\">Avantages<\/span><\/td>\n<td><span style=\"font-weight: 400;\">Inconv\u00e9nients<\/span><\/td>\n<\/tr>\n<tr>\n<td><span style=\"font-weight: 400;\">Transg\u00e9n\u00e8se traditionnelle<\/span><\/td>\n<td><span style=\"font-weight: 400;\">&#8211; ses effets sont similaires \u00e0 l&rsquo;usage d&rsquo;insecticides mais sans les d\u00e9savantages\u00a0<\/span><\/td>\n<td><span style=\"font-weight: 400;\">&#8211; efficace seulement \u00e0 une petite \u00e9chelle g\u00e9ographique<\/span><\/p>\n<p><span style=\"font-weight: 400;\">&#8211; ne peut pas fonctionner pour toutes les esp\u00e8ces de moustiques<\/span><\/td>\n<\/tr>\n<tr>\n<td><span style=\"font-weight: 400;\">For\u00e7age g\u00e9n\u00e9tique<\/span><\/td>\n<td><span style=\"font-weight: 400;\">&#8211; modification g\u00e9n\u00e9tique peut \u00eatre transmise jusqu&rsquo;\u00e0 100% de la population<\/span><\/p>\n<p><span style=\"font-weight: 400;\">&#8211; pas d&rsquo;impact sur la sant\u00e9 humaine<\/span><\/p>\n<p><span style=\"font-weight: 400;\">&#8211; processus autonome (auto-amplification)<\/span><\/td>\n<td><span style=\"font-weight: 400;\">&#8211; d\u00e9s\u00e9quilibre de l&rsquo;\u00e9cosyst\u00e8me<\/span><\/p>\n<p><span style=\"font-weight: 400;\">&#8211; possibilit\u00e9 de transfert de g\u00e8ne horizontal<\/span><\/p>\n<p><span style=\"font-weight: 400;\">&#8211; possibilit\u00e9 que les OGM deviennent persistants\u00a0<\/span><\/td>\n<\/tr>\n<\/tbody>\n<\/table>\n<p><span style=\"font-weight: 400;\">\u00a0<\/span><\/p>\n<p><span style=\"font-weight: 400;\">Dans tous les cas, la transg\u00e9n\u00e8se g\u00e9n\u00e8re des r\u00e9ticences chez le grand public. Cela est d\u00fb \u00e0 de nombreux facteurs. Par exemple, le fait que des entreprises priv\u00e9es soient en charge de cr\u00e9er des moustiques transg\u00e9niques et non pas des organismes publics. L&rsquo;entreprise Oxitec a notamment d\u00e9velopp\u00e9 des moustiques transg\u00e9niques de telle sorte que lorsqu&rsquo;ils se reproduisent avec des moustiques WT, leurs \u0153ufs ne survivent pas. Mais une \u00e9tude a montr\u00e9 que 4% des \u0153ufs transg\u00e9niques survivaient ce qui a caus\u00e9 des controverses et Oxitec a \u00e9t\u00e9 accus\u00e9 d&rsquo;un manque de transparence.\u00a0<\/span><\/p>\n<p><span style=\"font-weight: 400;\">Si la transg\u00e9n\u00e8se venait \u00e0 se faire, il faudrait essayer de pr\u00e9dire toutes les issues possibles, et prendre en compte l&rsquo;\u00e9quilibre risques-avantages. Cela ne peut se faire que si la d\u00e9cision est prise de mani\u00e8re d\u00e9mocratique, ce qui n&rsquo;est pas toujours \u00e9vident. En effet, les maladies transmises via les moustiques arrivent souvent dans les pays en voie de d\u00e9veloppement, o\u00f9 les gens n&rsquo;ont pas forc\u00e9ment un niveau d&rsquo;\u00e9ducation \u00e9lev\u00e9 (difficult\u00e9 pour expliquer tous les enjeux, possibilit\u00e9 d&rsquo;\u00eatre influenc\u00e9s).\u00a0\u00a0<\/span><\/p>\n<h1><span style=\"font-weight: 400;\">Discussion autour de la vid\u00e9o \u00ab\u00a0The ethics of CRISPR gene editing with Jennifer Doudna\u00a0\u00bb :<\/span><\/h1>\n<p><a href=\"https:\/\/www.youtube.com\/watch?v=8Ijr1ccYPtI\"><span style=\"font-weight: 400;\">https:\/\/www.youtube.com\/watch?v=8Ijr1ccYPtI<\/span><\/a><\/p>\n<ul>\n<li style=\"font-weight: 400;\"><span style=\"font-weight: 400;\">Est-il \u00e9thique d&rsquo;attendre pour faire de la transg\u00e9n\u00e8se vu le contexte ?<\/span><\/li>\n<\/ul>\n<p><span style=\"font-weight: 400;\">Il faut prendre le facteur \u00ab\u00a0humain\u00a0\u00bb en consid\u00e9ration : \u00e9norm\u00e9ment de personnes meurent actuellement de maladies transmises par les moustiques, et cela a un impact \u00e9norme sur les pays touch\u00e9s. De plus, on peut se demander si cette \u00ab\u00a0modification\u00a0\u00bb est tr\u00e8s diff\u00e9rente de ce que l&rsquo;on fait d\u00e9j\u00e0 subir \u00e0 l&rsquo;environnement (agriculture intensive\u2026)<\/span><\/p>\n<ul>\n<li style=\"font-weight: 400;\"><span style=\"font-weight: 400;\">Qu&rsquo;en est-il de l&rsquo;adh\u00e9sion du public ?\u00a0<\/span><\/li>\n<\/ul>\n<p><span style=\"font-weight: 400;\">Expliquer aux gens les enjeux, les technologies disponibles, les risques\/b\u00e9n\u00e9fices pour qu&rsquo;ils puissent se forger leur propre opinion. Il faut aussi utiliser le bon vocabulaire, et \u00eatre compl\u00e8tement transparent, par exemple ne pas essayer de trouver un nom qui fait moins \u00ab\u00a0peur\u00a0\u00bb pour for\u00e7age g\u00e9n\u00e9tique.<\/span><\/p>\n<ul>\n<li style=\"font-weight: 400;\"><span style=\"font-weight: 400;\">Est-il possible de faire du for\u00e7age g\u00e9n\u00e9tique sur l&rsquo;Homme ?<\/span><\/li>\n<\/ul>\n<p><span style=\"font-weight: 400;\">En th\u00e9orie c&rsquo;est possible mais en pratique pour fonctionner correctement cela n\u00e9cessiterait un temps de g\u00e9n\u00e9ration court, de plus le public n&rsquo;est pas pr\u00eat pour cela.<\/span><\/p>\n<ul>\n<li style=\"font-weight: 400;\"><span style=\"font-weight: 400;\">Est-ce que cela peut constituer une arme biologique ?<\/span><\/li>\n<\/ul>\n<p><span style=\"font-weight: 400;\">La technologie du for\u00e7age g\u00e9n\u00e9tique peut permettre de faire une arme biologique, d&rsquo;ailleurs la DARPA \u00e9value ces risques et essaie de trouver des moyens de riposter<\/span><\/p>\n<ul>\n<li style=\"font-weight: 400;\"><span style=\"font-weight: 400;\">Qui pourrait d\u00e9cider d&rsquo;utiliser ou non le for\u00e7age g\u00e9n\u00e9tique ?<\/span><\/li>\n<\/ul>\n<p><span style=\"font-weight: 400;\">Avant de lancer le for\u00e7age g\u00e9n\u00e9tique, cela devrait \u00eatre discut\u00e9 par toute la communaut\u00e9 internationale. La d\u00e9cision ne devrait pas \u00eatre prise au niveau national mais par une institution plus haute (Nations Unies par exemple) car les OGM ne respectent pas les fronti\u00e8res<\/span><img loading=\"lazy\" decoding=\"async\" class=\"alignnone size-full wp-image-563\" src=\"http:\/\/ngb-fr.org\/wp-content\/uploads\/2020\/03\/IMG_20200204_181935-e1583095786885.jpg\" alt=\"\" width=\"3000\" height=\"4000\" srcset=\"https:\/\/ngb-fr.org\/wp-content\/uploads\/2020\/03\/IMG_20200204_181935-e1583095786885.jpg 3000w, https:\/\/ngb-fr.org\/wp-content\/uploads\/2020\/03\/IMG_20200204_181935-e1583095786885-225x300.jpg 225w, https:\/\/ngb-fr.org\/wp-content\/uploads\/2020\/03\/IMG_20200204_181935-e1583095786885-768x1024.jpg 768w, https:\/\/ngb-fr.org\/wp-content\/uploads\/2020\/03\/IMG_20200204_181935-e1583095786885-1232x1643.jpg 1232w, https:\/\/ngb-fr.org\/wp-content\/uploads\/2020\/03\/IMG_20200204_181935-e1583095786885-810x1080.jpg 810w\" sizes=\"auto, (max-width: 3000px) 100vw, 3000px\" \/><\/p>\n","protected":false},"excerpt":{"rendered":"<p>Intervenant :\u00a0 \u00c9ric Marois \u2013 Il travaille \u00e0 l&rsquo;IBMC, et \u00e9tudie les moustiques en tant que vecteurs de maladies transmises \u00e0 l&rsquo;Homme. Son r\u00f4le est de d\u00e9velopper des outils de transg\u00e9n\u00e8se chez les moustiques. Contexte : Les moustiques sont des vecteurs qui peuvent transmettre diverses maladies \u00e0 l&rsquo;Homme (paludisme, dengue\u2026). Ce sont d&rsquo;ailleurs les moustiques&nbsp;&hellip;<\/p>\n","protected":false},"author":2,"featured_media":564,"parent":134,"menu_order":0,"comment_status":"closed","ping_status":"closed","template":"","meta":{"footnotes":""},"class_list":["post-560","page","type-page","status-publish","has-post-thumbnail","hentry"],"yoast_head":"<!-- This site is optimized with the Yoast SEO plugin v27.4 - https:\/\/yoast.com\/product\/yoast-seo-wordpress\/ -->\n<title>Caf\u00e9-d\u00e9bat &quot;Genetics &amp; Ethics&quot; - Nouvelle G\u00e9n\u00e9ration des Biotechnologistes<\/title>\n<meta name=\"robots\" content=\"index, follow, max-snippet:-1, max-image-preview:large, max-video-preview:-1\" \/>\n<link rel=\"canonical\" href=\"https:\/\/ngb-fr.org\/index.php\/fr\/nouveautes\/conferences\/cafe-debat-genetics-ethics\/\" \/>\n<meta property=\"og:locale\" content=\"fr_FR\" \/>\n<meta property=\"og:type\" content=\"article\" \/>\n<meta property=\"og:title\" content=\"Caf\u00e9-d\u00e9bat &quot;Genetics &amp; Ethics&quot; - Nouvelle G\u00e9n\u00e9ration des Biotechnologistes\" \/>\n<meta property=\"og:description\" content=\"Intervenant :\u00a0 \u00c9ric Marois \u2013 Il travaille \u00e0 l&rsquo;IBMC, et \u00e9tudie les moustiques en tant que vecteurs de maladies transmises \u00e0 l&rsquo;Homme. Son r\u00f4le est de d\u00e9velopper des outils de transg\u00e9n\u00e8se chez les moustiques. Contexte : Les moustiques sont des vecteurs qui peuvent transmettre diverses maladies \u00e0 l&rsquo;Homme (paludisme, dengue\u2026). Ce sont d&rsquo;ailleurs les moustiques&nbsp;&hellip;\" \/>\n<meta property=\"og:url\" content=\"https:\/\/ngb-fr.org\/index.php\/fr\/nouveautes\/conferences\/cafe-debat-genetics-ethics\/\" \/>\n<meta property=\"og:site_name\" content=\"Nouvelle G\u00e9n\u00e9ration des Biotechnologistes\" \/>\n<meta property=\"article:modified_time\" content=\"2020-03-01T20:52:45+00:00\" \/>\n<meta property=\"og:image\" content=\"https:\/\/ngb-fr.org\/wp-content\/uploads\/2020\/03\/IMG_20200204_191858-1024x768.jpg\" \/>\n\t<meta property=\"og:image:width\" content=\"1024\" \/>\n\t<meta property=\"og:image:height\" content=\"768\" \/>\n\t<meta property=\"og:image:type\" content=\"image\/jpeg\" \/>\n<meta name=\"twitter:card\" content=\"summary_large_image\" \/>\n<meta name=\"twitter:label1\" content=\"Dur\u00e9e de lecture estim\u00e9e\" \/>\n\t<meta name=\"twitter:data1\" content=\"5 minutes\" \/>\n<script type=\"application\/ld+json\" class=\"yoast-schema-graph\">{\"@context\":\"https:\\\/\\\/schema.org\",\"@graph\":[{\"@type\":\"WebPage\",\"@id\":\"https:\\\/\\\/ngb-fr.org\\\/index.php\\\/fr\\\/nouveautes\\\/conferences\\\/cafe-debat-genetics-ethics\\\/\",\"url\":\"https:\\\/\\\/ngb-fr.org\\\/index.php\\\/fr\\\/nouveautes\\\/conferences\\\/cafe-debat-genetics-ethics\\\/\",\"name\":\"Caf\u00e9-d\u00e9bat \\\"Genetics & Ethics\\\" - Nouvelle G\u00e9n\u00e9ration des Biotechnologistes\",\"isPartOf\":{\"@id\":\"https:\\\/\\\/ngb-fr.org\\\/index.php\\\/fr\\\/materialis\\\/#website\"},\"primaryImageOfPage\":{\"@id\":\"https:\\\/\\\/ngb-fr.org\\\/index.php\\\/fr\\\/nouveautes\\\/conferences\\\/cafe-debat-genetics-ethics\\\/#primaryimage\"},\"image\":{\"@id\":\"https:\\\/\\\/ngb-fr.org\\\/index.php\\\/fr\\\/nouveautes\\\/conferences\\\/cafe-debat-genetics-ethics\\\/#primaryimage\"},\"thumbnailUrl\":\"https:\\\/\\\/ngb-fr.org\\\/wp-content\\\/uploads\\\/2020\\\/03\\\/IMG_20200204_191858.jpg\",\"datePublished\":\"2020-03-01T20:50:24+00:00\",\"dateModified\":\"2020-03-01T20:52:45+00:00\",\"breadcrumb\":{\"@id\":\"https:\\\/\\\/ngb-fr.org\\\/index.php\\\/fr\\\/nouveautes\\\/conferences\\\/cafe-debat-genetics-ethics\\\/#breadcrumb\"},\"inLanguage\":\"fr-FR\",\"potentialAction\":[{\"@type\":\"ReadAction\",\"target\":[\"https:\\\/\\\/ngb-fr.org\\\/index.php\\\/fr\\\/nouveautes\\\/conferences\\\/cafe-debat-genetics-ethics\\\/\"]}]},{\"@type\":\"ImageObject\",\"inLanguage\":\"fr-FR\",\"@id\":\"https:\\\/\\\/ngb-fr.org\\\/index.php\\\/fr\\\/nouveautes\\\/conferences\\\/cafe-debat-genetics-ethics\\\/#primaryimage\",\"url\":\"https:\\\/\\\/ngb-fr.org\\\/wp-content\\\/uploads\\\/2020\\\/03\\\/IMG_20200204_191858.jpg\",\"contentUrl\":\"https:\\\/\\\/ngb-fr.org\\\/wp-content\\\/uploads\\\/2020\\\/03\\\/IMG_20200204_191858.jpg\",\"width\":4000,\"height\":3000},{\"@type\":\"BreadcrumbList\",\"@id\":\"https:\\\/\\\/ngb-fr.org\\\/index.php\\\/fr\\\/nouveautes\\\/conferences\\\/cafe-debat-genetics-ethics\\\/#breadcrumb\",\"itemListElement\":[{\"@type\":\"ListItem\",\"position\":1,\"name\":\"Accueil\",\"item\":\"https:\\\/\\\/ngb-fr.org\\\/\"},{\"@type\":\"ListItem\",\"position\":2,\"name\":\"Nouveaut\u00e9s\",\"item\":\"https:\\\/\\\/ngb-fr.org\\\/index.php\\\/fr\\\/nouveautes\\\/\"},{\"@type\":\"ListItem\",\"position\":3,\"name\":\"Conf\u00e9rences\",\"item\":\"https:\\\/\\\/ngb-fr.org\\\/index.php\\\/fr\\\/nouveautes\\\/conferences\\\/\"},{\"@type\":\"ListItem\",\"position\":4,\"name\":\"Caf\u00e9-d\u00e9bat &#8220;Genetics &#038; Ethics&#8221;\"}]},{\"@type\":\"WebSite\",\"@id\":\"https:\\\/\\\/ngb-fr.org\\\/index.php\\\/fr\\\/materialis\\\/#website\",\"url\":\"https:\\\/\\\/ngb-fr.org\\\/index.php\\\/fr\\\/materialis\\\/\",\"name\":\"Nouvelle G\u00e9n\u00e9ration des Biotechnologistes\",\"description\":\"\",\"publisher\":{\"@id\":\"https:\\\/\\\/ngb-fr.org\\\/index.php\\\/fr\\\/materialis\\\/#organization\"},\"potentialAction\":[{\"@type\":\"SearchAction\",\"target\":{\"@type\":\"EntryPoint\",\"urlTemplate\":\"https:\\\/\\\/ngb-fr.org\\\/index.php\\\/fr\\\/materialis\\\/?s={search_term_string}\"},\"query-input\":{\"@type\":\"PropertyValueSpecification\",\"valueRequired\":true,\"valueName\":\"search_term_string\"}}],\"inLanguage\":\"fr-FR\"},{\"@type\":\"Organization\",\"@id\":\"https:\\\/\\\/ngb-fr.org\\\/index.php\\\/fr\\\/materialis\\\/#organization\",\"name\":\"Nouvelle G\u00e9n\u00e9ration des Biotechnologistes\",\"url\":\"https:\\\/\\\/ngb-fr.org\\\/index.php\\\/fr\\\/materialis\\\/\",\"logo\":{\"@type\":\"ImageObject\",\"inLanguage\":\"fr-FR\",\"@id\":\"https:\\\/\\\/ngb-fr.org\\\/index.php\\\/fr\\\/materialis\\\/#\\\/schema\\\/logo\\\/image\\\/\",\"url\":\"https:\\\/\\\/ngb-fr.org\\\/wp-content\\\/uploads\\\/2019\\\/02\\\/cropped-1.png\",\"contentUrl\":\"https:\\\/\\\/ngb-fr.org\\\/wp-content\\\/uploads\\\/2019\\\/02\\\/cropped-1.png\",\"width\":1880,\"height\":1826,\"caption\":\"Nouvelle G\u00e9n\u00e9ration des Biotechnologistes\"},\"image\":{\"@id\":\"https:\\\/\\\/ngb-fr.org\\\/index.php\\\/fr\\\/materialis\\\/#\\\/schema\\\/logo\\\/image\\\/\"}}]}<\/script>\n<!-- \/ Yoast SEO plugin. -->","yoast_head_json":{"title":"Caf\u00e9-d\u00e9bat \"Genetics & Ethics\" - Nouvelle G\u00e9n\u00e9ration des Biotechnologistes","robots":{"index":"index","follow":"follow","max-snippet":"max-snippet:-1","max-image-preview":"max-image-preview:large","max-video-preview":"max-video-preview:-1"},"canonical":"https:\/\/ngb-fr.org\/index.php\/fr\/nouveautes\/conferences\/cafe-debat-genetics-ethics\/","og_locale":"fr_FR","og_type":"article","og_title":"Caf\u00e9-d\u00e9bat \"Genetics & Ethics\" - Nouvelle G\u00e9n\u00e9ration des Biotechnologistes","og_description":"Intervenant :\u00a0 \u00c9ric Marois \u2013 Il travaille \u00e0 l&rsquo;IBMC, et \u00e9tudie les moustiques en tant que vecteurs de maladies transmises \u00e0 l&rsquo;Homme. Son r\u00f4le est de d\u00e9velopper des outils de transg\u00e9n\u00e8se chez les moustiques. Contexte : Les moustiques sont des vecteurs qui peuvent transmettre diverses maladies \u00e0 l&rsquo;Homme (paludisme, dengue\u2026). Ce sont d&rsquo;ailleurs les moustiques&nbsp;&hellip;","og_url":"https:\/\/ngb-fr.org\/index.php\/fr\/nouveautes\/conferences\/cafe-debat-genetics-ethics\/","og_site_name":"Nouvelle G\u00e9n\u00e9ration des Biotechnologistes","article_modified_time":"2020-03-01T20:52:45+00:00","og_image":[{"width":1024,"height":768,"url":"https:\/\/ngb-fr.org\/wp-content\/uploads\/2020\/03\/IMG_20200204_191858-1024x768.jpg","type":"image\/jpeg"}],"twitter_card":"summary_large_image","twitter_misc":{"Dur\u00e9e de lecture estim\u00e9e":"5 minutes"},"schema":{"@context":"https:\/\/schema.org","@graph":[{"@type":"WebPage","@id":"https:\/\/ngb-fr.org\/index.php\/fr\/nouveautes\/conferences\/cafe-debat-genetics-ethics\/","url":"https:\/\/ngb-fr.org\/index.php\/fr\/nouveautes\/conferences\/cafe-debat-genetics-ethics\/","name":"Caf\u00e9-d\u00e9bat \"Genetics & Ethics\" - Nouvelle G\u00e9n\u00e9ration des Biotechnologistes","isPartOf":{"@id":"https:\/\/ngb-fr.org\/index.php\/fr\/materialis\/#website"},"primaryImageOfPage":{"@id":"https:\/\/ngb-fr.org\/index.php\/fr\/nouveautes\/conferences\/cafe-debat-genetics-ethics\/#primaryimage"},"image":{"@id":"https:\/\/ngb-fr.org\/index.php\/fr\/nouveautes\/conferences\/cafe-debat-genetics-ethics\/#primaryimage"},"thumbnailUrl":"https:\/\/ngb-fr.org\/wp-content\/uploads\/2020\/03\/IMG_20200204_191858.jpg","datePublished":"2020-03-01T20:50:24+00:00","dateModified":"2020-03-01T20:52:45+00:00","breadcrumb":{"@id":"https:\/\/ngb-fr.org\/index.php\/fr\/nouveautes\/conferences\/cafe-debat-genetics-ethics\/#breadcrumb"},"inLanguage":"fr-FR","potentialAction":[{"@type":"ReadAction","target":["https:\/\/ngb-fr.org\/index.php\/fr\/nouveautes\/conferences\/cafe-debat-genetics-ethics\/"]}]},{"@type":"ImageObject","inLanguage":"fr-FR","@id":"https:\/\/ngb-fr.org\/index.php\/fr\/nouveautes\/conferences\/cafe-debat-genetics-ethics\/#primaryimage","url":"https:\/\/ngb-fr.org\/wp-content\/uploads\/2020\/03\/IMG_20200204_191858.jpg","contentUrl":"https:\/\/ngb-fr.org\/wp-content\/uploads\/2020\/03\/IMG_20200204_191858.jpg","width":4000,"height":3000},{"@type":"BreadcrumbList","@id":"https:\/\/ngb-fr.org\/index.php\/fr\/nouveautes\/conferences\/cafe-debat-genetics-ethics\/#breadcrumb","itemListElement":[{"@type":"ListItem","position":1,"name":"Accueil","item":"https:\/\/ngb-fr.org\/"},{"@type":"ListItem","position":2,"name":"Nouveaut\u00e9s","item":"https:\/\/ngb-fr.org\/index.php\/fr\/nouveautes\/"},{"@type":"ListItem","position":3,"name":"Conf\u00e9rences","item":"https:\/\/ngb-fr.org\/index.php\/fr\/nouveautes\/conferences\/"},{"@type":"ListItem","position":4,"name":"Caf\u00e9-d\u00e9bat &#8220;Genetics &#038; Ethics&#8221;"}]},{"@type":"WebSite","@id":"https:\/\/ngb-fr.org\/index.php\/fr\/materialis\/#website","url":"https:\/\/ngb-fr.org\/index.php\/fr\/materialis\/","name":"Nouvelle G\u00e9n\u00e9ration des Biotechnologistes","description":"","publisher":{"@id":"https:\/\/ngb-fr.org\/index.php\/fr\/materialis\/#organization"},"potentialAction":[{"@type":"SearchAction","target":{"@type":"EntryPoint","urlTemplate":"https:\/\/ngb-fr.org\/index.php\/fr\/materialis\/?s={search_term_string}"},"query-input":{"@type":"PropertyValueSpecification","valueRequired":true,"valueName":"search_term_string"}}],"inLanguage":"fr-FR"},{"@type":"Organization","@id":"https:\/\/ngb-fr.org\/index.php\/fr\/materialis\/#organization","name":"Nouvelle G\u00e9n\u00e9ration des Biotechnologistes","url":"https:\/\/ngb-fr.org\/index.php\/fr\/materialis\/","logo":{"@type":"ImageObject","inLanguage":"fr-FR","@id":"https:\/\/ngb-fr.org\/index.php\/fr\/materialis\/#\/schema\/logo\/image\/","url":"https:\/\/ngb-fr.org\/wp-content\/uploads\/2019\/02\/cropped-1.png","contentUrl":"https:\/\/ngb-fr.org\/wp-content\/uploads\/2019\/02\/cropped-1.png","width":1880,"height":1826,"caption":"Nouvelle G\u00e9n\u00e9ration des Biotechnologistes"},"image":{"@id":"https:\/\/ngb-fr.org\/index.php\/fr\/materialis\/#\/schema\/logo\/image\/"}}]}},"jetpack_sharing_enabled":true,"_links":{"self":[{"href":"https:\/\/ngb-fr.org\/index.php\/wp-json\/wp\/v2\/pages\/560","targetHints":{"allow":["GET"]}}],"collection":[{"href":"https:\/\/ngb-fr.org\/index.php\/wp-json\/wp\/v2\/pages"}],"about":[{"href":"https:\/\/ngb-fr.org\/index.php\/wp-json\/wp\/v2\/types\/page"}],"author":[{"embeddable":true,"href":"https:\/\/ngb-fr.org\/index.php\/wp-json\/wp\/v2\/users\/2"}],"replies":[{"embeddable":true,"href":"https:\/\/ngb-fr.org\/index.php\/wp-json\/wp\/v2\/comments?post=560"}],"version-history":[{"count":2,"href":"https:\/\/ngb-fr.org\/index.php\/wp-json\/wp\/v2\/pages\/560\/revisions"}],"predecessor-version":[{"id":565,"href":"https:\/\/ngb-fr.org\/index.php\/wp-json\/wp\/v2\/pages\/560\/revisions\/565"}],"up":[{"embeddable":true,"href":"https:\/\/ngb-fr.org\/index.php\/wp-json\/wp\/v2\/pages\/134"}],"wp:featuredmedia":[{"embeddable":true,"href":"https:\/\/ngb-fr.org\/index.php\/wp-json\/wp\/v2\/media\/564"}],"wp:attachment":[{"href":"https:\/\/ngb-fr.org\/index.php\/wp-json\/wp\/v2\/media?parent=560"}],"curies":[{"name":"wp","href":"https:\/\/api.w.org\/{rel}","templated":true}]}}