{"id":643,"date":"2021-05-09T22:03:54","date_gmt":"2021-05-09T20:03:54","guid":{"rendered":"http:\/\/ngb-fr.org\/?page_id=643"},"modified":"2022-04-20T16:55:52","modified_gmt":"2022-04-20T14:55:52","slug":"presentationnn","status":"publish","type":"page","link":"https:\/\/ngb-fr.org\/index.php\/presentationnn\/","title":{"rendered":"Pr\u00e9sentation"},"content":{"rendered":"<p>Les Biotech Corner sont des \u00e9v\u00e9nements qui ont lieu\u00a0<strong>une \u00e0 deux fois par mois<\/strong>. Notre association les organise <strong>en partenariat avec l\u2019\u00e9cole<\/strong>\u00a0(ESBS). Ils ont pour objectifs de\u00a0<strong>faire d\u00e9couvrir les entreprises et leurs projets\u00a0<\/strong>aux \u00e9tudiants et ainsi leur permettre de\u00a0<strong>cr\u00e9er un r\u00e9seau professionnel <\/strong>!<\/p>\n<p>L\u2019\u00e9v\u00e9nement commence toujours par <strong>une pr\u00e9sentation<\/strong> par le professionnel invit\u00e9 de l\u2019entreprise dans lequel il ou elle travaille. Et dans un second temps, les \u00e9l\u00e8ves peuvent <strong>\u00e9changer avec ce professionnel<\/strong>\u00a0!<\/p>\n<p><img loading=\"lazy\" decoding=\"async\" class=\"alignnone size-medium wp-image-963\" src=\"http:\/\/ngb-fr.org\/wp-content\/uploads\/2022\/04\/149486509_4185178741511085_3042557327534793837_o-300x200.jpg\" alt=\"\" width=\"300\" height=\"200\" srcset=\"https:\/\/ngb-fr.org\/wp-content\/uploads\/2022\/04\/149486509_4185178741511085_3042557327534793837_o-300x200.jpg 300w, https:\/\/ngb-fr.org\/wp-content\/uploads\/2022\/04\/149486509_4185178741511085_3042557327534793837_o-1024x683.jpg 1024w, https:\/\/ngb-fr.org\/wp-content\/uploads\/2022\/04\/149486509_4185178741511085_3042557327534793837_o-768x512.jpg 768w, https:\/\/ngb-fr.org\/wp-content\/uploads\/2022\/04\/149486509_4185178741511085_3042557327534793837_o-1536x1024.jpg 1536w, https:\/\/ngb-fr.org\/wp-content\/uploads\/2022\/04\/149486509_4185178741511085_3042557327534793837_o-1232x821.jpg 1232w, https:\/\/ngb-fr.org\/wp-content\/uploads\/2022\/04\/149486509_4185178741511085_3042557327534793837_o-1620x1080.jpg 1620w, https:\/\/ngb-fr.org\/wp-content\/uploads\/2022\/04\/149486509_4185178741511085_3042557327534793837_o.jpg 2048w\" sizes=\"auto, (max-width: 300px) 100vw, 300px\" \/>\u00a0 \u00a0 \u00a0 \u00a0 <img loading=\"lazy\" decoding=\"async\" class=\"alignnone size-medium wp-image-962\" src=\"http:\/\/ngb-fr.org\/wp-content\/uploads\/2022\/04\/149361563_4185177988177827_5952357275406133965_o-300x200.jpg\" alt=\"\" width=\"300\" height=\"200\" srcset=\"https:\/\/ngb-fr.org\/wp-content\/uploads\/2022\/04\/149361563_4185177988177827_5952357275406133965_o-300x200.jpg 300w, https:\/\/ngb-fr.org\/wp-content\/uploads\/2022\/04\/149361563_4185177988177827_5952357275406133965_o.jpg 593w\" sizes=\"auto, (max-width: 300px) 100vw, 300px\" \/>\u00a0 \u00a0 \u00a0 \u00a0\u00a0<img loading=\"lazy\" decoding=\"async\" class=\"alignnone  wp-image-966\" src=\"http:\/\/ngb-fr.org\/wp-content\/uploads\/2022\/04\/bb-300x182.png\" alt=\"\" width=\"329\" height=\"200\" srcset=\"https:\/\/ngb-fr.org\/wp-content\/uploads\/2022\/04\/bb-300x182.png 300w, https:\/\/ngb-fr.org\/wp-content\/uploads\/2022\/04\/bb-1024x621.png 1024w, https:\/\/ngb-fr.org\/wp-content\/uploads\/2022\/04\/bb-768x466.png 768w, https:\/\/ngb-fr.org\/wp-content\/uploads\/2022\/04\/bb-1232x747.png 1232w, https:\/\/ngb-fr.org\/wp-content\/uploads\/2022\/04\/bb.png 1280w\" sizes=\"auto, (max-width: 329px) 100vw, 329px\" \/><\/p>\n<p>Suite \u00e0 l\u2019\u00e9v\u00e9nement, un groupe d\u2019\u00e9l\u00e8ves r\u00e9alise une vid\u00e9o pr\u00e9sentant le professionnel invit\u00e9 et r\u00e9sumant le Biotech Corner qui a eu lieu. Une interview du professionnel invit\u00e9 peut aussi \u00eatre retrouv\u00e9e dans les vid\u00e9os !<\/p>\n<p>L\u2019ensemble des vid\u00e9os sont ensuite diffus\u00e9es dans un lieu que l\u2019\u00e9cole \u00e0 sp\u00e9cialement am\u00e9nag\u00e9e (photo ci-dessous) pour des rencontres entre \u00e9l\u00e8ves et professionnels. En effet, les \u00e9l\u00e8ves qui le souhaitent peuvent dans ce lieu rencontrer les professionnels apr\u00e8s les Biotech Corner !<\/p>\n<p><img loading=\"lazy\" decoding=\"async\" class=\"size-medium wp-image-964 aligncenter\" src=\"http:\/\/ngb-fr.org\/wp-content\/uploads\/2022\/04\/IMG_5890-300x237.jpg\" alt=\"\" width=\"300\" height=\"237\" srcset=\"https:\/\/ngb-fr.org\/wp-content\/uploads\/2022\/04\/IMG_5890-300x237.jpg 300w, https:\/\/ngb-fr.org\/wp-content\/uploads\/2022\/04\/IMG_5890-1024x809.jpg 1024w, https:\/\/ngb-fr.org\/wp-content\/uploads\/2022\/04\/IMG_5890-768x607.jpg 768w, https:\/\/ngb-fr.org\/wp-content\/uploads\/2022\/04\/IMG_5890.jpg 1125w\" sizes=\"auto, (max-width: 300px) 100vw, 300px\" \/><\/p>\n","protected":false},"excerpt":{"rendered":"<p>Les Biotech Corner sont des \u00e9v\u00e9nements qui ont lieu\u00a0une \u00e0 deux fois par mois. Notre association les organise en partenariat avec l\u2019\u00e9cole\u00a0(ESBS). Ils ont pour objectifs de\u00a0faire d\u00e9couvrir les entreprises et leurs projets\u00a0aux \u00e9tudiants et ainsi leur permettre de\u00a0cr\u00e9er un r\u00e9seau professionnel ! L\u2019\u00e9v\u00e9nement commence toujours par une pr\u00e9sentation par le professionnel invit\u00e9 de l\u2019entreprise&nbsp;&hellip;<\/p>\n","protected":false},"author":2,"featured_media":757,"parent":0,"menu_order":0,"comment_status":"closed","ping_status":"closed","template":"","meta":{"footnotes":""},"class_list":["post-643","page","type-page","status-publish","has-post-thumbnail","hentry"],"yoast_head":"<!-- This site is optimized with the Yoast SEO plugin v27.3 - https:\/\/yoast.com\/product\/yoast-seo-wordpress\/ -->\n<title>Pr\u00e9sentation - Nouvelle G\u00e9n\u00e9ration des Biotechnologistes<\/title>\n<meta name=\"robots\" content=\"index, follow, max-snippet:-1, max-image-preview:large, max-video-preview:-1\" \/>\n<link rel=\"canonical\" href=\"https:\/\/ngb-fr.org\/index.php\/fr\/presentationnn\/\" \/>\n<meta property=\"og:locale\" content=\"fr_FR\" \/>\n<meta property=\"og:type\" content=\"article\" \/>\n<meta property=\"og:title\" content=\"Pr\u00e9sentation - Nouvelle G\u00e9n\u00e9ration des Biotechnologistes\" \/>\n<meta property=\"og:description\" content=\"Les Biotech Corner sont des \u00e9v\u00e9nements qui ont lieu\u00a0une \u00e0 deux fois par mois. Notre association les organise en partenariat avec l\u2019\u00e9cole\u00a0(ESBS). Ils ont pour objectifs de\u00a0faire d\u00e9couvrir les entreprises et leurs projets\u00a0aux \u00e9tudiants et ainsi leur permettre de\u00a0cr\u00e9er un r\u00e9seau professionnel ! L\u2019\u00e9v\u00e9nement commence toujours par une pr\u00e9sentation par le professionnel invit\u00e9 de l\u2019entreprise&nbsp;&hellip;\" \/>\n<meta property=\"og:url\" content=\"https:\/\/ngb-fr.org\/index.php\/fr\/presentationnn\/\" \/>\n<meta property=\"og:site_name\" content=\"Nouvelle G\u00e9n\u00e9ration des Biotechnologistes\" \/>\n<meta property=\"article:modified_time\" content=\"2022-04-20T14:55:52+00:00\" \/>\n<meta property=\"og:image\" content=\"https:\/\/ngb-fr.org\/wp-content\/uploads\/2022\/02\/biotech-corenr-2.png\" \/>\n\t<meta property=\"og:image:width\" content=\"1467\" \/>\n\t<meta property=\"og:image:height\" content=\"527\" \/>\n\t<meta property=\"og:image:type\" content=\"image\/png\" \/>\n<meta name=\"twitter:card\" content=\"summary_large_image\" \/>\n<meta name=\"twitter:label1\" content=\"Dur\u00e9e de lecture estim\u00e9e\" \/>\n\t<meta name=\"twitter:data1\" content=\"2 minutes\" \/>\n<script type=\"application\/ld+json\" class=\"yoast-schema-graph\">{\"@context\":\"https:\\\/\\\/schema.org\",\"@graph\":[{\"@type\":\"WebPage\",\"@id\":\"https:\\\/\\\/ngb-fr.org\\\/index.php\\\/fr\\\/presentationnn\\\/\",\"url\":\"https:\\\/\\\/ngb-fr.org\\\/index.php\\\/fr\\\/presentationnn\\\/\",\"name\":\"Pr\u00e9sentation - Nouvelle G\u00e9n\u00e9ration des Biotechnologistes\",\"isPartOf\":{\"@id\":\"https:\\\/\\\/ngb-fr.org\\\/index.php\\\/fr\\\/materialis\\\/#website\"},\"primaryImageOfPage\":{\"@id\":\"https:\\\/\\\/ngb-fr.org\\\/index.php\\\/fr\\\/presentationnn\\\/#primaryimage\"},\"image\":{\"@id\":\"https:\\\/\\\/ngb-fr.org\\\/index.php\\\/fr\\\/presentationnn\\\/#primaryimage\"},\"thumbnailUrl\":\"https:\\\/\\\/ngb-fr.org\\\/wp-content\\\/uploads\\\/2022\\\/02\\\/biotech-corenr-2.png\",\"datePublished\":\"2021-05-09T20:03:54+00:00\",\"dateModified\":\"2022-04-20T14:55:52+00:00\",\"breadcrumb\":{\"@id\":\"https:\\\/\\\/ngb-fr.org\\\/index.php\\\/fr\\\/presentationnn\\\/#breadcrumb\"},\"inLanguage\":\"fr-FR\",\"potentialAction\":[{\"@type\":\"ReadAction\",\"target\":[\"https:\\\/\\\/ngb-fr.org\\\/index.php\\\/fr\\\/presentationnn\\\/\"]}]},{\"@type\":\"ImageObject\",\"inLanguage\":\"fr-FR\",\"@id\":\"https:\\\/\\\/ngb-fr.org\\\/index.php\\\/fr\\\/presentationnn\\\/#primaryimage\",\"url\":\"https:\\\/\\\/ngb-fr.org\\\/wp-content\\\/uploads\\\/2022\\\/02\\\/biotech-corenr-2.png\",\"contentUrl\":\"https:\\\/\\\/ngb-fr.org\\\/wp-content\\\/uploads\\\/2022\\\/02\\\/biotech-corenr-2.png\",\"width\":1467,\"height\":527},{\"@type\":\"BreadcrumbList\",\"@id\":\"https:\\\/\\\/ngb-fr.org\\\/index.php\\\/fr\\\/presentationnn\\\/#breadcrumb\",\"itemListElement\":[{\"@type\":\"ListItem\",\"position\":1,\"name\":\"Accueil\",\"item\":\"https:\\\/\\\/ngb-fr.org\\\/\"},{\"@type\":\"ListItem\",\"position\":2,\"name\":\"Pr\u00e9sentation\"}]},{\"@type\":\"WebSite\",\"@id\":\"https:\\\/\\\/ngb-fr.org\\\/index.php\\\/fr\\\/materialis\\\/#website\",\"url\":\"https:\\\/\\\/ngb-fr.org\\\/index.php\\\/fr\\\/materialis\\\/\",\"name\":\"Nouvelle G\u00e9n\u00e9ration des Biotechnologistes\",\"description\":\"\",\"publisher\":{\"@id\":\"https:\\\/\\\/ngb-fr.org\\\/index.php\\\/fr\\\/materialis\\\/#organization\"},\"potentialAction\":[{\"@type\":\"SearchAction\",\"target\":{\"@type\":\"EntryPoint\",\"urlTemplate\":\"https:\\\/\\\/ngb-fr.org\\\/index.php\\\/fr\\\/materialis\\\/?s={search_term_string}\"},\"query-input\":{\"@type\":\"PropertyValueSpecification\",\"valueRequired\":true,\"valueName\":\"search_term_string\"}}],\"inLanguage\":\"fr-FR\"},{\"@type\":\"Organization\",\"@id\":\"https:\\\/\\\/ngb-fr.org\\\/index.php\\\/fr\\\/materialis\\\/#organization\",\"name\":\"Nouvelle G\u00e9n\u00e9ration des Biotechnologistes\",\"url\":\"https:\\\/\\\/ngb-fr.org\\\/index.php\\\/fr\\\/materialis\\\/\",\"logo\":{\"@type\":\"ImageObject\",\"inLanguage\":\"fr-FR\",\"@id\":\"https:\\\/\\\/ngb-fr.org\\\/index.php\\\/fr\\\/materialis\\\/#\\\/schema\\\/logo\\\/image\\\/\",\"url\":\"https:\\\/\\\/ngb-fr.org\\\/wp-content\\\/uploads\\\/2019\\\/02\\\/cropped-1.png\",\"contentUrl\":\"https:\\\/\\\/ngb-fr.org\\\/wp-content\\\/uploads\\\/2019\\\/02\\\/cropped-1.png\",\"width\":1880,\"height\":1826,\"caption\":\"Nouvelle G\u00e9n\u00e9ration des Biotechnologistes\"},\"image\":{\"@id\":\"https:\\\/\\\/ngb-fr.org\\\/index.php\\\/fr\\\/materialis\\\/#\\\/schema\\\/logo\\\/image\\\/\"}}]}<\/script>\n<!-- \/ Yoast SEO plugin. -->","yoast_head_json":{"title":"Pr\u00e9sentation - Nouvelle G\u00e9n\u00e9ration des Biotechnologistes","robots":{"index":"index","follow":"follow","max-snippet":"max-snippet:-1","max-image-preview":"max-image-preview:large","max-video-preview":"max-video-preview:-1"},"canonical":"https:\/\/ngb-fr.org\/index.php\/fr\/presentationnn\/","og_locale":"fr_FR","og_type":"article","og_title":"Pr\u00e9sentation - Nouvelle G\u00e9n\u00e9ration des Biotechnologistes","og_description":"Les Biotech Corner sont des \u00e9v\u00e9nements qui ont lieu\u00a0une \u00e0 deux fois par mois. Notre association les organise en partenariat avec l\u2019\u00e9cole\u00a0(ESBS). Ils ont pour objectifs de\u00a0faire d\u00e9couvrir les entreprises et leurs projets\u00a0aux \u00e9tudiants et ainsi leur permettre de\u00a0cr\u00e9er un r\u00e9seau professionnel ! L\u2019\u00e9v\u00e9nement commence toujours par une pr\u00e9sentation par le professionnel invit\u00e9 de l\u2019entreprise&nbsp;&hellip;","og_url":"https:\/\/ngb-fr.org\/index.php\/fr\/presentationnn\/","og_site_name":"Nouvelle G\u00e9n\u00e9ration des Biotechnologistes","article_modified_time":"2022-04-20T14:55:52+00:00","og_image":[{"width":1467,"height":527,"url":"https:\/\/ngb-fr.org\/wp-content\/uploads\/2022\/02\/biotech-corenr-2.png","type":"image\/png"}],"twitter_card":"summary_large_image","twitter_misc":{"Dur\u00e9e de lecture estim\u00e9e":"2 minutes"},"schema":{"@context":"https:\/\/schema.org","@graph":[{"@type":"WebPage","@id":"https:\/\/ngb-fr.org\/index.php\/fr\/presentationnn\/","url":"https:\/\/ngb-fr.org\/index.php\/fr\/presentationnn\/","name":"Pr\u00e9sentation - Nouvelle G\u00e9n\u00e9ration des Biotechnologistes","isPartOf":{"@id":"https:\/\/ngb-fr.org\/index.php\/fr\/materialis\/#website"},"primaryImageOfPage":{"@id":"https:\/\/ngb-fr.org\/index.php\/fr\/presentationnn\/#primaryimage"},"image":{"@id":"https:\/\/ngb-fr.org\/index.php\/fr\/presentationnn\/#primaryimage"},"thumbnailUrl":"https:\/\/ngb-fr.org\/wp-content\/uploads\/2022\/02\/biotech-corenr-2.png","datePublished":"2021-05-09T20:03:54+00:00","dateModified":"2022-04-20T14:55:52+00:00","breadcrumb":{"@id":"https:\/\/ngb-fr.org\/index.php\/fr\/presentationnn\/#breadcrumb"},"inLanguage":"fr-FR","potentialAction":[{"@type":"ReadAction","target":["https:\/\/ngb-fr.org\/index.php\/fr\/presentationnn\/"]}]},{"@type":"ImageObject","inLanguage":"fr-FR","@id":"https:\/\/ngb-fr.org\/index.php\/fr\/presentationnn\/#primaryimage","url":"https:\/\/ngb-fr.org\/wp-content\/uploads\/2022\/02\/biotech-corenr-2.png","contentUrl":"https:\/\/ngb-fr.org\/wp-content\/uploads\/2022\/02\/biotech-corenr-2.png","width":1467,"height":527},{"@type":"BreadcrumbList","@id":"https:\/\/ngb-fr.org\/index.php\/fr\/presentationnn\/#breadcrumb","itemListElement":[{"@type":"ListItem","position":1,"name":"Accueil","item":"https:\/\/ngb-fr.org\/"},{"@type":"ListItem","position":2,"name":"Pr\u00e9sentation"}]},{"@type":"WebSite","@id":"https:\/\/ngb-fr.org\/index.php\/fr\/materialis\/#website","url":"https:\/\/ngb-fr.org\/index.php\/fr\/materialis\/","name":"Nouvelle G\u00e9n\u00e9ration des Biotechnologistes","description":"","publisher":{"@id":"https:\/\/ngb-fr.org\/index.php\/fr\/materialis\/#organization"},"potentialAction":[{"@type":"SearchAction","target":{"@type":"EntryPoint","urlTemplate":"https:\/\/ngb-fr.org\/index.php\/fr\/materialis\/?s={search_term_string}"},"query-input":{"@type":"PropertyValueSpecification","valueRequired":true,"valueName":"search_term_string"}}],"inLanguage":"fr-FR"},{"@type":"Organization","@id":"https:\/\/ngb-fr.org\/index.php\/fr\/materialis\/#organization","name":"Nouvelle G\u00e9n\u00e9ration des Biotechnologistes","url":"https:\/\/ngb-fr.org\/index.php\/fr\/materialis\/","logo":{"@type":"ImageObject","inLanguage":"fr-FR","@id":"https:\/\/ngb-fr.org\/index.php\/fr\/materialis\/#\/schema\/logo\/image\/","url":"https:\/\/ngb-fr.org\/wp-content\/uploads\/2019\/02\/cropped-1.png","contentUrl":"https:\/\/ngb-fr.org\/wp-content\/uploads\/2019\/02\/cropped-1.png","width":1880,"height":1826,"caption":"Nouvelle G\u00e9n\u00e9ration des Biotechnologistes"},"image":{"@id":"https:\/\/ngb-fr.org\/index.php\/fr\/materialis\/#\/schema\/logo\/image\/"}}]}},"jetpack_sharing_enabled":true,"_links":{"self":[{"href":"https:\/\/ngb-fr.org\/index.php\/wp-json\/wp\/v2\/pages\/643","targetHints":{"allow":["GET"]}}],"collection":[{"href":"https:\/\/ngb-fr.org\/index.php\/wp-json\/wp\/v2\/pages"}],"about":[{"href":"https:\/\/ngb-fr.org\/index.php\/wp-json\/wp\/v2\/types\/page"}],"author":[{"embeddable":true,"href":"https:\/\/ngb-fr.org\/index.php\/wp-json\/wp\/v2\/users\/2"}],"replies":[{"embeddable":true,"href":"https:\/\/ngb-fr.org\/index.php\/wp-json\/wp\/v2\/comments?post=643"}],"version-history":[{"count":8,"href":"https:\/\/ngb-fr.org\/index.php\/wp-json\/wp\/v2\/pages\/643\/revisions"}],"predecessor-version":[{"id":967,"href":"https:\/\/ngb-fr.org\/index.php\/wp-json\/wp\/v2\/pages\/643\/revisions\/967"}],"wp:featuredmedia":[{"embeddable":true,"href":"https:\/\/ngb-fr.org\/index.php\/wp-json\/wp\/v2\/media\/757"}],"wp:attachment":[{"href":"https:\/\/ngb-fr.org\/index.php\/wp-json\/wp\/v2\/media?parent=643"}],"curies":[{"name":"wp","href":"https:\/\/api.w.org\/{rel}","templated":true}]}}