{"id":841,"date":"2022-02-18T00:31:42","date_gmt":"2022-02-17T23:31:42","guid":{"rendered":"https:\/\/ngb-fr.org\/?page_id=841"},"modified":"2022-02-23T11:02:05","modified_gmt":"2022-02-23T10:02:05","slug":"visites-dentreprises-2","status":"publish","type":"page","link":"https:\/\/ngb-fr.org\/index.php\/visites-dentreprises-2\/","title":{"rendered":"Visites d&rsquo;entreprises"},"content":{"rendered":"<div id=\"page\" class=\"site\">\n<div id=\"page-content\" class=\"content blog-page\">\n<div class=\"gridContainer gridContainer content\">\n<div class=\"row\">\n<div class=\"col-xs-12 col-sm-12\">\n<div class=\"post-list row\">\n<div class=\"post-list-item col-xs-12 space-bottom col-sm-12 col-md-12\" data-masonry-width=\".col-sm-12.col-md-12\">\n<div id=\"post-190\" class=\"blog-post mdc-card mdc-elevation--z3 post-190 post type-post status-publish format-standard has-post-thumbnail hentry category-visites-dentreprises category-visites-dentreprises-fr\">\n<div class=\"flexbox\">\n<div class=\"col-xs-12 col-padding\">\n<div class=\"post-excerpt\">\n<p>&nbsp;<\/p>\n<div id=\"page\" class=\"site\">\n<div id=\"page-content\" class=\"content blog-page\">\n<div class=\"gridContainer gridContainer content\">\n<div class=\"row\">\n<div class=\"col-xs-12 col-sm-12\">\n<div class=\"post-list row\">\n<div class=\"post-list-item col-xs-12 space-bottom col-sm-12 col-md-12\" data-masonry-width=\".col-sm-12.col-md-12\">\n<div id=\"post-190\" class=\"blog-post mdc-card mdc-elevation--z3 post-190 post type-post status-publish format-standard has-post-thumbnail hentry category-visites-dentreprises category-visites-dentreprises-fr\">\n<div class=\"post-thumbnail\"><a class=\"post-list-item-thumb \" href=\"https:\/\/ngb-fr.org\/index.php\/fr\/2019\/02\/18\/visite-de-biosynex\/\"><img loading=\"lazy\" decoding=\"async\" class=\"attachment-post-thumbnail size-post-thumbnail wp-post-image\" src=\"https:\/\/ngb-fr.org\/wp-content\/uploads\/2019\/02\/51135404_2439339149428395_1133146603297701888_o-1232x693.jpg\" sizes=\"auto, (max-width: 1232px) 100vw, 1232px\" srcset=\"https:\/\/ngb-fr.org\/wp-content\/uploads\/2019\/02\/51135404_2439339149428395_1133146603297701888_o-1232x693.jpg 1232w, https:\/\/ngb-fr.org\/wp-content\/uploads\/2019\/02\/51135404_2439339149428395_1133146603297701888_o-300x169.jpg 300w, https:\/\/ngb-fr.org\/wp-content\/uploads\/2019\/02\/51135404_2439339149428395_1133146603297701888_o-768x432.jpg 768w, https:\/\/ngb-fr.org\/wp-content\/uploads\/2019\/02\/51135404_2439339149428395_1133146603297701888_o-1024x576.jpg 1024w, https:\/\/ngb-fr.org\/wp-content\/uploads\/2019\/02\/51135404_2439339149428395_1133146603297701888_o.jpg 1499w\" alt=\"\" width=\"1232\" height=\"693\" \/><\/a><\/div>\n<div class=\"flexbox\">\n<div class=\"col-xs-12 col-padding\">\n<h3 class=\"post-title\"><a href=\"https:\/\/ngb-fr.org\/index.php\/fr\/2019\/02\/18\/visite-de-biosynex\/\" rel=\"bookmark\">Visite de Biosynex<\/a><\/h3>\n<div class=\"post-excerpt\">\n<p>\u00a0 \u00a0 \u00a0 \u00a0 \u00a0 Le 31 janvier, deux groupes de 15 personnes ont eu l\u2019opportunit\u00e9 de visiter la belle entreprise de Biosynex situ\u00e9e sur le p\u00f4le api d\u2019Illkirch-Graffenstaden, proche de Strasbourg. C\u2019est une entreprise qui produit certains produits pour diff\u00e9rents diagnostics comme tests de grossesse, tests VIH\u2026 Nous avons eu une pr\u00e9sentation des diff\u00e9rentes\u00a0\u2026<\/p>\n<\/div>\n<\/div>\n<\/div>\n<div class=\"mdc-card__actions col-padding\">\n<div class=\"mdc-card__action-icons col-xs-12 col-sm-fit\"><\/div>\n<div class=\"mdc-card__action-buttons col-xs-12 col-sm-fit\"><a class=\"button color2 link mdc-ripple-upgraded\" href=\"https:\/\/ngb-fr.org\/index.php\/fr\/2019\/02\/18\/visite-de-biosynex\/\">Lire la suite<\/a><\/div>\n<\/div>\n<\/div>\n<\/div>\n<\/div>\n<div class=\"navigation-c\"><\/div>\n<\/div>\n<\/div>\n<\/div>\n<\/div>\n<\/div>\n<div class=\"footer footer-simple\">\n<div class=\"footer-content center-xs\">\n<div class=\"gridContainer\">\n<div class=\"row middle-xs footer-content-row\">\n<div class=\"footer-content-col col-xs-12\"><\/div>\n<\/div>\n<\/div>\n<\/div>\n<\/div>\n<\/div>\n<\/div>\n<\/div>\n<\/div>\n<\/div>\n<\/div>\n<div class=\"navigation-c\">\n<div class=\"post-thumbnail\"><\/div>\n<\/div>\n<\/div>\n<\/div>\n<\/div>\n<\/div>\n<\/div>\n<div class=\"footer footer-simple\">\n<div class=\"footer-content center-xs\">\n<div class=\"gridContainer\">\n<div class=\"row middle-xs footer-content-row\">\n<div class=\"footer-content-col col-xs-12\">\n<p class=\"copyright\">\u00a9\u00a0\u00a02022\u00a0Nouvelle G\u00e9n\u00e9ration des Biotechnologistes.\u00a0Construit avec WordPress et le\u00a0<a href=\"https:\/\/extendthemes.com\/go\/built-with-materialis\/\" target=\"_blank\" rel=\"nofollow noopener\">th\u00e8me Materialis<\/a><\/p>\n<\/div>\n<\/div>\n<\/div>\n<\/div>\n<\/div>\n","protected":false},"excerpt":{"rendered":"<p>&nbsp; Visite de Biosynex \u00a0 \u00a0 \u00a0 \u00a0 \u00a0 Le 31 janvier, deux groupes de 15 personnes ont eu l\u2019opportunit\u00e9 de visiter la belle entreprise de Biosynex situ\u00e9e sur le p\u00f4le api d\u2019Illkirch-Graffenstaden, proche de Strasbourg. C\u2019est une entreprise qui produit certains produits pour diff\u00e9rents diagnostics comme tests de grossesse, tests VIH\u2026 Nous avons eu&nbsp;&hellip;<\/p>\n","protected":false},"author":2,"featured_media":0,"parent":0,"menu_order":0,"comment_status":"closed","ping_status":"closed","template":"","meta":{"footnotes":""},"class_list":["post-841","page","type-page","status-publish","hentry"],"yoast_head":"<!-- This site is optimized with the Yoast SEO plugin v27.4 - https:\/\/yoast.com\/product\/yoast-seo-wordpress\/ -->\n<title>Visites d&#039;entreprises - Nouvelle G\u00e9n\u00e9ration des Biotechnologistes<\/title>\n<meta name=\"robots\" content=\"index, follow, max-snippet:-1, max-image-preview:large, max-video-preview:-1\" \/>\n<link rel=\"canonical\" href=\"https:\/\/ngb-fr.org\/index.php\/fr\/visites-dentreprises-2\/\" \/>\n<meta property=\"og:locale\" content=\"fr_FR\" \/>\n<meta property=\"og:type\" content=\"article\" \/>\n<meta property=\"og:title\" content=\"Visites d&#039;entreprises - Nouvelle G\u00e9n\u00e9ration des Biotechnologistes\" \/>\n<meta property=\"og:description\" content=\"&nbsp; Visite de Biosynex \u00a0 \u00a0 \u00a0 \u00a0 \u00a0 Le 31 janvier, deux groupes de 15 personnes ont eu l\u2019opportunit\u00e9 de visiter la belle entreprise de Biosynex situ\u00e9e sur le p\u00f4le api d\u2019Illkirch-Graffenstaden, proche de Strasbourg. C\u2019est une entreprise qui produit certains produits pour diff\u00e9rents diagnostics comme tests de grossesse, tests VIH\u2026 Nous avons eu&nbsp;&hellip;\" \/>\n<meta property=\"og:url\" content=\"https:\/\/ngb-fr.org\/index.php\/fr\/visites-dentreprises-2\/\" \/>\n<meta property=\"og:site_name\" content=\"Nouvelle G\u00e9n\u00e9ration des Biotechnologistes\" \/>\n<meta property=\"article:modified_time\" content=\"2022-02-23T10:02:05+00:00\" \/>\n<meta property=\"og:image\" content=\"https:\/\/ngb-fr.org\/wp-content\/uploads\/2019\/02\/51135404_2439339149428395_1133146603297701888_o-1232x693.jpg\" \/>\n<meta name=\"twitter:card\" content=\"summary_large_image\" \/>\n<meta name=\"twitter:label1\" content=\"Dur\u00e9e de lecture estim\u00e9e\" \/>\n\t<meta name=\"twitter:data1\" content=\"1 minute\" \/>\n<script type=\"application\/ld+json\" class=\"yoast-schema-graph\">{\"@context\":\"https:\\\/\\\/schema.org\",\"@graph\":[{\"@type\":\"WebPage\",\"@id\":\"https:\\\/\\\/ngb-fr.org\\\/index.php\\\/fr\\\/visites-dentreprises-2\\\/\",\"url\":\"https:\\\/\\\/ngb-fr.org\\\/index.php\\\/fr\\\/visites-dentreprises-2\\\/\",\"name\":\"Visites d'entreprises - Nouvelle G\u00e9n\u00e9ration des Biotechnologistes\",\"isPartOf\":{\"@id\":\"https:\\\/\\\/ngb-fr.org\\\/index.php\\\/fr\\\/materialis\\\/#website\"},\"primaryImageOfPage\":{\"@id\":\"https:\\\/\\\/ngb-fr.org\\\/index.php\\\/fr\\\/visites-dentreprises-2\\\/#primaryimage\"},\"image\":{\"@id\":\"https:\\\/\\\/ngb-fr.org\\\/index.php\\\/fr\\\/visites-dentreprises-2\\\/#primaryimage\"},\"thumbnailUrl\":\"https:\\\/\\\/ngb-fr.org\\\/wp-content\\\/uploads\\\/2019\\\/02\\\/51135404_2439339149428395_1133146603297701888_o-1232x693.jpg\",\"datePublished\":\"2022-02-17T23:31:42+00:00\",\"dateModified\":\"2022-02-23T10:02:05+00:00\",\"breadcrumb\":{\"@id\":\"https:\\\/\\\/ngb-fr.org\\\/index.php\\\/fr\\\/visites-dentreprises-2\\\/#breadcrumb\"},\"inLanguage\":\"fr-FR\",\"potentialAction\":[{\"@type\":\"ReadAction\",\"target\":[\"https:\\\/\\\/ngb-fr.org\\\/index.php\\\/fr\\\/visites-dentreprises-2\\\/\"]}]},{\"@type\":\"ImageObject\",\"inLanguage\":\"fr-FR\",\"@id\":\"https:\\\/\\\/ngb-fr.org\\\/index.php\\\/fr\\\/visites-dentreprises-2\\\/#primaryimage\",\"url\":\"https:\\\/\\\/ngb-fr.org\\\/wp-content\\\/uploads\\\/2019\\\/02\\\/51135404_2439339149428395_1133146603297701888_o-1232x693.jpg\",\"contentUrl\":\"https:\\\/\\\/ngb-fr.org\\\/wp-content\\\/uploads\\\/2019\\\/02\\\/51135404_2439339149428395_1133146603297701888_o-1232x693.jpg\"},{\"@type\":\"BreadcrumbList\",\"@id\":\"https:\\\/\\\/ngb-fr.org\\\/index.php\\\/fr\\\/visites-dentreprises-2\\\/#breadcrumb\",\"itemListElement\":[{\"@type\":\"ListItem\",\"position\":1,\"name\":\"Accueil\",\"item\":\"https:\\\/\\\/ngb-fr.org\\\/\"},{\"@type\":\"ListItem\",\"position\":2,\"name\":\"Visites d&#8217;entreprises\"}]},{\"@type\":\"WebSite\",\"@id\":\"https:\\\/\\\/ngb-fr.org\\\/index.php\\\/fr\\\/materialis\\\/#website\",\"url\":\"https:\\\/\\\/ngb-fr.org\\\/index.php\\\/fr\\\/materialis\\\/\",\"name\":\"Nouvelle G\u00e9n\u00e9ration des Biotechnologistes\",\"description\":\"\",\"publisher\":{\"@id\":\"https:\\\/\\\/ngb-fr.org\\\/index.php\\\/fr\\\/materialis\\\/#organization\"},\"potentialAction\":[{\"@type\":\"SearchAction\",\"target\":{\"@type\":\"EntryPoint\",\"urlTemplate\":\"https:\\\/\\\/ngb-fr.org\\\/index.php\\\/fr\\\/materialis\\\/?s={search_term_string}\"},\"query-input\":{\"@type\":\"PropertyValueSpecification\",\"valueRequired\":true,\"valueName\":\"search_term_string\"}}],\"inLanguage\":\"fr-FR\"},{\"@type\":\"Organization\",\"@id\":\"https:\\\/\\\/ngb-fr.org\\\/index.php\\\/fr\\\/materialis\\\/#organization\",\"name\":\"Nouvelle G\u00e9n\u00e9ration des Biotechnologistes\",\"url\":\"https:\\\/\\\/ngb-fr.org\\\/index.php\\\/fr\\\/materialis\\\/\",\"logo\":{\"@type\":\"ImageObject\",\"inLanguage\":\"fr-FR\",\"@id\":\"https:\\\/\\\/ngb-fr.org\\\/index.php\\\/fr\\\/materialis\\\/#\\\/schema\\\/logo\\\/image\\\/\",\"url\":\"https:\\\/\\\/ngb-fr.org\\\/wp-content\\\/uploads\\\/2019\\\/02\\\/cropped-1.png\",\"contentUrl\":\"https:\\\/\\\/ngb-fr.org\\\/wp-content\\\/uploads\\\/2019\\\/02\\\/cropped-1.png\",\"width\":1880,\"height\":1826,\"caption\":\"Nouvelle G\u00e9n\u00e9ration des Biotechnologistes\"},\"image\":{\"@id\":\"https:\\\/\\\/ngb-fr.org\\\/index.php\\\/fr\\\/materialis\\\/#\\\/schema\\\/logo\\\/image\\\/\"}}]}<\/script>\n<!-- \/ Yoast SEO plugin. -->","yoast_head_json":{"title":"Visites d'entreprises - Nouvelle G\u00e9n\u00e9ration des Biotechnologistes","robots":{"index":"index","follow":"follow","max-snippet":"max-snippet:-1","max-image-preview":"max-image-preview:large","max-video-preview":"max-video-preview:-1"},"canonical":"https:\/\/ngb-fr.org\/index.php\/fr\/visites-dentreprises-2\/","og_locale":"fr_FR","og_type":"article","og_title":"Visites d'entreprises - Nouvelle G\u00e9n\u00e9ration des Biotechnologistes","og_description":"&nbsp; Visite de Biosynex \u00a0 \u00a0 \u00a0 \u00a0 \u00a0 Le 31 janvier, deux groupes de 15 personnes ont eu l\u2019opportunit\u00e9 de visiter la belle entreprise de Biosynex situ\u00e9e sur le p\u00f4le api d\u2019Illkirch-Graffenstaden, proche de Strasbourg. C\u2019est une entreprise qui produit certains produits pour diff\u00e9rents diagnostics comme tests de grossesse, tests VIH\u2026 Nous avons eu&nbsp;&hellip;","og_url":"https:\/\/ngb-fr.org\/index.php\/fr\/visites-dentreprises-2\/","og_site_name":"Nouvelle G\u00e9n\u00e9ration des Biotechnologistes","article_modified_time":"2022-02-23T10:02:05+00:00","og_image":[{"url":"https:\/\/ngb-fr.org\/wp-content\/uploads\/2019\/02\/51135404_2439339149428395_1133146603297701888_o-1232x693.jpg","type":"","width":"","height":""}],"twitter_card":"summary_large_image","twitter_misc":{"Dur\u00e9e de lecture estim\u00e9e":"1 minute"},"schema":{"@context":"https:\/\/schema.org","@graph":[{"@type":"WebPage","@id":"https:\/\/ngb-fr.org\/index.php\/fr\/visites-dentreprises-2\/","url":"https:\/\/ngb-fr.org\/index.php\/fr\/visites-dentreprises-2\/","name":"Visites d'entreprises - Nouvelle G\u00e9n\u00e9ration des Biotechnologistes","isPartOf":{"@id":"https:\/\/ngb-fr.org\/index.php\/fr\/materialis\/#website"},"primaryImageOfPage":{"@id":"https:\/\/ngb-fr.org\/index.php\/fr\/visites-dentreprises-2\/#primaryimage"},"image":{"@id":"https:\/\/ngb-fr.org\/index.php\/fr\/visites-dentreprises-2\/#primaryimage"},"thumbnailUrl":"https:\/\/ngb-fr.org\/wp-content\/uploads\/2019\/02\/51135404_2439339149428395_1133146603297701888_o-1232x693.jpg","datePublished":"2022-02-17T23:31:42+00:00","dateModified":"2022-02-23T10:02:05+00:00","breadcrumb":{"@id":"https:\/\/ngb-fr.org\/index.php\/fr\/visites-dentreprises-2\/#breadcrumb"},"inLanguage":"fr-FR","potentialAction":[{"@type":"ReadAction","target":["https:\/\/ngb-fr.org\/index.php\/fr\/visites-dentreprises-2\/"]}]},{"@type":"ImageObject","inLanguage":"fr-FR","@id":"https:\/\/ngb-fr.org\/index.php\/fr\/visites-dentreprises-2\/#primaryimage","url":"https:\/\/ngb-fr.org\/wp-content\/uploads\/2019\/02\/51135404_2439339149428395_1133146603297701888_o-1232x693.jpg","contentUrl":"https:\/\/ngb-fr.org\/wp-content\/uploads\/2019\/02\/51135404_2439339149428395_1133146603297701888_o-1232x693.jpg"},{"@type":"BreadcrumbList","@id":"https:\/\/ngb-fr.org\/index.php\/fr\/visites-dentreprises-2\/#breadcrumb","itemListElement":[{"@type":"ListItem","position":1,"name":"Accueil","item":"https:\/\/ngb-fr.org\/"},{"@type":"ListItem","position":2,"name":"Visites d&#8217;entreprises"}]},{"@type":"WebSite","@id":"https:\/\/ngb-fr.org\/index.php\/fr\/materialis\/#website","url":"https:\/\/ngb-fr.org\/index.php\/fr\/materialis\/","name":"Nouvelle G\u00e9n\u00e9ration des Biotechnologistes","description":"","publisher":{"@id":"https:\/\/ngb-fr.org\/index.php\/fr\/materialis\/#organization"},"potentialAction":[{"@type":"SearchAction","target":{"@type":"EntryPoint","urlTemplate":"https:\/\/ngb-fr.org\/index.php\/fr\/materialis\/?s={search_term_string}"},"query-input":{"@type":"PropertyValueSpecification","valueRequired":true,"valueName":"search_term_string"}}],"inLanguage":"fr-FR"},{"@type":"Organization","@id":"https:\/\/ngb-fr.org\/index.php\/fr\/materialis\/#organization","name":"Nouvelle G\u00e9n\u00e9ration des Biotechnologistes","url":"https:\/\/ngb-fr.org\/index.php\/fr\/materialis\/","logo":{"@type":"ImageObject","inLanguage":"fr-FR","@id":"https:\/\/ngb-fr.org\/index.php\/fr\/materialis\/#\/schema\/logo\/image\/","url":"https:\/\/ngb-fr.org\/wp-content\/uploads\/2019\/02\/cropped-1.png","contentUrl":"https:\/\/ngb-fr.org\/wp-content\/uploads\/2019\/02\/cropped-1.png","width":1880,"height":1826,"caption":"Nouvelle G\u00e9n\u00e9ration des Biotechnologistes"},"image":{"@id":"https:\/\/ngb-fr.org\/index.php\/fr\/materialis\/#\/schema\/logo\/image\/"}}]}},"jetpack_sharing_enabled":true,"_links":{"self":[{"href":"https:\/\/ngb-fr.org\/index.php\/wp-json\/wp\/v2\/pages\/841","targetHints":{"allow":["GET"]}}],"collection":[{"href":"https:\/\/ngb-fr.org\/index.php\/wp-json\/wp\/v2\/pages"}],"about":[{"href":"https:\/\/ngb-fr.org\/index.php\/wp-json\/wp\/v2\/types\/page"}],"author":[{"embeddable":true,"href":"https:\/\/ngb-fr.org\/index.php\/wp-json\/wp\/v2\/users\/2"}],"replies":[{"embeddable":true,"href":"https:\/\/ngb-fr.org\/index.php\/wp-json\/wp\/v2\/comments?post=841"}],"version-history":[{"count":4,"href":"https:\/\/ngb-fr.org\/index.php\/wp-json\/wp\/v2\/pages\/841\/revisions"}],"predecessor-version":[{"id":862,"href":"https:\/\/ngb-fr.org\/index.php\/wp-json\/wp\/v2\/pages\/841\/revisions\/862"}],"wp:attachment":[{"href":"https:\/\/ngb-fr.org\/index.php\/wp-json\/wp\/v2\/media?parent=841"}],"curies":[{"name":"wp","href":"https:\/\/api.w.org\/{rel}","templated":true}]}}