{"id":857,"date":"2022-02-20T18:47:48","date_gmt":"2022-02-20T17:47:48","guid":{"rendered":"https:\/\/ngb-fr.org\/?page_id=857"},"modified":"2022-02-23T11:01:03","modified_gmt":"2022-02-23T10:01:03","slug":"conferences-2","status":"publish","type":"page","link":"https:\/\/ngb-fr.org\/index.php\/conferences-2\/","title":{"rendered":"Conf\u00e9rences"},"content":{"rendered":"<div id=\"page\" class=\"site\">\n<div id=\"page-content\" class=\"content blog-page\">\n<div class=\"gridContainer gridContainer content\">\n<div class=\"row\">\n<div class=\"col-xs-12 col-sm-12\">\n<div class=\"post-list row\">\n<div class=\"post-list-item col-xs-12 space-bottom col-sm-12 col-md-12\" data-masonry-width=\".col-sm-12.col-md-12\">\n<div id=\"post-567\" class=\"blog-post mdc-card mdc-elevation--z3 post-567 post type-post status-publish format-standard has-post-thumbnail hentry category-conferences category-conferences-fr\">\n<div class=\"post-thumbnail\"><a class=\"post-list-item-thumb \" href=\"http:\/\/ngb-fr.org\/index.php\/fr\/2020\/03\/01\/cafe-debat-genetics-ethics\/\"><img loading=\"lazy\" decoding=\"async\" class=\"attachment-post-thumbnail size-post-thumbnail wp-post-image\" src=\"http:\/\/ngb-fr.org\/wp-content\/uploads\/2020\/03\/IMG_20200204_191858-1232x924.jpg\" sizes=\"auto, (max-width: 1232px) 100vw, 1232px\" srcset=\"http:\/\/ngb-fr.org\/wp-content\/uploads\/2020\/03\/IMG_20200204_191858-1232x924.jpg 1232w, http:\/\/ngb-fr.org\/wp-content\/uploads\/2020\/03\/IMG_20200204_191858-300x225.jpg 300w, http:\/\/ngb-fr.org\/wp-content\/uploads\/2020\/03\/IMG_20200204_191858-768x576.jpg 768w, http:\/\/ngb-fr.org\/wp-content\/uploads\/2020\/03\/IMG_20200204_191858-1024x768.jpg 1024w, http:\/\/ngb-fr.org\/wp-content\/uploads\/2020\/03\/IMG_20200204_191858-1440x1080.jpg 1440w\" alt=\"\" width=\"1232\" height=\"924\" \/><\/a><\/div>\n<div class=\"flexbox\">\n<div class=\"col-xs-12 col-padding\">\n<h3 class=\"post-title\"><a href=\"http:\/\/ngb-fr.org\/index.php\/fr\/2020\/03\/01\/cafe-debat-genetics-ethics\/\" rel=\"bookmark\">Caf\u00e9-d\u00e9bat \u201cGenetics &amp; Ethics\u201d<\/a><\/h3>\n<div class=\"post-excerpt\">\n<p>Intervenant :\u00a0 \u00c9ric Marois \u2013 Il travaille \u00e0 l\u2019IBMC, et \u00e9tudie les moustiques en tant que vecteurs de maladies transmises \u00e0 l\u2019Homme. Son r\u00f4le est de d\u00e9velopper des outils de transg\u00e9n\u00e8se chez les moustiques. Contexte : Les moustiques sont des vecteurs qui peuvent transmettre diverses maladies \u00e0 l\u2019Homme (paludisme, dengue\u2026). Ce sont d\u2019ailleurs les moustiques\u00a0\u2026<\/p>\n<\/div>\n<\/div>\n<\/div>\n<div class=\"mdc-card__actions col-padding\">\n<div class=\"mdc-card__action-icons col-xs-12 col-sm-fit\"><\/div>\n<div class=\"mdc-card__action-buttons col-xs-12 col-sm-fit\"><a class=\"button color2 link mdc-ripple-upgraded\" href=\"http:\/\/ngb-fr.org\/index.php\/fr\/2020\/03\/01\/cafe-debat-genetics-ethics\/\">Lire la suite<\/a><\/div>\n<\/div>\n<\/div>\n<\/div>\n<div class=\"post-list-item col-xs-12 space-bottom col-sm-12 col-md-12\" data-masonry-width=\".col-sm-12.col-md-12\">\n<div id=\"post-512\" class=\"blog-post mdc-card mdc-elevation--z3 post-512 post type-post status-publish format-standard has-post-thumbnail hentry category-conferences category-conferences-fr\">\n<div class=\"post-thumbnail\"><a class=\"post-list-item-thumb \" href=\"http:\/\/ngb-fr.org\/index.php\/fr\/2019\/12\/04\/thesis-or-not-thesis-2\/\"><img loading=\"lazy\" decoding=\"async\" class=\"attachment-post-thumbnail size-post-thumbnail wp-post-image\" src=\"http:\/\/ngb-fr.org\/wp-content\/uploads\/2019\/11\/Picture2-1232x660.png\" sizes=\"auto, (max-width: 1232px) 100vw, 1232px\" srcset=\"http:\/\/ngb-fr.org\/wp-content\/uploads\/2019\/11\/Picture2-1232x660.png 1232w, http:\/\/ngb-fr.org\/wp-content\/uploads\/2019\/11\/Picture2-300x161.png 300w, http:\/\/ngb-fr.org\/wp-content\/uploads\/2019\/11\/Picture2-768x412.png 768w, http:\/\/ngb-fr.org\/wp-content\/uploads\/2019\/11\/Picture2-1024x549.png 1024w, http:\/\/ngb-fr.org\/wp-content\/uploads\/2019\/11\/Picture2.png 1782w\" alt=\"\" width=\"1232\" height=\"660\" \/><\/a><\/div>\n<div class=\"flexbox\">\n<div class=\"col-xs-12 col-padding\">\n<h3 class=\"post-title\"><a href=\"http:\/\/ngb-fr.org\/index.php\/fr\/2019\/12\/04\/thesis-or-not-thesis-2\/\" rel=\"bookmark\">Thesis Or Not Thesis ?<\/a><\/h3>\n<div class=\"post-excerpt\">\n<p>Thesis or not thesis Le mardi 26 novembre, des \u00e9tudiants de l\u2019ESBS et des intervenants d\u2019horizons divers se sont r\u00e9unis dans la petite salle D112 de l\u2019API du P\u00f4le afin de discuter des avantages et des inconv\u00e9nients d\u2019une th\u00e8se\/doctorat. Les conf\u00e9renciers ont pr\u00e9sent\u00e9 leur parcours acad\u00e9mique et les \u00e9tudiants ont pu leur poser des questions\u00a0\u2026<\/p>\n<\/div>\n<\/div>\n<\/div>\n<div class=\"mdc-card__actions col-padding\">\n<div class=\"mdc-card__action-icons col-xs-12 col-sm-fit\"><\/div>\n<div class=\"mdc-card__action-buttons col-xs-12 col-sm-fit\"><a class=\"button color2 link mdc-ripple-upgraded\" href=\"http:\/\/ngb-fr.org\/index.php\/fr\/2019\/12\/04\/thesis-or-not-thesis-2\/\">Lire la suite<\/a><\/div>\n<\/div>\n<\/div>\n<\/div>\n<div class=\"post-list-item col-xs-12 space-bottom col-sm-12 col-md-12\" data-masonry-width=\".col-sm-12.col-md-12\">\n<div id=\"post-308\" class=\"blog-post mdc-card mdc-elevation--z3 post-308 post type-post status-publish format-standard has-post-thumbnail hentry category-conferences category-conferences-fr\">\n<div class=\"post-thumbnail\"><a class=\"post-list-item-thumb \" href=\"http:\/\/ngb-fr.org\/index.php\/fr\/2019\/03\/19\/mrna-uridylation\/\"><img loading=\"lazy\" decoding=\"async\" class=\"attachment-post-thumbnail size-post-thumbnail wp-post-image\" src=\"http:\/\/ngb-fr.org\/wp-content\/uploads\/2019\/03\/54424850_2511652428863733_1500080266578755584_o-1232x650.jpg\" sizes=\"auto, (max-width: 1232px) 100vw, 1232px\" srcset=\"http:\/\/ngb-fr.org\/wp-content\/uploads\/2019\/03\/54424850_2511652428863733_1500080266578755584_o-1232x650.jpg 1232w, http:\/\/ngb-fr.org\/wp-content\/uploads\/2019\/03\/54424850_2511652428863733_1500080266578755584_o-300x158.jpg 300w, http:\/\/ngb-fr.org\/wp-content\/uploads\/2019\/03\/54424850_2511652428863733_1500080266578755584_o-768x405.jpg 768w, http:\/\/ngb-fr.org\/wp-content\/uploads\/2019\/03\/54424850_2511652428863733_1500080266578755584_o-1024x541.jpg 1024w, http:\/\/ngb-fr.org\/wp-content\/uploads\/2019\/03\/54424850_2511652428863733_1500080266578755584_o-1920x1013.jpg 1920w, http:\/\/ngb-fr.org\/wp-content\/uploads\/2019\/03\/54424850_2511652428863733_1500080266578755584_o.jpg 2048w\" alt=\"\" width=\"1232\" height=\"650\" \/><\/a><\/div>\n<div class=\"flexbox\">\n<div class=\"col-xs-12 col-padding\">\n<h3 class=\"post-title\"><a href=\"http:\/\/ngb-fr.org\/index.php\/fr\/2019\/03\/19\/mrna-uridylation\/\" rel=\"bookmark\">mRNA Uridylation<\/a><\/h3>\n<div class=\"post-excerpt\">\n<p>La NGB vous invite \u00e0 la conf\u00e9rence sur le th\u00e8me des modifications post-transcription appel\u00e9es les mRNA Uridylation. Cette conf\u00e9rence se tiendra le 03 avril \u00e0 16h30 avec H\u00e9l\u00e8ne Zuber, chercheuse \u00e0 l\u2019institut biologiques mol\u00e9culaire des plantes.<\/p>\n<\/div>\n<\/div>\n<\/div>\n<div class=\"mdc-card__actions col-padding\">\n<div class=\"mdc-card__action-icons col-xs-12 col-sm-fit\"><\/div>\n<div class=\"mdc-card__action-buttons col-xs-12 col-sm-fit\"><a class=\"button color2 link mdc-ripple-upgraded\" href=\"http:\/\/ngb-fr.org\/index.php\/fr\/2019\/03\/19\/mrna-uridylation\/\">Lire la suite<\/a><\/div>\n<\/div>\n<\/div>\n<\/div>\n<div class=\"post-list-item col-xs-12 space-bottom col-sm-12 col-md-12\" data-masonry-width=\".col-sm-12.col-md-12\">\n<div id=\"post-186\" class=\"blog-post mdc-card mdc-elevation--z3 post-186 post type-post status-publish format-standard has-post-thumbnail hentry category-conferences category-conferences-fr\">\n<div class=\"post-thumbnail\"><a class=\"post-list-item-thumb \" href=\"http:\/\/ngb-fr.org\/index.php\/fr\/2019\/02\/18\/membrane-separation-technology\/\"><img loading=\"lazy\" decoding=\"async\" class=\"attachment-post-thumbnail size-post-thumbnail wp-post-image\" src=\"http:\/\/ngb-fr.org\/wp-content\/uploads\/2019\/02\/1-2.jpg\" sizes=\"auto, (max-width: 960px) 100vw, 960px\" srcset=\"http:\/\/ngb-fr.org\/wp-content\/uploads\/2019\/02\/1-2.jpg 960w, http:\/\/ngb-fr.org\/wp-content\/uploads\/2019\/02\/1-2-300x114.jpg 300w, http:\/\/ngb-fr.org\/wp-content\/uploads\/2019\/02\/1-2-768x292.jpg 768w\" alt=\"\" width=\"960\" height=\"365\" \/><\/a><\/div>\n<div class=\"flexbox\">\n<div class=\"col-xs-12 col-padding\">\n<h3 class=\"post-title\"><a href=\"http:\/\/ngb-fr.org\/index.php\/fr\/2019\/02\/18\/membrane-separation-technology\/\" rel=\"bookmark\">Membrane separation technology<\/a><\/h3>\n<div class=\"post-excerpt\">\n<p>Maud Vilain est chercheuse \u00e0 l\u2019Institut Pluridisciplinaire Hubert Curien de Strasbourg dans l\u2019\u00e9quipe \u201cRecognition and Molecular Separation Processes (RePSeM)\u201d, professeure \u00e0 l\u2019IUT Louis Pasteur \u00e0 Schiltigheim et conf\u00e9renci\u00e8re \u00e0 l\u2019Universit\u00e9 de Strasbourg. Madame Vilain nous a pr\u00e9sent\u00e9 l\u2019utilisation des membranes dans la r\u00e9cup\u00e9ration des bioproduits.<\/p>\n<\/div>\n<\/div>\n<\/div>\n<div class=\"mdc-card__actions col-padding\">\n<div class=\"mdc-card__action-icons col-xs-12 col-sm-fit\"><\/div>\n<div class=\"mdc-card__action-buttons col-xs-12 col-sm-fit\"><a class=\"button color2 link mdc-ripple-upgraded\" href=\"http:\/\/ngb-fr.org\/index.php\/fr\/2019\/02\/18\/membrane-separation-technology\/\">Lire la suite<\/a><\/div>\n<\/div>\n<\/div>\n<\/div>\n<div class=\"post-list-item col-xs-12 space-bottom col-sm-12 col-md-12\" data-masonry-width=\".col-sm-12.col-md-12\">\n<div id=\"post-172\" class=\"blog-post mdc-card mdc-elevation--z3 post-172 post type-post status-publish format-standard has-post-thumbnail hentry category-conferences category-conferences-fr\">\n<div class=\"post-thumbnail\"><a class=\"post-list-item-thumb \" href=\"http:\/\/ngb-fr.org\/index.php\/fr\/2019\/02\/18\/la-chimie-de-lamour\/\"><img loading=\"lazy\" decoding=\"async\" class=\"attachment-post-thumbnail size-post-thumbnail wp-post-image\" src=\"http:\/\/ngb-fr.org\/wp-content\/uploads\/2019\/02\/2-1.jpg\" sizes=\"auto, (max-width: 1200px) 100vw, 1200px\" srcset=\"http:\/\/ngb-fr.org\/wp-content\/uploads\/2019\/02\/2-1.jpg 1200w, http:\/\/ngb-fr.org\/wp-content\/uploads\/2019\/02\/2-1-300x157.jpg 300w, http:\/\/ngb-fr.org\/wp-content\/uploads\/2019\/02\/2-1-768x402.jpg 768w, http:\/\/ngb-fr.org\/wp-content\/uploads\/2019\/02\/2-1-1024x536.jpg 1024w\" alt=\"\" width=\"1200\" height=\"628\" \/><\/a><\/div>\n<div class=\"flexbox\">\n<div class=\"col-xs-12 col-padding\">\n<h3 class=\"post-title\"><a href=\"http:\/\/ngb-fr.org\/index.php\/fr\/2019\/02\/18\/la-chimie-de-lamour\/\" rel=\"bookmark\">La chimie de l\u2019amour<\/a><\/h3>\n<div class=\"post-excerpt\">\n<p>Quels sont les m\u00e9canismes en jeu lorsqu\u2019on tombe amoureux ? En partenariat avec la NGB (Nouvelle G\u00e9n\u00e9ration des Biotechnologistes), le CEPhI a le plaisir de vous convier \u00e0 une conf\u00e9rence sur la chimie de l\u2019amour. Elle a eu lieu le mercredi 13 f\u00e9vrier \u00e0 18h30 en Amphi Pasteur \u00e0 la Facult\u00e9 de Pharmacie de Strasbourg.\u00a0\u2026<\/p>\n<\/div>\n<\/div>\n<\/div>\n<div class=\"mdc-card__actions col-padding\">\n<div class=\"mdc-card__action-icons col-xs-12 col-sm-fit\"><\/div>\n<div class=\"mdc-card__action-buttons col-xs-12 col-sm-fit\"><a class=\"button color2 link mdc-ripple-upgraded\" href=\"http:\/\/ngb-fr.org\/index.php\/fr\/2019\/02\/18\/la-chimie-de-lamour\/\">Lire la suite<\/a><\/div>\n<\/div>\n<\/div>\n<\/div>\n<div class=\"post-list-item col-xs-12 space-bottom col-sm-12 col-md-12\" data-masonry-width=\".col-sm-12.col-md-12\">\n<div id=\"post-174\" class=\"blog-post mdc-card mdc-elevation--z3 post-174 post type-post status-publish format-standard has-post-thumbnail hentry category-conferences category-conferences-fr\">\n<div class=\"post-thumbnail\"><a class=\"post-list-item-thumb \" href=\"http:\/\/ngb-fr.org\/index.php\/fr\/2019\/02\/18\/biofuels-polymers\/\"><img loading=\"lazy\" decoding=\"async\" class=\"attachment-post-thumbnail size-post-thumbnail wp-post-image\" src=\"http:\/\/ngb-fr.org\/wp-content\/uploads\/2019\/02\/1-3-1232x456.jpg\" sizes=\"auto, (max-width: 1232px) 100vw, 1232px\" srcset=\"http:\/\/ngb-fr.org\/wp-content\/uploads\/2019\/02\/1-3-1232x456.jpg 1232w, http:\/\/ngb-fr.org\/wp-content\/uploads\/2019\/02\/1-3-300x111.jpg 300w, http:\/\/ngb-fr.org\/wp-content\/uploads\/2019\/02\/1-3-768x284.jpg 768w, http:\/\/ngb-fr.org\/wp-content\/uploads\/2019\/02\/1-3-1024x379.jpg 1024w, http:\/\/ngb-fr.org\/wp-content\/uploads\/2019\/02\/1-3-1920x711.jpg 1920w\" alt=\"\" width=\"1232\" height=\"456\" \/><\/a><\/div>\n<div class=\"flexbox\">\n<div class=\"col-xs-12 col-padding\">\n<h3 class=\"post-title\"><a href=\"http:\/\/ngb-fr.org\/index.php\/fr\/2019\/02\/18\/biofuels-polymers\/\" rel=\"bookmark\">Biofuels &amp; polymers<\/a><\/h3>\n<div class=\"post-excerpt\">\n<p>Cette conf\u00e9rence a pr\u00e9sent\u00e9 les travaux de recherche de Madame RIGOUIN Coraline, chercheuse au sein du laboratoire de Biotechnologie et de Signalisation Cellulaire du CNRS, dans l\u2019\u00e9quipe de recherche Schalk\/Mislin \u00e0 Illkirch. Sp\u00e9cialis\u00e9e en microbiologie appliqu\u00e9e aux biosynth\u00e8ses de biopolym\u00e8res (PHA) et de biocarburants, notre ma\u00eetre de conf\u00e9rences nous pr\u00e9sentera \u00e9galement son parcours et ses\u00a0\u2026<\/p>\n<\/div>\n<\/div>\n<\/div>\n<div class=\"mdc-card__actions col-padding\">\n<div class=\"mdc-card__action-icons col-xs-12 col-sm-fit\"><\/div>\n<div class=\"mdc-card__action-buttons col-xs-12 col-sm-fit\"><a class=\"button color2 link mdc-ripple-upgraded\" href=\"http:\/\/ngb-fr.org\/index.php\/fr\/2019\/02\/18\/biofuels-polymers\/\">Lire la suite<\/a><\/div>\n<\/div>\n<\/div>\n<\/div>\n<\/div>\n<\/div>\n<\/div>\n<\/div>\n<\/div>\n<\/div>\n<div class=\"footer footer-simple\">\n<div class=\"footer-content center-xs\">\n<div class=\"gridContainer\">\n<div class=\"row middle-xs footer-content-row\">\n<div class=\"footer-content-col col-xs-12\"><\/div>\n<\/div>\n<\/div>\n<\/div>\n<\/div>\n","protected":false},"excerpt":{"rendered":"<p>Caf\u00e9-d\u00e9bat \u201cGenetics &amp; Ethics\u201d Intervenant :\u00a0 \u00c9ric Marois \u2013 Il travaille \u00e0 l\u2019IBMC, et \u00e9tudie les moustiques en tant que vecteurs de maladies transmises \u00e0 l\u2019Homme. Son r\u00f4le est de d\u00e9velopper des outils de transg\u00e9n\u00e8se chez les moustiques. Contexte : Les moustiques sont des vecteurs qui peuvent transmettre diverses maladies \u00e0 l\u2019Homme (paludisme, dengue\u2026). Ce&nbsp;&hellip;<\/p>\n","protected":false},"author":2,"featured_media":908,"parent":0,"menu_order":0,"comment_status":"closed","ping_status":"closed","template":"","meta":{"footnotes":""},"class_list":["post-857","page","type-page","status-publish","has-post-thumbnail","hentry"],"yoast_head":"<!-- This site is optimized with the Yoast SEO plugin v27.4 - https:\/\/yoast.com\/product\/yoast-seo-wordpress\/ -->\n<title>Conf\u00e9rences - Nouvelle G\u00e9n\u00e9ration des Biotechnologistes<\/title>\n<meta name=\"robots\" content=\"index, follow, max-snippet:-1, max-image-preview:large, max-video-preview:-1\" \/>\n<link rel=\"canonical\" href=\"https:\/\/ngb-fr.org\/index.php\/fr\/conferences-2\/\" \/>\n<meta property=\"og:locale\" content=\"fr_FR\" \/>\n<meta property=\"og:type\" content=\"article\" \/>\n<meta property=\"og:title\" content=\"Conf\u00e9rences - Nouvelle G\u00e9n\u00e9ration des Biotechnologistes\" \/>\n<meta property=\"og:description\" content=\"Caf\u00e9-d\u00e9bat \u201cGenetics &amp; Ethics\u201d Intervenant :\u00a0 \u00c9ric Marois \u2013 Il travaille \u00e0 l\u2019IBMC, et \u00e9tudie les moustiques en tant que vecteurs de maladies transmises \u00e0 l\u2019Homme. Son r\u00f4le est de d\u00e9velopper des outils de transg\u00e9n\u00e8se chez les moustiques. Contexte : Les moustiques sont des vecteurs qui peuvent transmettre diverses maladies \u00e0 l\u2019Homme (paludisme, dengue\u2026). Ce&nbsp;&hellip;\" \/>\n<meta property=\"og:url\" content=\"https:\/\/ngb-fr.org\/index.php\/fr\/conferences-2\/\" \/>\n<meta property=\"og:site_name\" content=\"Nouvelle G\u00e9n\u00e9ration des Biotechnologistes\" \/>\n<meta property=\"article:modified_time\" content=\"2022-02-23T10:01:03+00:00\" \/>\n<meta property=\"og:image\" content=\"https:\/\/ngb-fr.org\/wp-content\/uploads\/2022\/02\/confer.png\" \/>\n\t<meta property=\"og:image:width\" content=\"1136\" \/>\n\t<meta property=\"og:image:height\" content=\"437\" \/>\n\t<meta property=\"og:image:type\" content=\"image\/png\" \/>\n<meta name=\"twitter:card\" content=\"summary_large_image\" \/>\n<meta name=\"twitter:label1\" content=\"Dur\u00e9e de lecture estim\u00e9e\" \/>\n\t<meta name=\"twitter:data1\" content=\"3 minutes\" \/>\n<script type=\"application\/ld+json\" class=\"yoast-schema-graph\">{\"@context\":\"https:\\\/\\\/schema.org\",\"@graph\":[{\"@type\":\"WebPage\",\"@id\":\"https:\\\/\\\/ngb-fr.org\\\/index.php\\\/fr\\\/conferences-2\\\/\",\"url\":\"https:\\\/\\\/ngb-fr.org\\\/index.php\\\/fr\\\/conferences-2\\\/\",\"name\":\"Conf\u00e9rences - Nouvelle G\u00e9n\u00e9ration des Biotechnologistes\",\"isPartOf\":{\"@id\":\"https:\\\/\\\/ngb-fr.org\\\/index.php\\\/fr\\\/materialis\\\/#website\"},\"primaryImageOfPage\":{\"@id\":\"https:\\\/\\\/ngb-fr.org\\\/index.php\\\/fr\\\/conferences-2\\\/#primaryimage\"},\"image\":{\"@id\":\"https:\\\/\\\/ngb-fr.org\\\/index.php\\\/fr\\\/conferences-2\\\/#primaryimage\"},\"thumbnailUrl\":\"https:\\\/\\\/ngb-fr.org\\\/wp-content\\\/uploads\\\/2022\\\/02\\\/confer.png\",\"datePublished\":\"2022-02-20T17:47:48+00:00\",\"dateModified\":\"2022-02-23T10:01:03+00:00\",\"breadcrumb\":{\"@id\":\"https:\\\/\\\/ngb-fr.org\\\/index.php\\\/fr\\\/conferences-2\\\/#breadcrumb\"},\"inLanguage\":\"fr-FR\",\"potentialAction\":[{\"@type\":\"ReadAction\",\"target\":[\"https:\\\/\\\/ngb-fr.org\\\/index.php\\\/fr\\\/conferences-2\\\/\"]}]},{\"@type\":\"ImageObject\",\"inLanguage\":\"fr-FR\",\"@id\":\"https:\\\/\\\/ngb-fr.org\\\/index.php\\\/fr\\\/conferences-2\\\/#primaryimage\",\"url\":\"https:\\\/\\\/ngb-fr.org\\\/wp-content\\\/uploads\\\/2022\\\/02\\\/confer.png\",\"contentUrl\":\"https:\\\/\\\/ngb-fr.org\\\/wp-content\\\/uploads\\\/2022\\\/02\\\/confer.png\",\"width\":1136,\"height\":437},{\"@type\":\"BreadcrumbList\",\"@id\":\"https:\\\/\\\/ngb-fr.org\\\/index.php\\\/fr\\\/conferences-2\\\/#breadcrumb\",\"itemListElement\":[{\"@type\":\"ListItem\",\"position\":1,\"name\":\"Accueil\",\"item\":\"https:\\\/\\\/ngb-fr.org\\\/\"},{\"@type\":\"ListItem\",\"position\":2,\"name\":\"Conf\u00e9rences\"}]},{\"@type\":\"WebSite\",\"@id\":\"https:\\\/\\\/ngb-fr.org\\\/index.php\\\/fr\\\/materialis\\\/#website\",\"url\":\"https:\\\/\\\/ngb-fr.org\\\/index.php\\\/fr\\\/materialis\\\/\",\"name\":\"Nouvelle G\u00e9n\u00e9ration des Biotechnologistes\",\"description\":\"\",\"publisher\":{\"@id\":\"https:\\\/\\\/ngb-fr.org\\\/index.php\\\/fr\\\/materialis\\\/#organization\"},\"potentialAction\":[{\"@type\":\"SearchAction\",\"target\":{\"@type\":\"EntryPoint\",\"urlTemplate\":\"https:\\\/\\\/ngb-fr.org\\\/index.php\\\/fr\\\/materialis\\\/?s={search_term_string}\"},\"query-input\":{\"@type\":\"PropertyValueSpecification\",\"valueRequired\":true,\"valueName\":\"search_term_string\"}}],\"inLanguage\":\"fr-FR\"},{\"@type\":\"Organization\",\"@id\":\"https:\\\/\\\/ngb-fr.org\\\/index.php\\\/fr\\\/materialis\\\/#organization\",\"name\":\"Nouvelle G\u00e9n\u00e9ration des Biotechnologistes\",\"url\":\"https:\\\/\\\/ngb-fr.org\\\/index.php\\\/fr\\\/materialis\\\/\",\"logo\":{\"@type\":\"ImageObject\",\"inLanguage\":\"fr-FR\",\"@id\":\"https:\\\/\\\/ngb-fr.org\\\/index.php\\\/fr\\\/materialis\\\/#\\\/schema\\\/logo\\\/image\\\/\",\"url\":\"https:\\\/\\\/ngb-fr.org\\\/wp-content\\\/uploads\\\/2019\\\/02\\\/cropped-1.png\",\"contentUrl\":\"https:\\\/\\\/ngb-fr.org\\\/wp-content\\\/uploads\\\/2019\\\/02\\\/cropped-1.png\",\"width\":1880,\"height\":1826,\"caption\":\"Nouvelle G\u00e9n\u00e9ration des Biotechnologistes\"},\"image\":{\"@id\":\"https:\\\/\\\/ngb-fr.org\\\/index.php\\\/fr\\\/materialis\\\/#\\\/schema\\\/logo\\\/image\\\/\"}}]}<\/script>\n<!-- \/ Yoast SEO plugin. -->","yoast_head_json":{"title":"Conf\u00e9rences - Nouvelle G\u00e9n\u00e9ration des Biotechnologistes","robots":{"index":"index","follow":"follow","max-snippet":"max-snippet:-1","max-image-preview":"max-image-preview:large","max-video-preview":"max-video-preview:-1"},"canonical":"https:\/\/ngb-fr.org\/index.php\/fr\/conferences-2\/","og_locale":"fr_FR","og_type":"article","og_title":"Conf\u00e9rences - Nouvelle G\u00e9n\u00e9ration des Biotechnologistes","og_description":"Caf\u00e9-d\u00e9bat \u201cGenetics &amp; Ethics\u201d Intervenant :\u00a0 \u00c9ric Marois \u2013 Il travaille \u00e0 l\u2019IBMC, et \u00e9tudie les moustiques en tant que vecteurs de maladies transmises \u00e0 l\u2019Homme. Son r\u00f4le est de d\u00e9velopper des outils de transg\u00e9n\u00e8se chez les moustiques. Contexte : Les moustiques sont des vecteurs qui peuvent transmettre diverses maladies \u00e0 l\u2019Homme (paludisme, dengue\u2026). Ce&nbsp;&hellip;","og_url":"https:\/\/ngb-fr.org\/index.php\/fr\/conferences-2\/","og_site_name":"Nouvelle G\u00e9n\u00e9ration des Biotechnologistes","article_modified_time":"2022-02-23T10:01:03+00:00","og_image":[{"width":1136,"height":437,"url":"https:\/\/ngb-fr.org\/wp-content\/uploads\/2022\/02\/confer.png","type":"image\/png"}],"twitter_card":"summary_large_image","twitter_misc":{"Dur\u00e9e de lecture estim\u00e9e":"3 minutes"},"schema":{"@context":"https:\/\/schema.org","@graph":[{"@type":"WebPage","@id":"https:\/\/ngb-fr.org\/index.php\/fr\/conferences-2\/","url":"https:\/\/ngb-fr.org\/index.php\/fr\/conferences-2\/","name":"Conf\u00e9rences - Nouvelle G\u00e9n\u00e9ration des Biotechnologistes","isPartOf":{"@id":"https:\/\/ngb-fr.org\/index.php\/fr\/materialis\/#website"},"primaryImageOfPage":{"@id":"https:\/\/ngb-fr.org\/index.php\/fr\/conferences-2\/#primaryimage"},"image":{"@id":"https:\/\/ngb-fr.org\/index.php\/fr\/conferences-2\/#primaryimage"},"thumbnailUrl":"https:\/\/ngb-fr.org\/wp-content\/uploads\/2022\/02\/confer.png","datePublished":"2022-02-20T17:47:48+00:00","dateModified":"2022-02-23T10:01:03+00:00","breadcrumb":{"@id":"https:\/\/ngb-fr.org\/index.php\/fr\/conferences-2\/#breadcrumb"},"inLanguage":"fr-FR","potentialAction":[{"@type":"ReadAction","target":["https:\/\/ngb-fr.org\/index.php\/fr\/conferences-2\/"]}]},{"@type":"ImageObject","inLanguage":"fr-FR","@id":"https:\/\/ngb-fr.org\/index.php\/fr\/conferences-2\/#primaryimage","url":"https:\/\/ngb-fr.org\/wp-content\/uploads\/2022\/02\/confer.png","contentUrl":"https:\/\/ngb-fr.org\/wp-content\/uploads\/2022\/02\/confer.png","width":1136,"height":437},{"@type":"BreadcrumbList","@id":"https:\/\/ngb-fr.org\/index.php\/fr\/conferences-2\/#breadcrumb","itemListElement":[{"@type":"ListItem","position":1,"name":"Accueil","item":"https:\/\/ngb-fr.org\/"},{"@type":"ListItem","position":2,"name":"Conf\u00e9rences"}]},{"@type":"WebSite","@id":"https:\/\/ngb-fr.org\/index.php\/fr\/materialis\/#website","url":"https:\/\/ngb-fr.org\/index.php\/fr\/materialis\/","name":"Nouvelle G\u00e9n\u00e9ration des Biotechnologistes","description":"","publisher":{"@id":"https:\/\/ngb-fr.org\/index.php\/fr\/materialis\/#organization"},"potentialAction":[{"@type":"SearchAction","target":{"@type":"EntryPoint","urlTemplate":"https:\/\/ngb-fr.org\/index.php\/fr\/materialis\/?s={search_term_string}"},"query-input":{"@type":"PropertyValueSpecification","valueRequired":true,"valueName":"search_term_string"}}],"inLanguage":"fr-FR"},{"@type":"Organization","@id":"https:\/\/ngb-fr.org\/index.php\/fr\/materialis\/#organization","name":"Nouvelle G\u00e9n\u00e9ration des Biotechnologistes","url":"https:\/\/ngb-fr.org\/index.php\/fr\/materialis\/","logo":{"@type":"ImageObject","inLanguage":"fr-FR","@id":"https:\/\/ngb-fr.org\/index.php\/fr\/materialis\/#\/schema\/logo\/image\/","url":"https:\/\/ngb-fr.org\/wp-content\/uploads\/2019\/02\/cropped-1.png","contentUrl":"https:\/\/ngb-fr.org\/wp-content\/uploads\/2019\/02\/cropped-1.png","width":1880,"height":1826,"caption":"Nouvelle G\u00e9n\u00e9ration des Biotechnologistes"},"image":{"@id":"https:\/\/ngb-fr.org\/index.php\/fr\/materialis\/#\/schema\/logo\/image\/"}}]}},"jetpack_sharing_enabled":true,"_links":{"self":[{"href":"https:\/\/ngb-fr.org\/index.php\/wp-json\/wp\/v2\/pages\/857","targetHints":{"allow":["GET"]}}],"collection":[{"href":"https:\/\/ngb-fr.org\/index.php\/wp-json\/wp\/v2\/pages"}],"about":[{"href":"https:\/\/ngb-fr.org\/index.php\/wp-json\/wp\/v2\/types\/page"}],"author":[{"embeddable":true,"href":"https:\/\/ngb-fr.org\/index.php\/wp-json\/wp\/v2\/users\/2"}],"replies":[{"embeddable":true,"href":"https:\/\/ngb-fr.org\/index.php\/wp-json\/wp\/v2\/comments?post=857"}],"version-history":[{"count":1,"href":"https:\/\/ngb-fr.org\/index.php\/wp-json\/wp\/v2\/pages\/857\/revisions"}],"predecessor-version":[{"id":859,"href":"https:\/\/ngb-fr.org\/index.php\/wp-json\/wp\/v2\/pages\/857\/revisions\/859"}],"wp:featuredmedia":[{"embeddable":true,"href":"https:\/\/ngb-fr.org\/index.php\/wp-json\/wp\/v2\/media\/908"}],"wp:attachment":[{"href":"https:\/\/ngb-fr.org\/index.php\/wp-json\/wp\/v2\/media?parent=857"}],"curies":[{"name":"wp","href":"https:\/\/api.w.org\/{rel}","templated":true}]}}