{"id":864,"date":"2022-02-20T18:56:12","date_gmt":"2022-02-20T17:56:12","guid":{"rendered":"https:\/\/ngb-fr.org\/?page_id=864"},"modified":"2022-02-23T11:01:25","modified_gmt":"2022-02-23T10:01:25","slug":"visites-dentreprises-3","status":"publish","type":"page","link":"https:\/\/ngb-fr.org\/index.php\/visites-dentreprises-3\/","title":{"rendered":"Visites d&rsquo;entreprises"},"content":{"rendered":"<div id=\"page\" class=\"site\">\n<div id=\"page-content\" class=\"content blog-page\">\n<div class=\"gridContainer gridContainer content\">\n<div class=\"row\">\n<div class=\"col-xs-12 col-sm-12\">\n<div class=\"post-list row\">\n<div class=\"post-list-item col-xs-12 space-bottom col-sm-12 col-md-12\" data-masonry-width=\".col-sm-12.col-md-12\">\n<div id=\"post-190\" class=\"blog-post mdc-card mdc-elevation--z3 post-190 post type-post status-publish format-standard has-post-thumbnail hentry category-visites-dentreprises category-visites-dentreprises-fr\">\n<p class=\"post-thumbnail\"><a class=\"post-list-item-thumb \" href=\"https:\/\/ngb-fr.org\/index.php\/fr\/2019\/02\/18\/visite-de-biosynex\/\"><br \/>\n<img loading=\"lazy\" decoding=\"async\" class=\"attachment-post-thumbnail wp-post-image alignnone\" src=\"https:\/\/ngb-fr.org\/wp-content\/uploads\/2019\/02\/51135404_2439339149428395_1133146603297701888_o-1232x693.jpg\" sizes=\"auto, (max-width: 1232px) 100vw, 1232px\" srcset=\"https:\/\/ngb-fr.org\/wp-content\/uploads\/2019\/02\/51135404_2439339149428395_1133146603297701888_o-1232x693.jpg 1232w, https:\/\/ngb-fr.org\/wp-content\/uploads\/2019\/02\/51135404_2439339149428395_1133146603297701888_o-300x169.jpg 300w, https:\/\/ngb-fr.org\/wp-content\/uploads\/2019\/02\/51135404_2439339149428395_1133146603297701888_o-768x432.jpg 768w, https:\/\/ngb-fr.org\/wp-content\/uploads\/2019\/02\/51135404_2439339149428395_1133146603297701888_o-1024x576.jpg 1024w, https:\/\/ngb-fr.org\/wp-content\/uploads\/2019\/02\/51135404_2439339149428395_1133146603297701888_o.jpg 1499w\" alt=\"\" width=\"1232\" height=\"693\" \/><\/a><\/p>\n<div class=\"flexbox\">\n<div class=\"col-xs-12 col-padding\">\n<h3 class=\"post-title\" style=\"text-align: center;\"><a href=\"https:\/\/ngb-fr.org\/index.php\/fr\/2019\/02\/18\/visite-de-biosynex\/\" rel=\"bookmark\">Visite de Biosynex<\/a><\/h3>\n<div class=\"post-excerpt\">\n<p>\u00a0 \u00a0 \u00a0 \u00a0 \u00a0 Le 31 janvier, deux groupes de 15 personnes ont eu l\u2019opportunit\u00e9 de visiter la belle entreprise de Biosynex situ\u00e9e sur le p\u00f4le api d\u2019Illkirch-Graffenstaden, proche de Strasbourg. C\u2019est une entreprise qui produit certains produits pour diff\u00e9rents diagnostics comme tests de grossesse, tests VIH\u2026 Nous avons eu une pr\u00e9sentation des diff\u00e9rentes\u00a0\u2026<\/p>\n<\/div>\n<\/div>\n<\/div>\n<div class=\"mdc-card__actions col-padding\">\n<div class=\"mdc-card__action-icons col-xs-12 col-sm-fit\"><\/div>\n<div class=\"mdc-card__action-buttons col-xs-12 col-sm-fit\"><a class=\"button color2 link mdc-ripple-upgraded\" href=\"https:\/\/ngb-fr.org\/index.php\/fr\/2019\/02\/18\/visite-de-biosynex\/\">Lire la suite<\/a><\/div>\n<\/div>\n<\/div>\n<\/div>\n<\/div>\n<div class=\"navigation-c\">\n<div id=\"page\" class=\"site\">\n<div id=\"page-content\" class=\"content blog-page\">\n<div class=\"gridContainer gridContainer content\">\n<div class=\"row\">\n<div class=\"col-xs-12 col-sm-12\">\n<div class=\"post-list row\">\n<div class=\"post-list-item col-xs-12 space-bottom col-sm-12 col-md-12\" data-masonry-width=\".col-sm-12.col-md-12\">\n<div id=\"post-190\" class=\"blog-post mdc-card mdc-elevation--z3 post-190 post type-post status-publish format-standard has-post-thumbnail hentry category-visites-dentreprises category-visites-dentreprises-fr\">\n<div class=\"flexbox\">\n<div class=\"col-xs-12 col-padding\">\n<h3><img loading=\"lazy\" decoding=\"async\" class=\"attachment-post-thumbnail wp-post-image wp-image-555 aligncenter\" src=\"http:\/\/ngb-fr.org\/wp-content\/uploads\/2020\/02\/received_189050055510472-1-300x225.jpeg\" alt=\"\" width=\"578\" height=\"434\" srcset=\"https:\/\/ngb-fr.org\/wp-content\/uploads\/2020\/02\/received_189050055510472-1-300x225.jpeg 300w, https:\/\/ngb-fr.org\/wp-content\/uploads\/2020\/02\/received_189050055510472-1-768x576.jpeg 768w, https:\/\/ngb-fr.org\/wp-content\/uploads\/2020\/02\/received_189050055510472-1-1024x768.jpeg 1024w, https:\/\/ngb-fr.org\/wp-content\/uploads\/2020\/02\/received_189050055510472-1-1232x924.jpeg 1232w, https:\/\/ngb-fr.org\/wp-content\/uploads\/2020\/02\/received_189050055510472-1-1440x1080.jpeg 1440w\" sizes=\"auto, (max-width: 578px) 100vw, 578px\" \/><\/h3>\n<h3 class=\"post-title\" style=\"text-align: center;\"><a href=\"https:\/\/ngb-fr.org\/index.php\/fr\/visite-de-hoffmann-roche-a-bale\/\" rel=\"bookmark\">Visite de Hoffmann-Roche \u00e0 B\u00e2le<\/a><\/h3>\n<div class=\"post-excerpt\">\n<p>\u00a0 \u00a0 \u00a0 \u00a0 \u00a0 On the 6th\u00a0February, 2020 a group of 20 students took the opportunity to join the NGB visit to\u00a0Hoffmann-La\u00a0<a href=\"https:\/\/www.roche.com\/\">Roche<\/a> in Basel. The main building of the Roche complex perfectly reflects in its size and design the prestige and professionality that Roche has as a global key player of the pharmaceutical biotechnology field&#8230;<\/p>\n<\/div>\n<\/div>\n<\/div>\n<div class=\"mdc-card__actions col-padding\">\n<div class=\"mdc-card__action-icons col-xs-12 col-sm-fit\"><\/div>\n<div class=\"mdc-card__action-buttons col-xs-12 col-sm-fit\"><a class=\"button color2 link mdc-ripple-upgraded\" href=\"https:\/\/ngb-fr.org\/index.php\/fr\/visite-de-hoffmann-roche-a-bale\/\">Lire la suite<\/a><\/div>\n<\/div>\n<\/div>\n<\/div>\n<\/div>\n<div class=\"navigation-c\">\n<div class=\"post-list row\">\n<div class=\"post-list-item col-xs-12 space-bottom col-sm-12 col-md-12\" data-masonry-width=\".col-sm-12.col-md-12\">\n<div id=\"post-190\" class=\"blog-post mdc-card mdc-elevation--z3 post-190 post type-post status-publish format-standard has-post-thumbnail hentry category-visites-dentreprises category-visites-dentreprises-fr\">\n<div class=\"post-thumbnail\"><img loading=\"lazy\" decoding=\"async\" class=\"attachement-post-thumbnail wp-post-image wp-image-899 aligncenter\" src=\"http:\/\/ngb-fr.org\/wp-content\/uploads\/2022\/02\/IMG_5924-300x226.jpg\" alt=\"\" width=\"865\" height=\"652\" srcset=\"https:\/\/ngb-fr.org\/wp-content\/uploads\/2022\/02\/IMG_5924-300x226.jpg 300w, https:\/\/ngb-fr.org\/wp-content\/uploads\/2022\/02\/IMG_5924-1024x771.jpg 1024w, https:\/\/ngb-fr.org\/wp-content\/uploads\/2022\/02\/IMG_5924-768x578.jpg 768w, https:\/\/ngb-fr.org\/wp-content\/uploads\/2022\/02\/IMG_5924.jpg 1113w\" sizes=\"auto, (max-width: 865px) 100vw, 865px\" \/><\/div>\n<div class=\"flexbox\">\n<div class=\"col-xs-12 col-padding\">\n<h3 class=\"post-title\" style=\"text-align: center;\"><a href=\"https:\/\/ngb-fr.org\/index.php\/fr\/visite-du-biotech-lab\/\" rel=\"bookmark\">Visite du Biotech Lab<\/a><\/h3>\n<div class=\"post-excerpt\">\n<p>\u00a0 \u00a0 \u00a0 \u00a0 \u00a0 Le 28 octobre 2021, Ghislain Auclair a permis aux \u00e9tudiants de l&rsquo;\u00e9cole de visiter le Biotech Lab! Il situ\u00e9 dans les locaux de l&rsquo;ESBS \u00e0 Illkirch-Graffenstaden, proche de Strasbourg. Il s\u2019agit d\u2019un laboratoire ouvert de &#8230;<\/p>\n<\/div>\n<\/div>\n<\/div>\n<div class=\"mdc-card__actions col-padding\">\n<div class=\"mdc-card__action-icons col-xs-12 col-sm-fit\"><\/div>\n<div class=\"mdc-card__action-buttons col-xs-12 col-sm-fit\"><a class=\"button color2 link mdc-ripple-upgraded\" href=\"https:\/\/ngb-fr.org\/index.php\/fr\/visite-du-biotech-lab\/\">Lire la suite<\/a><\/div>\n<\/div>\n<\/div>\n<\/div>\n<\/div>\n<\/div>\n<\/div>\n<\/div>\n<\/div>\n<\/div>\n<\/div>\n<div class=\"footer footer-simple\">\n<div class=\"footer-content center-xs\">\n<div class=\"gridContainer\">\n<div class=\"row middle-xs footer-content-row\">\n<div class=\"footer-content-col col-xs-12\"><\/div>\n<\/div>\n<\/div>\n<\/div>\n<\/div>\n<\/div>\n<\/div>\n<\/div>\n<\/div>\n<\/div>\n<\/div>\n<div class=\"footer footer-simple\">\n<div class=\"footer-content center-xs\">\n<div class=\"gridContainer\">\n<div class=\"row middle-xs footer-content-row\">\n<div class=\"footer-content-col col-xs-12\"><\/div>\n<\/div>\n<\/div>\n<\/div>\n<\/div>\n","protected":false},"excerpt":{"rendered":"<p>Visite de Biosynex \u00a0 \u00a0 \u00a0 \u00a0 \u00a0 Le 31 janvier, deux groupes de 15 personnes ont eu l\u2019opportunit\u00e9 de visiter la belle entreprise de Biosynex situ\u00e9e sur le p\u00f4le api d\u2019Illkirch-Graffenstaden, proche de Strasbourg. C\u2019est une entreprise qui produit certains produits pour diff\u00e9rents diagnostics comme tests de grossesse, tests VIH\u2026 Nous avons eu une&nbsp;&hellip;<\/p>\n","protected":false},"author":2,"featured_media":909,"parent":0,"menu_order":0,"comment_status":"closed","ping_status":"closed","template":"","meta":{"footnotes":""},"class_list":["post-864","page","type-page","status-publish","has-post-thumbnail","hentry"],"yoast_head":"<!-- This site is optimized with the Yoast SEO plugin v27.4 - https:\/\/yoast.com\/product\/yoast-seo-wordpress\/ -->\n<title>Visites d&#039;entreprises - Nouvelle G\u00e9n\u00e9ration des Biotechnologistes<\/title>\n<meta name=\"robots\" content=\"index, follow, max-snippet:-1, max-image-preview:large, max-video-preview:-1\" \/>\n<link rel=\"canonical\" href=\"https:\/\/ngb-fr.org\/index.php\/fr\/visites-dentreprises-3\/\" \/>\n<meta property=\"og:locale\" content=\"fr_FR\" \/>\n<meta property=\"og:type\" content=\"article\" \/>\n<meta property=\"og:title\" content=\"Visites d&#039;entreprises - Nouvelle G\u00e9n\u00e9ration des Biotechnologistes\" \/>\n<meta property=\"og:description\" content=\"Visite de Biosynex \u00a0 \u00a0 \u00a0 \u00a0 \u00a0 Le 31 janvier, deux groupes de 15 personnes ont eu l\u2019opportunit\u00e9 de visiter la belle entreprise de Biosynex situ\u00e9e sur le p\u00f4le api d\u2019Illkirch-Graffenstaden, proche de Strasbourg. C\u2019est une entreprise qui produit certains produits pour diff\u00e9rents diagnostics comme tests de grossesse, tests VIH\u2026 Nous avons eu une&nbsp;&hellip;\" \/>\n<meta property=\"og:url\" content=\"https:\/\/ngb-fr.org\/index.php\/fr\/visites-dentreprises-3\/\" \/>\n<meta property=\"og:site_name\" content=\"Nouvelle G\u00e9n\u00e9ration des Biotechnologistes\" \/>\n<meta property=\"article:modified_time\" content=\"2022-02-23T10:01:25+00:00\" \/>\n<meta property=\"og:image\" content=\"https:\/\/ngb-fr.org\/wp-content\/uploads\/2022\/02\/VISI.png\" \/>\n\t<meta property=\"og:image:width\" content=\"1137\" \/>\n\t<meta property=\"og:image:height\" content=\"436\" \/>\n\t<meta property=\"og:image:type\" content=\"image\/png\" \/>\n<meta name=\"twitter:card\" content=\"summary_large_image\" \/>\n<meta name=\"twitter:label1\" content=\"Dur\u00e9e de lecture estim\u00e9e\" \/>\n\t<meta name=\"twitter:data1\" content=\"2 minutes\" \/>\n<script type=\"application\/ld+json\" class=\"yoast-schema-graph\">{\"@context\":\"https:\\\/\\\/schema.org\",\"@graph\":[{\"@type\":\"WebPage\",\"@id\":\"https:\\\/\\\/ngb-fr.org\\\/index.php\\\/fr\\\/visites-dentreprises-3\\\/\",\"url\":\"https:\\\/\\\/ngb-fr.org\\\/index.php\\\/fr\\\/visites-dentreprises-3\\\/\",\"name\":\"Visites d'entreprises - Nouvelle G\u00e9n\u00e9ration des Biotechnologistes\",\"isPartOf\":{\"@id\":\"https:\\\/\\\/ngb-fr.org\\\/index.php\\\/fr\\\/materialis\\\/#website\"},\"primaryImageOfPage\":{\"@id\":\"https:\\\/\\\/ngb-fr.org\\\/index.php\\\/fr\\\/visites-dentreprises-3\\\/#primaryimage\"},\"image\":{\"@id\":\"https:\\\/\\\/ngb-fr.org\\\/index.php\\\/fr\\\/visites-dentreprises-3\\\/#primaryimage\"},\"thumbnailUrl\":\"https:\\\/\\\/ngb-fr.org\\\/wp-content\\\/uploads\\\/2022\\\/02\\\/VISI.png\",\"datePublished\":\"2022-02-20T17:56:12+00:00\",\"dateModified\":\"2022-02-23T10:01:25+00:00\",\"breadcrumb\":{\"@id\":\"https:\\\/\\\/ngb-fr.org\\\/index.php\\\/fr\\\/visites-dentreprises-3\\\/#breadcrumb\"},\"inLanguage\":\"fr-FR\",\"potentialAction\":[{\"@type\":\"ReadAction\",\"target\":[\"https:\\\/\\\/ngb-fr.org\\\/index.php\\\/fr\\\/visites-dentreprises-3\\\/\"]}]},{\"@type\":\"ImageObject\",\"inLanguage\":\"fr-FR\",\"@id\":\"https:\\\/\\\/ngb-fr.org\\\/index.php\\\/fr\\\/visites-dentreprises-3\\\/#primaryimage\",\"url\":\"https:\\\/\\\/ngb-fr.org\\\/wp-content\\\/uploads\\\/2022\\\/02\\\/VISI.png\",\"contentUrl\":\"https:\\\/\\\/ngb-fr.org\\\/wp-content\\\/uploads\\\/2022\\\/02\\\/VISI.png\",\"width\":1137,\"height\":436},{\"@type\":\"BreadcrumbList\",\"@id\":\"https:\\\/\\\/ngb-fr.org\\\/index.php\\\/fr\\\/visites-dentreprises-3\\\/#breadcrumb\",\"itemListElement\":[{\"@type\":\"ListItem\",\"position\":1,\"name\":\"Accueil\",\"item\":\"https:\\\/\\\/ngb-fr.org\\\/\"},{\"@type\":\"ListItem\",\"position\":2,\"name\":\"Visites d&#8217;entreprises\"}]},{\"@type\":\"WebSite\",\"@id\":\"https:\\\/\\\/ngb-fr.org\\\/index.php\\\/fr\\\/materialis\\\/#website\",\"url\":\"https:\\\/\\\/ngb-fr.org\\\/index.php\\\/fr\\\/materialis\\\/\",\"name\":\"Nouvelle G\u00e9n\u00e9ration des Biotechnologistes\",\"description\":\"\",\"publisher\":{\"@id\":\"https:\\\/\\\/ngb-fr.org\\\/index.php\\\/fr\\\/materialis\\\/#organization\"},\"potentialAction\":[{\"@type\":\"SearchAction\",\"target\":{\"@type\":\"EntryPoint\",\"urlTemplate\":\"https:\\\/\\\/ngb-fr.org\\\/index.php\\\/fr\\\/materialis\\\/?s={search_term_string}\"},\"query-input\":{\"@type\":\"PropertyValueSpecification\",\"valueRequired\":true,\"valueName\":\"search_term_string\"}}],\"inLanguage\":\"fr-FR\"},{\"@type\":\"Organization\",\"@id\":\"https:\\\/\\\/ngb-fr.org\\\/index.php\\\/fr\\\/materialis\\\/#organization\",\"name\":\"Nouvelle G\u00e9n\u00e9ration des Biotechnologistes\",\"url\":\"https:\\\/\\\/ngb-fr.org\\\/index.php\\\/fr\\\/materialis\\\/\",\"logo\":{\"@type\":\"ImageObject\",\"inLanguage\":\"fr-FR\",\"@id\":\"https:\\\/\\\/ngb-fr.org\\\/index.php\\\/fr\\\/materialis\\\/#\\\/schema\\\/logo\\\/image\\\/\",\"url\":\"https:\\\/\\\/ngb-fr.org\\\/wp-content\\\/uploads\\\/2019\\\/02\\\/cropped-1.png\",\"contentUrl\":\"https:\\\/\\\/ngb-fr.org\\\/wp-content\\\/uploads\\\/2019\\\/02\\\/cropped-1.png\",\"width\":1880,\"height\":1826,\"caption\":\"Nouvelle G\u00e9n\u00e9ration des Biotechnologistes\"},\"image\":{\"@id\":\"https:\\\/\\\/ngb-fr.org\\\/index.php\\\/fr\\\/materialis\\\/#\\\/schema\\\/logo\\\/image\\\/\"}}]}<\/script>\n<!-- \/ Yoast SEO plugin. -->","yoast_head_json":{"title":"Visites d'entreprises - Nouvelle G\u00e9n\u00e9ration des Biotechnologistes","robots":{"index":"index","follow":"follow","max-snippet":"max-snippet:-1","max-image-preview":"max-image-preview:large","max-video-preview":"max-video-preview:-1"},"canonical":"https:\/\/ngb-fr.org\/index.php\/fr\/visites-dentreprises-3\/","og_locale":"fr_FR","og_type":"article","og_title":"Visites d'entreprises - Nouvelle G\u00e9n\u00e9ration des Biotechnologistes","og_description":"Visite de Biosynex \u00a0 \u00a0 \u00a0 \u00a0 \u00a0 Le 31 janvier, deux groupes de 15 personnes ont eu l\u2019opportunit\u00e9 de visiter la belle entreprise de Biosynex situ\u00e9e sur le p\u00f4le api d\u2019Illkirch-Graffenstaden, proche de Strasbourg. C\u2019est une entreprise qui produit certains produits pour diff\u00e9rents diagnostics comme tests de grossesse, tests VIH\u2026 Nous avons eu une&nbsp;&hellip;","og_url":"https:\/\/ngb-fr.org\/index.php\/fr\/visites-dentreprises-3\/","og_site_name":"Nouvelle G\u00e9n\u00e9ration des Biotechnologistes","article_modified_time":"2022-02-23T10:01:25+00:00","og_image":[{"width":1137,"height":436,"url":"https:\/\/ngb-fr.org\/wp-content\/uploads\/2022\/02\/VISI.png","type":"image\/png"}],"twitter_card":"summary_large_image","twitter_misc":{"Dur\u00e9e de lecture estim\u00e9e":"2 minutes"},"schema":{"@context":"https:\/\/schema.org","@graph":[{"@type":"WebPage","@id":"https:\/\/ngb-fr.org\/index.php\/fr\/visites-dentreprises-3\/","url":"https:\/\/ngb-fr.org\/index.php\/fr\/visites-dentreprises-3\/","name":"Visites d'entreprises - Nouvelle G\u00e9n\u00e9ration des Biotechnologistes","isPartOf":{"@id":"https:\/\/ngb-fr.org\/index.php\/fr\/materialis\/#website"},"primaryImageOfPage":{"@id":"https:\/\/ngb-fr.org\/index.php\/fr\/visites-dentreprises-3\/#primaryimage"},"image":{"@id":"https:\/\/ngb-fr.org\/index.php\/fr\/visites-dentreprises-3\/#primaryimage"},"thumbnailUrl":"https:\/\/ngb-fr.org\/wp-content\/uploads\/2022\/02\/VISI.png","datePublished":"2022-02-20T17:56:12+00:00","dateModified":"2022-02-23T10:01:25+00:00","breadcrumb":{"@id":"https:\/\/ngb-fr.org\/index.php\/fr\/visites-dentreprises-3\/#breadcrumb"},"inLanguage":"fr-FR","potentialAction":[{"@type":"ReadAction","target":["https:\/\/ngb-fr.org\/index.php\/fr\/visites-dentreprises-3\/"]}]},{"@type":"ImageObject","inLanguage":"fr-FR","@id":"https:\/\/ngb-fr.org\/index.php\/fr\/visites-dentreprises-3\/#primaryimage","url":"https:\/\/ngb-fr.org\/wp-content\/uploads\/2022\/02\/VISI.png","contentUrl":"https:\/\/ngb-fr.org\/wp-content\/uploads\/2022\/02\/VISI.png","width":1137,"height":436},{"@type":"BreadcrumbList","@id":"https:\/\/ngb-fr.org\/index.php\/fr\/visites-dentreprises-3\/#breadcrumb","itemListElement":[{"@type":"ListItem","position":1,"name":"Accueil","item":"https:\/\/ngb-fr.org\/"},{"@type":"ListItem","position":2,"name":"Visites d&#8217;entreprises"}]},{"@type":"WebSite","@id":"https:\/\/ngb-fr.org\/index.php\/fr\/materialis\/#website","url":"https:\/\/ngb-fr.org\/index.php\/fr\/materialis\/","name":"Nouvelle G\u00e9n\u00e9ration des Biotechnologistes","description":"","publisher":{"@id":"https:\/\/ngb-fr.org\/index.php\/fr\/materialis\/#organization"},"potentialAction":[{"@type":"SearchAction","target":{"@type":"EntryPoint","urlTemplate":"https:\/\/ngb-fr.org\/index.php\/fr\/materialis\/?s={search_term_string}"},"query-input":{"@type":"PropertyValueSpecification","valueRequired":true,"valueName":"search_term_string"}}],"inLanguage":"fr-FR"},{"@type":"Organization","@id":"https:\/\/ngb-fr.org\/index.php\/fr\/materialis\/#organization","name":"Nouvelle G\u00e9n\u00e9ration des Biotechnologistes","url":"https:\/\/ngb-fr.org\/index.php\/fr\/materialis\/","logo":{"@type":"ImageObject","inLanguage":"fr-FR","@id":"https:\/\/ngb-fr.org\/index.php\/fr\/materialis\/#\/schema\/logo\/image\/","url":"https:\/\/ngb-fr.org\/wp-content\/uploads\/2019\/02\/cropped-1.png","contentUrl":"https:\/\/ngb-fr.org\/wp-content\/uploads\/2019\/02\/cropped-1.png","width":1880,"height":1826,"caption":"Nouvelle G\u00e9n\u00e9ration des Biotechnologistes"},"image":{"@id":"https:\/\/ngb-fr.org\/index.php\/fr\/materialis\/#\/schema\/logo\/image\/"}}]}},"jetpack_sharing_enabled":true,"_links":{"self":[{"href":"https:\/\/ngb-fr.org\/index.php\/wp-json\/wp\/v2\/pages\/864","targetHints":{"allow":["GET"]}}],"collection":[{"href":"https:\/\/ngb-fr.org\/index.php\/wp-json\/wp\/v2\/pages"}],"about":[{"href":"https:\/\/ngb-fr.org\/index.php\/wp-json\/wp\/v2\/types\/page"}],"author":[{"embeddable":true,"href":"https:\/\/ngb-fr.org\/index.php\/wp-json\/wp\/v2\/users\/2"}],"replies":[{"embeddable":true,"href":"https:\/\/ngb-fr.org\/index.php\/wp-json\/wp\/v2\/comments?post=864"}],"version-history":[{"count":21,"href":"https:\/\/ngb-fr.org\/index.php\/wp-json\/wp\/v2\/pages\/864\/revisions"}],"predecessor-version":[{"id":945,"href":"https:\/\/ngb-fr.org\/index.php\/wp-json\/wp\/v2\/pages\/864\/revisions\/945"}],"wp:featuredmedia":[{"embeddable":true,"href":"https:\/\/ngb-fr.org\/index.php\/wp-json\/wp\/v2\/media\/909"}],"wp:attachment":[{"href":"https:\/\/ngb-fr.org\/index.php\/wp-json\/wp\/v2\/media?parent=864"}],"curies":[{"name":"wp","href":"https:\/\/api.w.org\/{rel}","templated":true}]}}