{"id":880,"date":"2022-02-20T19:05:15","date_gmt":"2022-02-20T18:05:15","guid":{"rendered":"https:\/\/ngb-fr.org\/?page_id=880"},"modified":"2022-02-23T11:03:16","modified_gmt":"2022-02-23T10:03:16","slug":"visite-du-biotech-lab","status":"publish","type":"page","link":"https:\/\/ngb-fr.org\/index.php\/visite-du-biotech-lab\/","title":{"rendered":"Visite du Biotech Lab"},"content":{"rendered":"<p>Le 28 octobre 2021, <a href=\"https:\/\/www.linkedin.com\/in\/ghislain-auclair\/\">Ghislain Auclair<\/a> a permis aux \u00e9tudiants de l&rsquo;\u00e9cole de visiter le <a href=\"http:\/\/esbs.unistra.fr\/partenaires\/le-biotech-lab\/\">Biotech Lab<\/a>! Il situ\u00e9 dans les locaux de l&rsquo;ESBS \u00e0 Illkirch-Graffenstaden, proche de Strasbourg. Il s\u2019agit d\u2019un laboratoire ouvert de conception en Biologie mol\u00e9culaire et cellulaire, adoss\u00e9 \u00e0 un espace de coworking. Il est pr\u00e9vu pour r\u00e9pondre aux besoins des entrepreneurs, \u00e9tudiants, \u00e9l\u00e8ves ing\u00e9nieurs et industriels ayant des besoins de caract\u00e9risation, souhaitant r\u00e9aliser une preuve de concept ou un prototype.<\/p>\n<p><img loading=\"lazy\" decoding=\"async\" class=\"wp-image-897 alignleft\" src=\"http:\/\/ngb-fr.org\/wp-content\/uploads\/2022\/02\/IMG_5892-300x189.jpg\" alt=\"\" width=\"477\" height=\"301\" srcset=\"https:\/\/ngb-fr.org\/wp-content\/uploads\/2022\/02\/IMG_5892-300x189.jpg 300w, https:\/\/ngb-fr.org\/wp-content\/uploads\/2022\/02\/IMG_5892-1024x645.jpg 1024w, https:\/\/ngb-fr.org\/wp-content\/uploads\/2022\/02\/IMG_5892-768x484.jpg 768w, https:\/\/ngb-fr.org\/wp-content\/uploads\/2022\/02\/IMG_5892.jpg 1091w\" sizes=\"auto, (max-width: 477px) 100vw, 477px\" \/><img loading=\"lazy\" decoding=\"async\" class=\"wp-image-896 alignleft\" src=\"http:\/\/ngb-fr.org\/wp-content\/uploads\/2022\/02\/IMG_5923-300x221.jpg\" alt=\"\" width=\"466\" height=\"343\" srcset=\"https:\/\/ngb-fr.org\/wp-content\/uploads\/2022\/02\/IMG_5923-300x221.jpg 300w, https:\/\/ngb-fr.org\/wp-content\/uploads\/2022\/02\/IMG_5923-1024x753.jpg 1024w, https:\/\/ngb-fr.org\/wp-content\/uploads\/2022\/02\/IMG_5923-768x565.jpg 768w, https:\/\/ngb-fr.org\/wp-content\/uploads\/2022\/02\/IMG_5923.jpg 1125w\" sizes=\"auto, (max-width: 466px) 100vw, 466px\" \/><\/p>\n","protected":false},"excerpt":{"rendered":"<p>Le 28 octobre 2021, Ghislain Auclair a permis aux \u00e9tudiants de l&rsquo;\u00e9cole de visiter le Biotech Lab! Il situ\u00e9 dans les locaux de l&rsquo;ESBS \u00e0 Illkirch-Graffenstaden, proche de Strasbourg. Il s\u2019agit d\u2019un laboratoire ouvert de conception en Biologie mol\u00e9culaire et cellulaire, adoss\u00e9 \u00e0 un espace de coworking. Il est pr\u00e9vu pour r\u00e9pondre aux besoins des&nbsp;&hellip;<\/p>\n","protected":false},"author":2,"featured_media":0,"parent":0,"menu_order":0,"comment_status":"closed","ping_status":"closed","template":"","meta":{"footnotes":""},"class_list":["post-880","page","type-page","status-publish","hentry"],"yoast_head":"<!-- This site is optimized with the Yoast SEO plugin v27.4 - https:\/\/yoast.com\/product\/yoast-seo-wordpress\/ -->\n<title>Visite du Biotech Lab - Nouvelle G\u00e9n\u00e9ration des Biotechnologistes<\/title>\n<meta name=\"robots\" content=\"index, follow, max-snippet:-1, max-image-preview:large, max-video-preview:-1\" \/>\n<link rel=\"canonical\" href=\"https:\/\/ngb-fr.org\/index.php\/fr\/visite-du-biotech-lab\/\" \/>\n<meta property=\"og:locale\" content=\"fr_FR\" \/>\n<meta property=\"og:type\" content=\"article\" \/>\n<meta property=\"og:title\" content=\"Visite du Biotech Lab - Nouvelle G\u00e9n\u00e9ration des Biotechnologistes\" \/>\n<meta property=\"og:description\" content=\"Le 28 octobre 2021, Ghislain Auclair a permis aux \u00e9tudiants de l&rsquo;\u00e9cole de visiter le Biotech Lab! Il situ\u00e9 dans les locaux de l&rsquo;ESBS \u00e0 Illkirch-Graffenstaden, proche de Strasbourg. Il s\u2019agit d\u2019un laboratoire ouvert de conception en Biologie mol\u00e9culaire et cellulaire, adoss\u00e9 \u00e0 un espace de coworking. Il est pr\u00e9vu pour r\u00e9pondre aux besoins des&nbsp;&hellip;\" \/>\n<meta property=\"og:url\" content=\"https:\/\/ngb-fr.org\/index.php\/fr\/visite-du-biotech-lab\/\" \/>\n<meta property=\"og:site_name\" content=\"Nouvelle G\u00e9n\u00e9ration des Biotechnologistes\" \/>\n<meta property=\"article:modified_time\" content=\"2022-02-23T10:03:16+00:00\" \/>\n<meta property=\"og:image\" content=\"http:\/\/ngb-fr.org\/wp-content\/uploads\/2022\/02\/IMG_5892-300x189.jpg\" \/>\n<meta name=\"twitter:card\" content=\"summary_large_image\" \/>\n<meta name=\"twitter:label1\" content=\"Dur\u00e9e de lecture estim\u00e9e\" \/>\n\t<meta name=\"twitter:data1\" content=\"1 minute\" \/>\n<script type=\"application\/ld+json\" class=\"yoast-schema-graph\">{\"@context\":\"https:\\\/\\\/schema.org\",\"@graph\":[{\"@type\":\"WebPage\",\"@id\":\"https:\\\/\\\/ngb-fr.org\\\/index.php\\\/fr\\\/visite-du-biotech-lab\\\/\",\"url\":\"https:\\\/\\\/ngb-fr.org\\\/index.php\\\/fr\\\/visite-du-biotech-lab\\\/\",\"name\":\"Visite du Biotech Lab - Nouvelle G\u00e9n\u00e9ration des Biotechnologistes\",\"isPartOf\":{\"@id\":\"https:\\\/\\\/ngb-fr.org\\\/index.php\\\/fr\\\/materialis\\\/#website\"},\"primaryImageOfPage\":{\"@id\":\"https:\\\/\\\/ngb-fr.org\\\/index.php\\\/fr\\\/visite-du-biotech-lab\\\/#primaryimage\"},\"image\":{\"@id\":\"https:\\\/\\\/ngb-fr.org\\\/index.php\\\/fr\\\/visite-du-biotech-lab\\\/#primaryimage\"},\"thumbnailUrl\":\"http:\\\/\\\/ngb-fr.org\\\/wp-content\\\/uploads\\\/2022\\\/02\\\/IMG_5892-300x189.jpg\",\"datePublished\":\"2022-02-20T18:05:15+00:00\",\"dateModified\":\"2022-02-23T10:03:16+00:00\",\"breadcrumb\":{\"@id\":\"https:\\\/\\\/ngb-fr.org\\\/index.php\\\/fr\\\/visite-du-biotech-lab\\\/#breadcrumb\"},\"inLanguage\":\"fr-FR\",\"potentialAction\":[{\"@type\":\"ReadAction\",\"target\":[\"https:\\\/\\\/ngb-fr.org\\\/index.php\\\/fr\\\/visite-du-biotech-lab\\\/\"]}]},{\"@type\":\"ImageObject\",\"inLanguage\":\"fr-FR\",\"@id\":\"https:\\\/\\\/ngb-fr.org\\\/index.php\\\/fr\\\/visite-du-biotech-lab\\\/#primaryimage\",\"url\":\"http:\\\/\\\/ngb-fr.org\\\/wp-content\\\/uploads\\\/2022\\\/02\\\/IMG_5892-300x189.jpg\",\"contentUrl\":\"http:\\\/\\\/ngb-fr.org\\\/wp-content\\\/uploads\\\/2022\\\/02\\\/IMG_5892-300x189.jpg\"},{\"@type\":\"BreadcrumbList\",\"@id\":\"https:\\\/\\\/ngb-fr.org\\\/index.php\\\/fr\\\/visite-du-biotech-lab\\\/#breadcrumb\",\"itemListElement\":[{\"@type\":\"ListItem\",\"position\":1,\"name\":\"Accueil\",\"item\":\"https:\\\/\\\/ngb-fr.org\\\/\"},{\"@type\":\"ListItem\",\"position\":2,\"name\":\"Visite du Biotech Lab\"}]},{\"@type\":\"WebSite\",\"@id\":\"https:\\\/\\\/ngb-fr.org\\\/index.php\\\/fr\\\/materialis\\\/#website\",\"url\":\"https:\\\/\\\/ngb-fr.org\\\/index.php\\\/fr\\\/materialis\\\/\",\"name\":\"Nouvelle G\u00e9n\u00e9ration des Biotechnologistes\",\"description\":\"\",\"publisher\":{\"@id\":\"https:\\\/\\\/ngb-fr.org\\\/index.php\\\/fr\\\/materialis\\\/#organization\"},\"potentialAction\":[{\"@type\":\"SearchAction\",\"target\":{\"@type\":\"EntryPoint\",\"urlTemplate\":\"https:\\\/\\\/ngb-fr.org\\\/index.php\\\/fr\\\/materialis\\\/?s={search_term_string}\"},\"query-input\":{\"@type\":\"PropertyValueSpecification\",\"valueRequired\":true,\"valueName\":\"search_term_string\"}}],\"inLanguage\":\"fr-FR\"},{\"@type\":\"Organization\",\"@id\":\"https:\\\/\\\/ngb-fr.org\\\/index.php\\\/fr\\\/materialis\\\/#organization\",\"name\":\"Nouvelle G\u00e9n\u00e9ration des Biotechnologistes\",\"url\":\"https:\\\/\\\/ngb-fr.org\\\/index.php\\\/fr\\\/materialis\\\/\",\"logo\":{\"@type\":\"ImageObject\",\"inLanguage\":\"fr-FR\",\"@id\":\"https:\\\/\\\/ngb-fr.org\\\/index.php\\\/fr\\\/materialis\\\/#\\\/schema\\\/logo\\\/image\\\/\",\"url\":\"https:\\\/\\\/ngb-fr.org\\\/wp-content\\\/uploads\\\/2019\\\/02\\\/cropped-1.png\",\"contentUrl\":\"https:\\\/\\\/ngb-fr.org\\\/wp-content\\\/uploads\\\/2019\\\/02\\\/cropped-1.png\",\"width\":1880,\"height\":1826,\"caption\":\"Nouvelle G\u00e9n\u00e9ration des Biotechnologistes\"},\"image\":{\"@id\":\"https:\\\/\\\/ngb-fr.org\\\/index.php\\\/fr\\\/materialis\\\/#\\\/schema\\\/logo\\\/image\\\/\"}}]}<\/script>\n<!-- \/ Yoast SEO plugin. -->","yoast_head_json":{"title":"Visite du Biotech Lab - Nouvelle G\u00e9n\u00e9ration des Biotechnologistes","robots":{"index":"index","follow":"follow","max-snippet":"max-snippet:-1","max-image-preview":"max-image-preview:large","max-video-preview":"max-video-preview:-1"},"canonical":"https:\/\/ngb-fr.org\/index.php\/fr\/visite-du-biotech-lab\/","og_locale":"fr_FR","og_type":"article","og_title":"Visite du Biotech Lab - Nouvelle G\u00e9n\u00e9ration des Biotechnologistes","og_description":"Le 28 octobre 2021, Ghislain Auclair a permis aux \u00e9tudiants de l&rsquo;\u00e9cole de visiter le Biotech Lab! Il situ\u00e9 dans les locaux de l&rsquo;ESBS \u00e0 Illkirch-Graffenstaden, proche de Strasbourg. Il s\u2019agit d\u2019un laboratoire ouvert de conception en Biologie mol\u00e9culaire et cellulaire, adoss\u00e9 \u00e0 un espace de coworking. Il est pr\u00e9vu pour r\u00e9pondre aux besoins des&nbsp;&hellip;","og_url":"https:\/\/ngb-fr.org\/index.php\/fr\/visite-du-biotech-lab\/","og_site_name":"Nouvelle G\u00e9n\u00e9ration des Biotechnologistes","article_modified_time":"2022-02-23T10:03:16+00:00","og_image":[{"url":"http:\/\/ngb-fr.org\/wp-content\/uploads\/2022\/02\/IMG_5892-300x189.jpg","type":"","width":"","height":""}],"twitter_card":"summary_large_image","twitter_misc":{"Dur\u00e9e de lecture estim\u00e9e":"1 minute"},"schema":{"@context":"https:\/\/schema.org","@graph":[{"@type":"WebPage","@id":"https:\/\/ngb-fr.org\/index.php\/fr\/visite-du-biotech-lab\/","url":"https:\/\/ngb-fr.org\/index.php\/fr\/visite-du-biotech-lab\/","name":"Visite du Biotech Lab - Nouvelle G\u00e9n\u00e9ration des Biotechnologistes","isPartOf":{"@id":"https:\/\/ngb-fr.org\/index.php\/fr\/materialis\/#website"},"primaryImageOfPage":{"@id":"https:\/\/ngb-fr.org\/index.php\/fr\/visite-du-biotech-lab\/#primaryimage"},"image":{"@id":"https:\/\/ngb-fr.org\/index.php\/fr\/visite-du-biotech-lab\/#primaryimage"},"thumbnailUrl":"http:\/\/ngb-fr.org\/wp-content\/uploads\/2022\/02\/IMG_5892-300x189.jpg","datePublished":"2022-02-20T18:05:15+00:00","dateModified":"2022-02-23T10:03:16+00:00","breadcrumb":{"@id":"https:\/\/ngb-fr.org\/index.php\/fr\/visite-du-biotech-lab\/#breadcrumb"},"inLanguage":"fr-FR","potentialAction":[{"@type":"ReadAction","target":["https:\/\/ngb-fr.org\/index.php\/fr\/visite-du-biotech-lab\/"]}]},{"@type":"ImageObject","inLanguage":"fr-FR","@id":"https:\/\/ngb-fr.org\/index.php\/fr\/visite-du-biotech-lab\/#primaryimage","url":"http:\/\/ngb-fr.org\/wp-content\/uploads\/2022\/02\/IMG_5892-300x189.jpg","contentUrl":"http:\/\/ngb-fr.org\/wp-content\/uploads\/2022\/02\/IMG_5892-300x189.jpg"},{"@type":"BreadcrumbList","@id":"https:\/\/ngb-fr.org\/index.php\/fr\/visite-du-biotech-lab\/#breadcrumb","itemListElement":[{"@type":"ListItem","position":1,"name":"Accueil","item":"https:\/\/ngb-fr.org\/"},{"@type":"ListItem","position":2,"name":"Visite du Biotech Lab"}]},{"@type":"WebSite","@id":"https:\/\/ngb-fr.org\/index.php\/fr\/materialis\/#website","url":"https:\/\/ngb-fr.org\/index.php\/fr\/materialis\/","name":"Nouvelle G\u00e9n\u00e9ration des Biotechnologistes","description":"","publisher":{"@id":"https:\/\/ngb-fr.org\/index.php\/fr\/materialis\/#organization"},"potentialAction":[{"@type":"SearchAction","target":{"@type":"EntryPoint","urlTemplate":"https:\/\/ngb-fr.org\/index.php\/fr\/materialis\/?s={search_term_string}"},"query-input":{"@type":"PropertyValueSpecification","valueRequired":true,"valueName":"search_term_string"}}],"inLanguage":"fr-FR"},{"@type":"Organization","@id":"https:\/\/ngb-fr.org\/index.php\/fr\/materialis\/#organization","name":"Nouvelle G\u00e9n\u00e9ration des Biotechnologistes","url":"https:\/\/ngb-fr.org\/index.php\/fr\/materialis\/","logo":{"@type":"ImageObject","inLanguage":"fr-FR","@id":"https:\/\/ngb-fr.org\/index.php\/fr\/materialis\/#\/schema\/logo\/image\/","url":"https:\/\/ngb-fr.org\/wp-content\/uploads\/2019\/02\/cropped-1.png","contentUrl":"https:\/\/ngb-fr.org\/wp-content\/uploads\/2019\/02\/cropped-1.png","width":1880,"height":1826,"caption":"Nouvelle G\u00e9n\u00e9ration des Biotechnologistes"},"image":{"@id":"https:\/\/ngb-fr.org\/index.php\/fr\/materialis\/#\/schema\/logo\/image\/"}}]}},"jetpack_sharing_enabled":true,"_links":{"self":[{"href":"https:\/\/ngb-fr.org\/index.php\/wp-json\/wp\/v2\/pages\/880","targetHints":{"allow":["GET"]}}],"collection":[{"href":"https:\/\/ngb-fr.org\/index.php\/wp-json\/wp\/v2\/pages"}],"about":[{"href":"https:\/\/ngb-fr.org\/index.php\/wp-json\/wp\/v2\/types\/page"}],"author":[{"embeddable":true,"href":"https:\/\/ngb-fr.org\/index.php\/wp-json\/wp\/v2\/users\/2"}],"replies":[{"embeddable":true,"href":"https:\/\/ngb-fr.org\/index.php\/wp-json\/wp\/v2\/comments?post=880"}],"version-history":[{"count":4,"href":"https:\/\/ngb-fr.org\/index.php\/wp-json\/wp\/v2\/pages\/880\/revisions"}],"predecessor-version":[{"id":907,"href":"https:\/\/ngb-fr.org\/index.php\/wp-json\/wp\/v2\/pages\/880\/revisions\/907"}],"wp:attachment":[{"href":"https:\/\/ngb-fr.org\/index.php\/wp-json\/wp\/v2\/media?parent=880"}],"curies":[{"name":"wp","href":"https:\/\/api.w.org\/{rel}","templated":true}]}}